
{"id":16429,"date":"2023-06-30T18:00:18","date_gmt":"2023-06-30T18:00:18","guid":{"rendered":"https:\/\/daisyjames.dev001.booom.digital\/collection\/the-flowery-pastel\/"},"modified":"2025-11-03T10:47:09","modified_gmt":"2025-11-03T10:47:09","slug":"the-flowery-pastel","status":"publish","type":"product","link":"https:\/\/daisyjames.eu\/fr\/collections\/the-flowery-pastel\/","title":{"rendered":"The Flowery Pastel"},"content":{"rendered":"","protected":false},"excerpt":{"rendered":"<p><em>Le<\/em> papier peint <em>&#8220;The Flowery&#8221;<\/em> de <strong>daisy james<\/strong> c\u00e9l\u00e8bre la splendeur de la vie v\u00e9g\u00e9tale de la plan\u00e8te. Avec ses couleurs huileuses, ses d\u00e9tails complexes et son action vivante, il transforme votre mur en un harmonieux bouquet de beaut\u00e9. Une v\u00e9ritable c\u00e9l\u00e9bration des merveilles de la nature !<\/p>\n","protected":false},"featured_media":12571,"comment_status":"closed","ping_status":"closed","template":"","meta":{"_acf_changed":false},"product_brand":[],"product_cat":[533],"product_tag":[],"class_list":{"0":"post-16429","1":"product","2":"type-product","3":"status-publish","4":"has-post-thumbnail","6":"product_cat-modern-florals-fr","7":"pa_colour-light-blue-fr","8":"pa_colour-blue-and-white-fr","9":"pa_colour-multi-colours-fr","10":"pa_colour-pastel-fr","11":"pa_colour-rose","12":"pa_colour-rouge","13":"pa_colour-terra-fr","14":"pa_theme-leaves-fr","15":"pa_theme-flowers-fr","16":"pa_theme-nature-fr","18":"first","19":"instock","20":"purchasable","21":"product-type-simple"},"acf":[],"yoast_head":"<!-- This site is optimized with the Yoast SEO Premium plugin v27.3 (Yoast SEO v27.3) - https:\/\/yoast.com\/product\/yoast-seo-premium-wordpress\/ -->\n<title>The Flowery Pastel - Papier peint | daisy james<\/title>\n<meta name=\"description\" content=\"C\u00e9l\u00e9brez la splendeur de la nature avec le papier peint &quot;The Flowery pastel&quot; de daisy james. Avec ses couleurs huileuses, ses d\u00e9tails complexes et ses mouvements vifs, ce motif transforme votre mur en un bouquet harmonieux de beaut\u00e9 naturelle.\" \/>\n<meta name=\"robots\" content=\"index, follow, max-snippet:-1, max-image-preview:large, max-video-preview:-1\" \/>\n<link rel=\"canonical\" href=\"https:\/\/daisyjames.eu\/fr\/collections\/the-flowery-pastel\/\" \/>\n<script type=\"application\/ld+json\" class=\"yoast-schema-graph\">{\"@context\":\"https:\\\/\\\/schema.org\",\"@graph\":[{\"@type\":\"WebPage\",\"@id\":\"https:\\\/\\\/daisyjames.eu\\\/fr\\\/collections\\\/the-flowery-pastel\\\/\",\"url\":\"https:\\\/\\\/daisyjames.eu\\\/fr\\\/collections\\\/the-flowery-pastel\\\/\",\"name\":\"The Flowery Pastel - Papier peint | daisy james\",\"isPartOf\":{\"@id\":\"https:\\\/\\\/daisyjames.eu\\\/#website\"},\"primaryImageOfPage\":{\"@id\":\"https:\\\/\\\/daisyjames.eu\\\/fr\\\/collections\\\/the-flowery-pastel\\\/#primaryimage\"},\"image\":{\"@id\":\"https:\\\/\\\/daisyjames.eu\\\/fr\\\/collections\\\/the-flowery-pastel\\\/#primaryimage\"},\"thumbnailUrl\":\"https:\\\/\\\/daisyjames.eu\\\/wp-content\\\/uploads\\\/2024\\\/07\\\/dj270-the-flowery-pastel-1-scaled.jpg\",\"datePublished\":\"2023-06-30T18:00:18+00:00\",\"dateModified\":\"2025-11-03T10:47:09+00:00\",\"description\":\"C\u00e9l\u00e9brez la splendeur de la nature avec le papier peint \\\"The Flowery pastel\\\" de daisy james. Avec ses couleurs huileuses, ses d\u00e9tails complexes et ses mouvements vifs, ce motif transforme votre mur en un bouquet harmonieux de beaut\u00e9 naturelle.\",\"breadcrumb\":{\"@id\":\"https:\\\/\\\/daisyjames.eu\\\/fr\\\/collections\\\/the-flowery-pastel\\\/#breadcrumb\"},\"inLanguage\":\"fr-FR\",\"potentialAction\":[{\"@type\":\"ReadAction\",\"target\":[\"https:\\\/\\\/daisyjames.eu\\\/fr\\\/collections\\\/the-flowery-pastel\\\/\"]}]},{\"@type\":\"ImageObject\",\"inLanguage\":\"fr-FR\",\"@id\":\"https:\\\/\\\/daisyjames.eu\\\/fr\\\/collections\\\/the-flowery-pastel\\\/#primaryimage\",\"url\":\"https:\\\/\\\/daisyjames.eu\\\/wp-content\\\/uploads\\\/2024\\\/07\\\/dj270-the-flowery-pastel-1-scaled.jpg\",\"contentUrl\":\"https:\\\/\\\/daisyjames.eu\\\/wp-content\\\/uploads\\\/2024\\\/07\\\/dj270-the-flowery-pastel-1-scaled.jpg\",\"width\":1707,\"height\":2560},{\"@type\":\"BreadcrumbList\",\"@id\":\"https:\\\/\\\/daisyjames.eu\\\/fr\\\/collections\\\/the-flowery-pastel\\\/#breadcrumb\",\"itemListElement\":[{\"@type\":\"ListItem\",\"position\":1,\"name\":\"Home\",\"item\":\"https:\\\/\\\/daisyjames.eu\\\/fr\\\/\"},{\"@type\":\"ListItem\",\"position\":2,\"name\":\"Tous les rev\u00eatements muraux\",\"item\":\"https:\\\/\\\/daisyjames.eu\\\/fr\\\/boutique\\\/\"},{\"@type\":\"ListItem\",\"position\":3,\"name\":\"The Flowery Pastel\"}]},{\"@type\":\"WebSite\",\"@id\":\"https:\\\/\\\/daisyjames.eu\\\/#website\",\"url\":\"https:\\\/\\\/daisyjames.eu\\\/\",\"name\":\"Daisy James\",\"description\":\"\",\"publisher\":{\"@id\":\"https:\\\/\\\/daisyjames.eu\\\/#organization\"},\"potentialAction\":[{\"@type\":\"SearchAction\",\"target\":{\"@type\":\"EntryPoint\",\"urlTemplate\":\"https:\\\/\\\/daisyjames.eu\\\/?s={search_term_string}\"},\"query-input\":{\"@type\":\"PropertyValueSpecification\",\"valueRequired\":true,\"valueName\":\"search_term_string\"}}],\"inLanguage\":\"fr-FR\"},{\"@type\":\"Organization\",\"@id\":\"https:\\\/\\\/daisyjames.eu\\\/#organization\",\"name\":\"Daisy James\",\"url\":\"https:\\\/\\\/daisyjames.eu\\\/\",\"logo\":{\"@type\":\"ImageObject\",\"inLanguage\":\"fr-FR\",\"@id\":\"https:\\\/\\\/daisyjames.eu\\\/#\\\/schema\\\/logo\\\/image\\\/\",\"url\":\"https:\\\/\\\/daisyjames.eu\\\/wp-content\\\/uploads\\\/2024\\\/09\\\/LogoDJzwart-1.png\",\"contentUrl\":\"https:\\\/\\\/daisyjames.eu\\\/wp-content\\\/uploads\\\/2024\\\/09\\\/LogoDJzwart-1.png\",\"width\":1125,\"height\":199,\"caption\":\"Daisy James\"},\"image\":{\"@id\":\"https:\\\/\\\/daisyjames.eu\\\/#\\\/schema\\\/logo\\\/image\\\/\"},\"sameAs\":[\"https:\\\/\\\/www.facebook.com\\\/Daisyjamesinteriorwallcovering\\\/\",\"https:\\\/\\\/x.com\\\/daisyjamesinterior\",\"https:\\\/\\\/pinterest.com\\\/daisyjameswallcovers\\\/\",\"https:\\\/\\\/nl.linkedin.com\\\/company\\\/d-a-i-s-y-j-a-m-e-s-interior-collection\"]}]}<\/script>\n<!-- \/ Yoast SEO Premium plugin. -->","yoast_head_json":{"title":"The Flowery Pastel - Papier peint | daisy james","description":"C\u00e9l\u00e9brez la splendeur de la nature avec le papier peint \"The Flowery pastel\" de daisy james. Avec ses couleurs huileuses, ses d\u00e9tails complexes et ses mouvements vifs, ce motif transforme votre mur en un bouquet harmonieux de beaut\u00e9 naturelle.","robots":{"index":"index","follow":"follow","max-snippet":"max-snippet:-1","max-image-preview":"max-image-preview:large","max-video-preview":"max-video-preview:-1"},"canonical":"https:\/\/daisyjames.eu\/fr\/collections\/the-flowery-pastel\/","schema":{"@context":"https:\/\/schema.org","@graph":[{"@type":"WebPage","@id":"https:\/\/daisyjames.eu\/fr\/collections\/the-flowery-pastel\/","url":"https:\/\/daisyjames.eu\/fr\/collections\/the-flowery-pastel\/","name":"The Flowery Pastel - Papier peint | daisy james","isPartOf":{"@id":"https:\/\/daisyjames.eu\/#website"},"primaryImageOfPage":{"@id":"https:\/\/daisyjames.eu\/fr\/collections\/the-flowery-pastel\/#primaryimage"},"image":{"@id":"https:\/\/daisyjames.eu\/fr\/collections\/the-flowery-pastel\/#primaryimage"},"thumbnailUrl":"https:\/\/daisyjames.eu\/wp-content\/uploads\/2024\/07\/dj270-the-flowery-pastel-1-scaled.jpg","datePublished":"2023-06-30T18:00:18+00:00","dateModified":"2025-11-03T10:47:09+00:00","description":"C\u00e9l\u00e9brez la splendeur de la nature avec le papier peint \"The Flowery pastel\" de daisy james. Avec ses couleurs huileuses, ses d\u00e9tails complexes et ses mouvements vifs, ce motif transforme votre mur en un bouquet harmonieux de beaut\u00e9 naturelle.","breadcrumb":{"@id":"https:\/\/daisyjames.eu\/fr\/collections\/the-flowery-pastel\/#breadcrumb"},"inLanguage":"fr-FR","potentialAction":[{"@type":"ReadAction","target":["https:\/\/daisyjames.eu\/fr\/collections\/the-flowery-pastel\/"]}]},{"@type":"ImageObject","inLanguage":"fr-FR","@id":"https:\/\/daisyjames.eu\/fr\/collections\/the-flowery-pastel\/#primaryimage","url":"https:\/\/daisyjames.eu\/wp-content\/uploads\/2024\/07\/dj270-the-flowery-pastel-1-scaled.jpg","contentUrl":"https:\/\/daisyjames.eu\/wp-content\/uploads\/2024\/07\/dj270-the-flowery-pastel-1-scaled.jpg","width":1707,"height":2560},{"@type":"BreadcrumbList","@id":"https:\/\/daisyjames.eu\/fr\/collections\/the-flowery-pastel\/#breadcrumb","itemListElement":[{"@type":"ListItem","position":1,"name":"Home","item":"https:\/\/daisyjames.eu\/fr\/"},{"@type":"ListItem","position":2,"name":"Tous les rev\u00eatements muraux","item":"https:\/\/daisyjames.eu\/fr\/boutique\/"},{"@type":"ListItem","position":3,"name":"The Flowery Pastel"}]},{"@type":"WebSite","@id":"https:\/\/daisyjames.eu\/#website","url":"https:\/\/daisyjames.eu\/","name":"Daisy James","description":"","publisher":{"@id":"https:\/\/daisyjames.eu\/#organization"},"potentialAction":[{"@type":"SearchAction","target":{"@type":"EntryPoint","urlTemplate":"https:\/\/daisyjames.eu\/?s={search_term_string}"},"query-input":{"@type":"PropertyValueSpecification","valueRequired":true,"valueName":"search_term_string"}}],"inLanguage":"fr-FR"},{"@type":"Organization","@id":"https:\/\/daisyjames.eu\/#organization","name":"Daisy James","url":"https:\/\/daisyjames.eu\/","logo":{"@type":"ImageObject","inLanguage":"fr-FR","@id":"https:\/\/daisyjames.eu\/#\/schema\/logo\/image\/","url":"https:\/\/daisyjames.eu\/wp-content\/uploads\/2024\/09\/LogoDJzwart-1.png","contentUrl":"https:\/\/daisyjames.eu\/wp-content\/uploads\/2024\/09\/LogoDJzwart-1.png","width":1125,"height":199,"caption":"Daisy James"},"image":{"@id":"https:\/\/daisyjames.eu\/#\/schema\/logo\/image\/"},"sameAs":["https:\/\/www.facebook.com\/Daisyjamesinteriorwallcovering\/","https:\/\/x.com\/daisyjamesinterior","https:\/\/pinterest.com\/daisyjameswallcovers\/","https:\/\/nl.linkedin.com\/company\/d-a-i-s-y-j-a-m-e-s-interior-collection"]}]}},"_links":{"self":[{"href":"https:\/\/daisyjames.eu\/fr\/wp-json\/wp\/v2\/product\/16429","targetHints":{"allow":["GET"]}}],"collection":[{"href":"https:\/\/daisyjames.eu\/fr\/wp-json\/wp\/v2\/product"}],"about":[{"href":"https:\/\/daisyjames.eu\/fr\/wp-json\/wp\/v2\/types\/product"}],"replies":[{"embeddable":true,"href":"https:\/\/daisyjames.eu\/fr\/wp-json\/wp\/v2\/comments?post=16429"}],"wp:featuredmedia":[{"embeddable":true,"href":"https:\/\/daisyjames.eu\/fr\/wp-json\/wp\/v2\/media\/12571"}],"wp:attachment":[{"href":"https:\/\/daisyjames.eu\/fr\/wp-json\/wp\/v2\/media?parent=16429"}],"wp:term":[{"taxonomy":"product_brand","embeddable":true,"href":"https:\/\/daisyjames.eu\/fr\/wp-json\/wp\/v2\/product_brand?post=16429"},{"taxonomy":"product_cat","embeddable":true,"href":"https:\/\/daisyjames.eu\/fr\/wp-json\/wp\/v2\/product_cat?post=16429"},{"taxonomy":"product_tag","embeddable":true,"href":"https:\/\/daisyjames.eu\/fr\/wp-json\/wp\/v2\/product_tag?post=16429"}],"curies":[{"name":"wp","href":"https:\/\/api.w.org\/{rel}","templated":true}]}}