
{"id":16803,"date":"2023-06-30T17:05:47","date_gmt":"2023-06-30T17:05:47","guid":{"rendered":"https:\/\/daisyjames.dev001.booom.digital\/collection\/the-xylo\/"},"modified":"2026-03-24T10:47:16","modified_gmt":"2026-03-24T10:47:16","slug":"the-xylo","status":"publish","type":"product","link":"https:\/\/daisyjames.eu\/fr\/collections\/the-xylo\/","title":{"rendered":"The Xylo"},"content":{"rendered":"","protected":false},"excerpt":{"rendered":"<p>Notre papier peint <strong>daisy james<\/strong><em> &#8220;The Xylo&#8221;<\/em> pr\u00e9sente d&#8217;innombrables lignes verticales, cr\u00e9ant un papier peint avec un sens distinct de la direction. Cette pi\u00e8ce abstraite est une explosion de formes, de couleurs et de figures, \u00e9voquant des impressions diff\u00e9rentes pour chaque observateur. C&#8217;est un motif captivant qui suscite des interpr\u00e9tations individuelles et ajoute une touche d&#8217;originalit\u00e9 \u00e0 n&#8217;importe quel espace.<\/p>\n","protected":false},"featured_media":35925,"comment_status":"closed","ping_status":"closed","template":"","meta":{"_acf_changed":false},"product_brand":[],"product_cat":[507,543],"product_tag":[],"class_list":{"0":"post-16803","1":"product","2":"type-product","3":"status-publish","4":"has-post-thumbnail","6":"product_cat-expressive-statement-fr","7":"product_cat-refined-luxe-fr","8":"pa_colour-beige-fr","9":"pa_colour-greys-fr","10":"pa_colour-multi-colours-fr","11":"pa_colour-pastel-fr","12":"pa_colour-rose","13":"pa_colour-salmon-fr","14":"pa_colour-terra-fr","15":"pa_theme-graphic-fr","17":"first","18":"instock","19":"purchasable","20":"product-type-simple"},"acf":[],"yoast_head":"<!-- This site is optimized with the Yoast SEO Premium plugin v27.3 (Yoast SEO v27.3) - https:\/\/yoast.com\/product\/yoast-seo-premium-wordpress\/ -->\n<title>The Xylo - Papier peint design | daisy james<\/title>\n<meta name=\"description\" content=\"D\u00e9couvrez le papier peint &quot;The Xylo&quot; de daisy james, compos\u00e9 d&#039;innombrables lignes verticales qui cr\u00e9ent un sens dynamique de la direction. Ce motif abstrait m\u00e9lange les formes, les couleurs et les figures, suscitant des interpr\u00e9tations uniques et ajoutant un caract\u00e8re distinct \u00e0 tout espace.\" \/>\n<meta name=\"robots\" content=\"index, follow, max-snippet:-1, max-image-preview:large, max-video-preview:-1\" \/>\n<link rel=\"canonical\" href=\"https:\/\/daisyjames.eu\/fr\/collections\/the-xylo\/\" \/>\n<script type=\"application\/ld+json\" class=\"yoast-schema-graph\">{\"@context\":\"https:\\\/\\\/schema.org\",\"@graph\":[{\"@type\":\"WebPage\",\"@id\":\"https:\\\/\\\/daisyjames.eu\\\/fr\\\/collections\\\/the-xylo\\\/\",\"url\":\"https:\\\/\\\/daisyjames.eu\\\/fr\\\/collections\\\/the-xylo\\\/\",\"name\":\"The Xylo - Papier peint design | daisy james\",\"isPartOf\":{\"@id\":\"https:\\\/\\\/daisyjames.eu\\\/fr\\\/#website\"},\"primaryImageOfPage\":{\"@id\":\"https:\\\/\\\/daisyjames.eu\\\/fr\\\/collections\\\/the-xylo\\\/#primaryimage\"},\"image\":{\"@id\":\"https:\\\/\\\/daisyjames.eu\\\/fr\\\/collections\\\/the-xylo\\\/#primaryimage\"},\"thumbnailUrl\":\"https:\\\/\\\/daisyjames.eu\\\/wp-content\\\/uploads\\\/2024\\\/07\\\/dj303-the-xylo-1-scaled.jpg\",\"datePublished\":\"2023-06-30T17:05:47+00:00\",\"dateModified\":\"2026-03-24T10:47:16+00:00\",\"description\":\"D\u00e9couvrez le papier peint \\\"The Xylo\\\" de daisy james, compos\u00e9 d'innombrables lignes verticales qui cr\u00e9ent un sens dynamique de la direction. Ce motif abstrait m\u00e9lange les formes, les couleurs et les figures, suscitant des interpr\u00e9tations uniques et ajoutant un caract\u00e8re distinct \u00e0 tout espace.\",\"breadcrumb\":{\"@id\":\"https:\\\/\\\/daisyjames.eu\\\/fr\\\/collections\\\/the-xylo\\\/#breadcrumb\"},\"inLanguage\":\"fr-FR\",\"potentialAction\":[{\"@type\":\"ReadAction\",\"target\":[\"https:\\\/\\\/daisyjames.eu\\\/fr\\\/collections\\\/the-xylo\\\/\"]}]},{\"@type\":\"ImageObject\",\"inLanguage\":\"fr-FR\",\"@id\":\"https:\\\/\\\/daisyjames.eu\\\/fr\\\/collections\\\/the-xylo\\\/#primaryimage\",\"url\":\"https:\\\/\\\/daisyjames.eu\\\/wp-content\\\/uploads\\\/2024\\\/07\\\/dj303-the-xylo-1-scaled.jpg\",\"contentUrl\":\"https:\\\/\\\/daisyjames.eu\\\/wp-content\\\/uploads\\\/2024\\\/07\\\/dj303-the-xylo-1-scaled.jpg\",\"width\":2560,\"height\":1716},{\"@type\":\"BreadcrumbList\",\"@id\":\"https:\\\/\\\/daisyjames.eu\\\/fr\\\/collections\\\/the-xylo\\\/#breadcrumb\",\"itemListElement\":[{\"@type\":\"ListItem\",\"position\":1,\"name\":\"Home\",\"item\":\"https:\\\/\\\/daisyjames.eu\\\/fr\\\/\"},{\"@type\":\"ListItem\",\"position\":2,\"name\":\"Tous les rev\u00eatements muraux\",\"item\":\"https:\\\/\\\/daisyjames.eu\\\/fr\\\/boutique\\\/\"},{\"@type\":\"ListItem\",\"position\":3,\"name\":\"The Xylo\"}]},{\"@type\":\"WebSite\",\"@id\":\"https:\\\/\\\/daisyjames.eu\\\/fr\\\/#website\",\"url\":\"https:\\\/\\\/daisyjames.eu\\\/fr\\\/\",\"name\":\"Daisy James\",\"description\":\"\",\"publisher\":{\"@id\":\"https:\\\/\\\/daisyjames.eu\\\/fr\\\/#organization\"},\"potentialAction\":[{\"@type\":\"SearchAction\",\"target\":{\"@type\":\"EntryPoint\",\"urlTemplate\":\"https:\\\/\\\/daisyjames.eu\\\/fr\\\/?s={search_term_string}\"},\"query-input\":{\"@type\":\"PropertyValueSpecification\",\"valueRequired\":true,\"valueName\":\"search_term_string\"}}],\"inLanguage\":\"fr-FR\"},{\"@type\":\"Organization\",\"@id\":\"https:\\\/\\\/daisyjames.eu\\\/fr\\\/#organization\",\"name\":\"Daisy James\",\"url\":\"https:\\\/\\\/daisyjames.eu\\\/fr\\\/\",\"logo\":{\"@type\":\"ImageObject\",\"inLanguage\":\"fr-FR\",\"@id\":\"https:\\\/\\\/daisyjames.eu\\\/fr\\\/#\\\/schema\\\/logo\\\/image\\\/\",\"url\":\"https:\\\/\\\/daisyjames.eu\\\/wp-content\\\/uploads\\\/2024\\\/09\\\/LogoDJzwart-1.png\",\"contentUrl\":\"https:\\\/\\\/daisyjames.eu\\\/wp-content\\\/uploads\\\/2024\\\/09\\\/LogoDJzwart-1.png\",\"width\":1125,\"height\":199,\"caption\":\"Daisy James\"},\"image\":{\"@id\":\"https:\\\/\\\/daisyjames.eu\\\/fr\\\/#\\\/schema\\\/logo\\\/image\\\/\"},\"sameAs\":[\"https:\\\/\\\/www.facebook.com\\\/Daisyjamesinteriorwallcovering\\\/\",\"https:\\\/\\\/x.com\\\/daisyjamesinterior\",\"https:\\\/\\\/pinterest.com\\\/daisyjameswallcovers\\\/\",\"https:\\\/\\\/nl.linkedin.com\\\/company\\\/d-a-i-s-y-j-a-m-e-s-interior-collection\"]}]}<\/script>\n<!-- \/ Yoast SEO Premium plugin. -->","yoast_head_json":{"title":"The Xylo - Papier peint design | daisy james","description":"D\u00e9couvrez le papier peint \"The Xylo\" de daisy james, compos\u00e9 d'innombrables lignes verticales qui cr\u00e9ent un sens dynamique de la direction. Ce motif abstrait m\u00e9lange les formes, les couleurs et les figures, suscitant des interpr\u00e9tations uniques et ajoutant un caract\u00e8re distinct \u00e0 tout espace.","robots":{"index":"index","follow":"follow","max-snippet":"max-snippet:-1","max-image-preview":"max-image-preview:large","max-video-preview":"max-video-preview:-1"},"canonical":"https:\/\/daisyjames.eu\/fr\/collections\/the-xylo\/","schema":{"@context":"https:\/\/schema.org","@graph":[{"@type":"WebPage","@id":"https:\/\/daisyjames.eu\/fr\/collections\/the-xylo\/","url":"https:\/\/daisyjames.eu\/fr\/collections\/the-xylo\/","name":"The Xylo - Papier peint design | daisy james","isPartOf":{"@id":"https:\/\/daisyjames.eu\/fr\/#website"},"primaryImageOfPage":{"@id":"https:\/\/daisyjames.eu\/fr\/collections\/the-xylo\/#primaryimage"},"image":{"@id":"https:\/\/daisyjames.eu\/fr\/collections\/the-xylo\/#primaryimage"},"thumbnailUrl":"https:\/\/daisyjames.eu\/wp-content\/uploads\/2024\/07\/dj303-the-xylo-1-scaled.jpg","datePublished":"2023-06-30T17:05:47+00:00","dateModified":"2026-03-24T10:47:16+00:00","description":"D\u00e9couvrez le papier peint \"The Xylo\" de daisy james, compos\u00e9 d'innombrables lignes verticales qui cr\u00e9ent un sens dynamique de la direction. Ce motif abstrait m\u00e9lange les formes, les couleurs et les figures, suscitant des interpr\u00e9tations uniques et ajoutant un caract\u00e8re distinct \u00e0 tout espace.","breadcrumb":{"@id":"https:\/\/daisyjames.eu\/fr\/collections\/the-xylo\/#breadcrumb"},"inLanguage":"fr-FR","potentialAction":[{"@type":"ReadAction","target":["https:\/\/daisyjames.eu\/fr\/collections\/the-xylo\/"]}]},{"@type":"ImageObject","inLanguage":"fr-FR","@id":"https:\/\/daisyjames.eu\/fr\/collections\/the-xylo\/#primaryimage","url":"https:\/\/daisyjames.eu\/wp-content\/uploads\/2024\/07\/dj303-the-xylo-1-scaled.jpg","contentUrl":"https:\/\/daisyjames.eu\/wp-content\/uploads\/2024\/07\/dj303-the-xylo-1-scaled.jpg","width":2560,"height":1716},{"@type":"BreadcrumbList","@id":"https:\/\/daisyjames.eu\/fr\/collections\/the-xylo\/#breadcrumb","itemListElement":[{"@type":"ListItem","position":1,"name":"Home","item":"https:\/\/daisyjames.eu\/fr\/"},{"@type":"ListItem","position":2,"name":"Tous les rev\u00eatements muraux","item":"https:\/\/daisyjames.eu\/fr\/boutique\/"},{"@type":"ListItem","position":3,"name":"The Xylo"}]},{"@type":"WebSite","@id":"https:\/\/daisyjames.eu\/fr\/#website","url":"https:\/\/daisyjames.eu\/fr\/","name":"Daisy James","description":"","publisher":{"@id":"https:\/\/daisyjames.eu\/fr\/#organization"},"potentialAction":[{"@type":"SearchAction","target":{"@type":"EntryPoint","urlTemplate":"https:\/\/daisyjames.eu\/fr\/?s={search_term_string}"},"query-input":{"@type":"PropertyValueSpecification","valueRequired":true,"valueName":"search_term_string"}}],"inLanguage":"fr-FR"},{"@type":"Organization","@id":"https:\/\/daisyjames.eu\/fr\/#organization","name":"Daisy James","url":"https:\/\/daisyjames.eu\/fr\/","logo":{"@type":"ImageObject","inLanguage":"fr-FR","@id":"https:\/\/daisyjames.eu\/fr\/#\/schema\/logo\/image\/","url":"https:\/\/daisyjames.eu\/wp-content\/uploads\/2024\/09\/LogoDJzwart-1.png","contentUrl":"https:\/\/daisyjames.eu\/wp-content\/uploads\/2024\/09\/LogoDJzwart-1.png","width":1125,"height":199,"caption":"Daisy James"},"image":{"@id":"https:\/\/daisyjames.eu\/fr\/#\/schema\/logo\/image\/"},"sameAs":["https:\/\/www.facebook.com\/Daisyjamesinteriorwallcovering\/","https:\/\/x.com\/daisyjamesinterior","https:\/\/pinterest.com\/daisyjameswallcovers\/","https:\/\/nl.linkedin.com\/company\/d-a-i-s-y-j-a-m-e-s-interior-collection"]}]}},"_links":{"self":[{"href":"https:\/\/daisyjames.eu\/fr\/wp-json\/wp\/v2\/product\/16803","targetHints":{"allow":["GET"]}}],"collection":[{"href":"https:\/\/daisyjames.eu\/fr\/wp-json\/wp\/v2\/product"}],"about":[{"href":"https:\/\/daisyjames.eu\/fr\/wp-json\/wp\/v2\/types\/product"}],"replies":[{"embeddable":true,"href":"https:\/\/daisyjames.eu\/fr\/wp-json\/wp\/v2\/comments?post=16803"}],"wp:featuredmedia":[{"embeddable":true,"href":"https:\/\/daisyjames.eu\/fr\/wp-json\/wp\/v2\/media\/35925"}],"wp:attachment":[{"href":"https:\/\/daisyjames.eu\/fr\/wp-json\/wp\/v2\/media?parent=16803"}],"wp:term":[{"taxonomy":"product_brand","embeddable":true,"href":"https:\/\/daisyjames.eu\/fr\/wp-json\/wp\/v2\/product_brand?post=16803"},{"taxonomy":"product_cat","embeddable":true,"href":"https:\/\/daisyjames.eu\/fr\/wp-json\/wp\/v2\/product_cat?post=16803"},{"taxonomy":"product_tag","embeddable":true,"href":"https:\/\/daisyjames.eu\/fr\/wp-json\/wp\/v2\/product_tag?post=16803"}],"curies":[{"name":"wp","href":"https:\/\/api.w.org\/{rel}","templated":true}]}}