
{"id":21795,"date":"2025-02-25T09:09:19","date_gmt":"2025-02-25T09:09:19","guid":{"rendered":"https:\/\/staging.daisyjames.eu\/?post_type=product&#038;p=21795"},"modified":"2025-10-21T09:52:05","modified_gmt":"2025-10-21T09:52:05","slug":"the-panel-ocher","status":"publish","type":"product","link":"https:\/\/daisyjames.eu\/fr\/collections\/the-panel-ocher\/","title":{"rendered":"The Panel Ocher"},"content":{"rendered":"","protected":false},"excerpt":{"rendered":"<p><strong>daisy james<\/strong> aime les surprises, m\u00ealant harmonieusement l&#8217;ancien et le nouveau avec des panneaux classiques et des effets de trompe-l&#8217;\u0153il. &#8220;<em data-start=\"679\" data-end=\"696\">Le panneau Ocher&#8221;<\/em>, avec sa teinte dor\u00e9e et chaude, ajoute une \u00e9l\u00e9gance ensoleill\u00e9e \u00e0 votre espace, cr\u00e9ant une atmosph\u00e8re accueillante et intemporelle. Disponible en quatre couleurs.<\/p>\n","protected":false},"featured_media":21817,"comment_status":"open","ping_status":"closed","template":"","meta":{"_acf_changed":false},"product_brand":[],"product_cat":[556],"product_tag":[],"class_list":{"0":"post-21795","1":"product","2":"type-product","3":"status-publish","4":"has-post-thumbnail","6":"product_cat-timeless-classics-fr","7":"pa_colour-yellow-fr","8":"pa_colour-ocher-fr","9":"pa_theme-faces-fr","11":"first","12":"instock","13":"purchasable","14":"product-type-simple"},"acf":[],"yoast_head":"<!-- This site is optimized with the Yoast SEO Premium plugin v27.3 (Yoast SEO v27.3) - https:\/\/yoast.com\/product\/yoast-seo-premium-wordpress\/ -->\n<title>The Panel Ocher \u2013 Golden wall panel | daisy james<\/title>\n<meta name=\"description\" content=\"daisy james red\u00e9finit l&#039;\u00e9l\u00e9gance avec &quot;Le Panneau Ocre&quot;. Ce panneau dor\u00e9 et chaleureux allie esth\u00e9tique classique et moderne, apportant une touche sophistiqu\u00e9e et chaleureuse \u00e0 votre int\u00e9rieur.\" \/>\n<meta name=\"robots\" content=\"index, follow, max-snippet:-1, max-image-preview:large, max-video-preview:-1\" \/>\n<link rel=\"canonical\" href=\"https:\/\/daisyjames.eu\/fr\/collections\/the-panel-ocher\/\" \/>\n<script type=\"application\/ld+json\" class=\"yoast-schema-graph\">{\"@context\":\"https:\\\/\\\/schema.org\",\"@graph\":[{\"@type\":\"WebPage\",\"@id\":\"https:\\\/\\\/daisyjames.eu\\\/fr\\\/collections\\\/the-panel-ocher\\\/\",\"url\":\"https:\\\/\\\/daisyjames.eu\\\/fr\\\/collections\\\/the-panel-ocher\\\/\",\"name\":\"The Panel Ocher \u2013 Golden wall panel | daisy james\",\"isPartOf\":{\"@id\":\"https:\\\/\\\/daisyjames.eu\\\/#website\"},\"primaryImageOfPage\":{\"@id\":\"https:\\\/\\\/daisyjames.eu\\\/fr\\\/collections\\\/the-panel-ocher\\\/#primaryimage\"},\"image\":{\"@id\":\"https:\\\/\\\/daisyjames.eu\\\/fr\\\/collections\\\/the-panel-ocher\\\/#primaryimage\"},\"thumbnailUrl\":\"https:\\\/\\\/daisyjames.eu\\\/wp-content\\\/uploads\\\/2025\\\/02\\\/DJ221-The-Panel-Ocher-2-1.jpg\",\"datePublished\":\"2025-02-25T09:09:19+00:00\",\"dateModified\":\"2025-10-21T09:52:05+00:00\",\"description\":\"daisy james red\u00e9finit l'\u00e9l\u00e9gance avec \\\"Le Panneau Ocre\\\". Ce panneau dor\u00e9 et chaleureux allie esth\u00e9tique classique et moderne, apportant une touche sophistiqu\u00e9e et chaleureuse \u00e0 votre int\u00e9rieur.\",\"breadcrumb\":{\"@id\":\"https:\\\/\\\/daisyjames.eu\\\/fr\\\/collections\\\/the-panel-ocher\\\/#breadcrumb\"},\"inLanguage\":\"fr-FR\",\"potentialAction\":[{\"@type\":\"ReadAction\",\"target\":[\"https:\\\/\\\/daisyjames.eu\\\/fr\\\/collections\\\/the-panel-ocher\\\/\"]}]},{\"@type\":\"ImageObject\",\"inLanguage\":\"fr-FR\",\"@id\":\"https:\\\/\\\/daisyjames.eu\\\/fr\\\/collections\\\/the-panel-ocher\\\/#primaryimage\",\"url\":\"https:\\\/\\\/daisyjames.eu\\\/wp-content\\\/uploads\\\/2025\\\/02\\\/DJ221-The-Panel-Ocher-2-1.jpg\",\"contentUrl\":\"https:\\\/\\\/daisyjames.eu\\\/wp-content\\\/uploads\\\/2025\\\/02\\\/DJ221-The-Panel-Ocher-2-1.jpg\",\"width\":1530,\"height\":1949},{\"@type\":\"BreadcrumbList\",\"@id\":\"https:\\\/\\\/daisyjames.eu\\\/fr\\\/collections\\\/the-panel-ocher\\\/#breadcrumb\",\"itemListElement\":[{\"@type\":\"ListItem\",\"position\":1,\"name\":\"Home\",\"item\":\"https:\\\/\\\/daisyjames.eu\\\/fr\\\/\"},{\"@type\":\"ListItem\",\"position\":2,\"name\":\"Tous les rev\u00eatements muraux\",\"item\":\"https:\\\/\\\/daisyjames.eu\\\/fr\\\/boutique\\\/\"},{\"@type\":\"ListItem\",\"position\":3,\"name\":\"The Panel Ocher\"}]},{\"@type\":\"WebSite\",\"@id\":\"https:\\\/\\\/daisyjames.eu\\\/#website\",\"url\":\"https:\\\/\\\/daisyjames.eu\\\/\",\"name\":\"Daisy James\",\"description\":\"\",\"publisher\":{\"@id\":\"https:\\\/\\\/daisyjames.eu\\\/#organization\"},\"potentialAction\":[{\"@type\":\"SearchAction\",\"target\":{\"@type\":\"EntryPoint\",\"urlTemplate\":\"https:\\\/\\\/daisyjames.eu\\\/?s={search_term_string}\"},\"query-input\":{\"@type\":\"PropertyValueSpecification\",\"valueRequired\":true,\"valueName\":\"search_term_string\"}}],\"inLanguage\":\"fr-FR\"},{\"@type\":\"Organization\",\"@id\":\"https:\\\/\\\/daisyjames.eu\\\/#organization\",\"name\":\"Daisy James\",\"url\":\"https:\\\/\\\/daisyjames.eu\\\/\",\"logo\":{\"@type\":\"ImageObject\",\"inLanguage\":\"fr-FR\",\"@id\":\"https:\\\/\\\/daisyjames.eu\\\/#\\\/schema\\\/logo\\\/image\\\/\",\"url\":\"https:\\\/\\\/daisyjames.eu\\\/wp-content\\\/uploads\\\/2024\\\/09\\\/LogoDJzwart-1.png\",\"contentUrl\":\"https:\\\/\\\/daisyjames.eu\\\/wp-content\\\/uploads\\\/2024\\\/09\\\/LogoDJzwart-1.png\",\"width\":1125,\"height\":199,\"caption\":\"Daisy James\"},\"image\":{\"@id\":\"https:\\\/\\\/daisyjames.eu\\\/#\\\/schema\\\/logo\\\/image\\\/\"},\"sameAs\":[\"https:\\\/\\\/www.facebook.com\\\/Daisyjamesinteriorwallcovering\\\/\",\"https:\\\/\\\/x.com\\\/daisyjamesinterior\",\"https:\\\/\\\/pinterest.com\\\/daisyjameswallcovers\\\/\",\"https:\\\/\\\/nl.linkedin.com\\\/company\\\/d-a-i-s-y-j-a-m-e-s-interior-collection\"]}]}<\/script>\n<!-- \/ Yoast SEO Premium plugin. -->","yoast_head_json":{"title":"The Panel Ocher \u2013 Golden wall panel | daisy james","description":"daisy james red\u00e9finit l'\u00e9l\u00e9gance avec \"Le Panneau Ocre\". Ce panneau dor\u00e9 et chaleureux allie esth\u00e9tique classique et moderne, apportant une touche sophistiqu\u00e9e et chaleureuse \u00e0 votre int\u00e9rieur.","robots":{"index":"index","follow":"follow","max-snippet":"max-snippet:-1","max-image-preview":"max-image-preview:large","max-video-preview":"max-video-preview:-1"},"canonical":"https:\/\/daisyjames.eu\/fr\/collections\/the-panel-ocher\/","schema":{"@context":"https:\/\/schema.org","@graph":[{"@type":"WebPage","@id":"https:\/\/daisyjames.eu\/fr\/collections\/the-panel-ocher\/","url":"https:\/\/daisyjames.eu\/fr\/collections\/the-panel-ocher\/","name":"The Panel Ocher \u2013 Golden wall panel | daisy james","isPartOf":{"@id":"https:\/\/daisyjames.eu\/#website"},"primaryImageOfPage":{"@id":"https:\/\/daisyjames.eu\/fr\/collections\/the-panel-ocher\/#primaryimage"},"image":{"@id":"https:\/\/daisyjames.eu\/fr\/collections\/the-panel-ocher\/#primaryimage"},"thumbnailUrl":"https:\/\/daisyjames.eu\/wp-content\/uploads\/2025\/02\/DJ221-The-Panel-Ocher-2-1.jpg","datePublished":"2025-02-25T09:09:19+00:00","dateModified":"2025-10-21T09:52:05+00:00","description":"daisy james red\u00e9finit l'\u00e9l\u00e9gance avec \"Le Panneau Ocre\". Ce panneau dor\u00e9 et chaleureux allie esth\u00e9tique classique et moderne, apportant une touche sophistiqu\u00e9e et chaleureuse \u00e0 votre int\u00e9rieur.","breadcrumb":{"@id":"https:\/\/daisyjames.eu\/fr\/collections\/the-panel-ocher\/#breadcrumb"},"inLanguage":"fr-FR","potentialAction":[{"@type":"ReadAction","target":["https:\/\/daisyjames.eu\/fr\/collections\/the-panel-ocher\/"]}]},{"@type":"ImageObject","inLanguage":"fr-FR","@id":"https:\/\/daisyjames.eu\/fr\/collections\/the-panel-ocher\/#primaryimage","url":"https:\/\/daisyjames.eu\/wp-content\/uploads\/2025\/02\/DJ221-The-Panel-Ocher-2-1.jpg","contentUrl":"https:\/\/daisyjames.eu\/wp-content\/uploads\/2025\/02\/DJ221-The-Panel-Ocher-2-1.jpg","width":1530,"height":1949},{"@type":"BreadcrumbList","@id":"https:\/\/daisyjames.eu\/fr\/collections\/the-panel-ocher\/#breadcrumb","itemListElement":[{"@type":"ListItem","position":1,"name":"Home","item":"https:\/\/daisyjames.eu\/fr\/"},{"@type":"ListItem","position":2,"name":"Tous les rev\u00eatements muraux","item":"https:\/\/daisyjames.eu\/fr\/boutique\/"},{"@type":"ListItem","position":3,"name":"The Panel Ocher"}]},{"@type":"WebSite","@id":"https:\/\/daisyjames.eu\/#website","url":"https:\/\/daisyjames.eu\/","name":"Daisy James","description":"","publisher":{"@id":"https:\/\/daisyjames.eu\/#organization"},"potentialAction":[{"@type":"SearchAction","target":{"@type":"EntryPoint","urlTemplate":"https:\/\/daisyjames.eu\/?s={search_term_string}"},"query-input":{"@type":"PropertyValueSpecification","valueRequired":true,"valueName":"search_term_string"}}],"inLanguage":"fr-FR"},{"@type":"Organization","@id":"https:\/\/daisyjames.eu\/#organization","name":"Daisy James","url":"https:\/\/daisyjames.eu\/","logo":{"@type":"ImageObject","inLanguage":"fr-FR","@id":"https:\/\/daisyjames.eu\/#\/schema\/logo\/image\/","url":"https:\/\/daisyjames.eu\/wp-content\/uploads\/2024\/09\/LogoDJzwart-1.png","contentUrl":"https:\/\/daisyjames.eu\/wp-content\/uploads\/2024\/09\/LogoDJzwart-1.png","width":1125,"height":199,"caption":"Daisy James"},"image":{"@id":"https:\/\/daisyjames.eu\/#\/schema\/logo\/image\/"},"sameAs":["https:\/\/www.facebook.com\/Daisyjamesinteriorwallcovering\/","https:\/\/x.com\/daisyjamesinterior","https:\/\/pinterest.com\/daisyjameswallcovers\/","https:\/\/nl.linkedin.com\/company\/d-a-i-s-y-j-a-m-e-s-interior-collection"]}]}},"_links":{"self":[{"href":"https:\/\/daisyjames.eu\/fr\/wp-json\/wp\/v2\/product\/21795","targetHints":{"allow":["GET"]}}],"collection":[{"href":"https:\/\/daisyjames.eu\/fr\/wp-json\/wp\/v2\/product"}],"about":[{"href":"https:\/\/daisyjames.eu\/fr\/wp-json\/wp\/v2\/types\/product"}],"replies":[{"embeddable":true,"href":"https:\/\/daisyjames.eu\/fr\/wp-json\/wp\/v2\/comments?post=21795"}],"wp:featuredmedia":[{"embeddable":true,"href":"https:\/\/daisyjames.eu\/fr\/wp-json\/wp\/v2\/media\/21817"}],"wp:attachment":[{"href":"https:\/\/daisyjames.eu\/fr\/wp-json\/wp\/v2\/media?parent=21795"}],"wp:term":[{"taxonomy":"product_brand","embeddable":true,"href":"https:\/\/daisyjames.eu\/fr\/wp-json\/wp\/v2\/product_brand?post=21795"},{"taxonomy":"product_cat","embeddable":true,"href":"https:\/\/daisyjames.eu\/fr\/wp-json\/wp\/v2\/product_cat?post=21795"},{"taxonomy":"product_tag","embeddable":true,"href":"https:\/\/daisyjames.eu\/fr\/wp-json\/wp\/v2\/product_tag?post=21795"}],"curies":[{"name":"wp","href":"https:\/\/api.w.org\/{rel}","templated":true}]}}