
{"id":24681,"date":"2025-07-12T10:24:48","date_gmt":"2025-07-12T10:24:48","guid":{"rendered":"https:\/\/staging.daisyjames.eu\/?post_type=product&#038;p=24681"},"modified":"2026-04-13T21:59:55","modified_gmt":"2026-04-13T21:59:55","slug":"white-wallcovering-the-vail-modern-ton-sur-ton","status":"publish","type":"product","link":"https:\/\/daisyjames.eu\/fr\/collections\/white-wallcovering-the-vail-modern-ton-sur-ton\/","title":{"rendered":"The Vail"},"content":{"rendered":"","protected":false},"excerpt":{"rendered":"<p>Ajoutez une touche de minimalisme raffin\u00e9 \u00e0 votre int\u00e9rieur avec <em>&#8220;The Vail&#8221;<\/em> de <strong>daisy james<\/strong>. Ce rev\u00eatement mural sans coutures pr\u00e9sente une \u00e9l\u00e9gante composition de cercles abstraits et de doux motifs mouchet\u00e9s dans diff\u00e9rentes nuances de blanc. La palette de couleurs ton sur ton moderne cr\u00e9e profondeur et s\u00e9r\u00e9nit\u00e9, tandis que les formes ludiques apportent une touche sophistiqu\u00e9e et contemporaine.<\/p>\n<p><em>&#8220;The Vail&#8221;<\/em> est id\u00e9al pour les int\u00e9rieurs en qu\u00eate de s\u00e9r\u00e9nit\u00e9 et de luxe discret. Gr\u00e2ce \u00e0 son application harmonieuse, ce motif abstrait s&#8217;\u00e9tend harmonieusement sur vos murs, cr\u00e9ant une atmosph\u00e8re calme et harmonieuse, au caract\u00e8re artistique. Parfait pour les espaces de vie \u00e9l\u00e9gants, les chambres d&#8217;h\u00f4tel, les bureaux et les environnements h\u00f4teliers haut de gamme.<\/p>\n","protected":false},"featured_media":24716,"comment_status":"open","ping_status":"closed","template":"","meta":{"_acf_changed":false},"product_brand":[],"product_cat":[471,543],"product_tag":[],"class_list":{"0":"post-24681","1":"product","2":"type-product","3":"status-publish","4":"has-post-thumbnail","6":"product_cat-calm-minimal-fr","7":"product_cat-refined-luxe-fr","8":"pa_colour-white-fr","9":"pa_colour-greys-fr","10":"pa_theme-graphic-fr","11":"pa_theme-basics-fr","12":"pa_theme-patterns-fr","14":"first","15":"instock","16":"purchasable","17":"product-type-simple"},"acf":[],"yoast_head":"<!-- This site is optimized with the Yoast SEO Premium plugin v27.3 (Yoast SEO v27.3) - https:\/\/yoast.com\/product\/yoast-seo-premium-wordpress\/ -->\n<title>The Vail - Rev\u00eatement mural blanc abstrait \u00e9l\u00e9gant | daisy james<\/title>\n<meta name=\"description\" content=\"D\u00e9couvrez &quot;The Vail&quot; de daisy james : un \u00e9l\u00e9gant papier peint blanc abstrait aux motifs circulaires et mouchet\u00e9s. \u00c9l\u00e9gant, serein et intemporel.\" \/>\n<meta name=\"robots\" content=\"index, follow, max-snippet:-1, max-image-preview:large, max-video-preview:-1\" \/>\n<link rel=\"canonical\" href=\"https:\/\/daisyjames.eu\/fr\/collections\/white-wallcovering-the-vail-modern-ton-sur-ton\/\" \/>\n<script type=\"application\/ld+json\" class=\"yoast-schema-graph\">{\"@context\":\"https:\\\/\\\/schema.org\",\"@graph\":[{\"@type\":\"WebPage\",\"@id\":\"https:\\\/\\\/daisyjames.eu\\\/fr\\\/collections\\\/white-wallcovering-the-vail-modern-ton-sur-ton\\\/\",\"url\":\"https:\\\/\\\/daisyjames.eu\\\/fr\\\/collections\\\/white-wallcovering-the-vail-modern-ton-sur-ton\\\/\",\"name\":\"The Vail - Rev\u00eatement mural blanc abstrait \u00e9l\u00e9gant | daisy james\",\"isPartOf\":{\"@id\":\"https:\\\/\\\/daisyjames.eu\\\/fr\\\/#website\"},\"primaryImageOfPage\":{\"@id\":\"https:\\\/\\\/daisyjames.eu\\\/fr\\\/collections\\\/white-wallcovering-the-vail-modern-ton-sur-ton\\\/#primaryimage\"},\"image\":{\"@id\":\"https:\\\/\\\/daisyjames.eu\\\/fr\\\/collections\\\/white-wallcovering-the-vail-modern-ton-sur-ton\\\/#primaryimage\"},\"thumbnailUrl\":\"https:\\\/\\\/daisyjames.eu\\\/wp-content\\\/uploads\\\/2025\\\/07\\\/DJ386-The-Vail-2-scaled.jpg\",\"datePublished\":\"2025-07-12T10:24:48+00:00\",\"dateModified\":\"2026-04-13T21:59:55+00:00\",\"description\":\"D\u00e9couvrez \\\"The Vail\\\" de daisy james : un \u00e9l\u00e9gant papier peint blanc abstrait aux motifs circulaires et mouchet\u00e9s. \u00c9l\u00e9gant, serein et intemporel.\",\"breadcrumb\":{\"@id\":\"https:\\\/\\\/daisyjames.eu\\\/fr\\\/collections\\\/white-wallcovering-the-vail-modern-ton-sur-ton\\\/#breadcrumb\"},\"inLanguage\":\"fr-FR\",\"potentialAction\":[{\"@type\":\"ReadAction\",\"target\":[\"https:\\\/\\\/daisyjames.eu\\\/fr\\\/collections\\\/white-wallcovering-the-vail-modern-ton-sur-ton\\\/\"]}]},{\"@type\":\"ImageObject\",\"inLanguage\":\"fr-FR\",\"@id\":\"https:\\\/\\\/daisyjames.eu\\\/fr\\\/collections\\\/white-wallcovering-the-vail-modern-ton-sur-ton\\\/#primaryimage\",\"url\":\"https:\\\/\\\/daisyjames.eu\\\/wp-content\\\/uploads\\\/2025\\\/07\\\/DJ386-The-Vail-2-scaled.jpg\",\"contentUrl\":\"https:\\\/\\\/daisyjames.eu\\\/wp-content\\\/uploads\\\/2025\\\/07\\\/DJ386-The-Vail-2-scaled.jpg\",\"width\":1709,\"height\":2560},{\"@type\":\"BreadcrumbList\",\"@id\":\"https:\\\/\\\/daisyjames.eu\\\/fr\\\/collections\\\/white-wallcovering-the-vail-modern-ton-sur-ton\\\/#breadcrumb\",\"itemListElement\":[{\"@type\":\"ListItem\",\"position\":1,\"name\":\"Home\",\"item\":\"https:\\\/\\\/daisyjames.eu\\\/fr\\\/\"},{\"@type\":\"ListItem\",\"position\":2,\"name\":\"Tous les rev\u00eatements muraux\",\"item\":\"https:\\\/\\\/daisyjames.eu\\\/fr\\\/boutique\\\/\"},{\"@type\":\"ListItem\",\"position\":3,\"name\":\"The Vail\"}]},{\"@type\":\"WebSite\",\"@id\":\"https:\\\/\\\/daisyjames.eu\\\/fr\\\/#website\",\"url\":\"https:\\\/\\\/daisyjames.eu\\\/fr\\\/\",\"name\":\"Daisy James\",\"description\":\"\",\"publisher\":{\"@id\":\"https:\\\/\\\/daisyjames.eu\\\/fr\\\/#organization\"},\"potentialAction\":[{\"@type\":\"SearchAction\",\"target\":{\"@type\":\"EntryPoint\",\"urlTemplate\":\"https:\\\/\\\/daisyjames.eu\\\/fr\\\/?s={search_term_string}\"},\"query-input\":{\"@type\":\"PropertyValueSpecification\",\"valueRequired\":true,\"valueName\":\"search_term_string\"}}],\"inLanguage\":\"fr-FR\"},{\"@type\":\"Organization\",\"@id\":\"https:\\\/\\\/daisyjames.eu\\\/fr\\\/#organization\",\"name\":\"Daisy James\",\"url\":\"https:\\\/\\\/daisyjames.eu\\\/fr\\\/\",\"logo\":{\"@type\":\"ImageObject\",\"inLanguage\":\"fr-FR\",\"@id\":\"https:\\\/\\\/daisyjames.eu\\\/fr\\\/#\\\/schema\\\/logo\\\/image\\\/\",\"url\":\"https:\\\/\\\/daisyjames.eu\\\/wp-content\\\/uploads\\\/2024\\\/09\\\/LogoDJzwart-1.png\",\"contentUrl\":\"https:\\\/\\\/daisyjames.eu\\\/wp-content\\\/uploads\\\/2024\\\/09\\\/LogoDJzwart-1.png\",\"width\":1125,\"height\":199,\"caption\":\"Daisy James\"},\"image\":{\"@id\":\"https:\\\/\\\/daisyjames.eu\\\/fr\\\/#\\\/schema\\\/logo\\\/image\\\/\"},\"sameAs\":[\"https:\\\/\\\/www.facebook.com\\\/Daisyjamesinteriorwallcovering\\\/\",\"https:\\\/\\\/x.com\\\/daisyjamesinterior\",\"https:\\\/\\\/pinterest.com\\\/daisyjameswallcovers\\\/\",\"https:\\\/\\\/nl.linkedin.com\\\/company\\\/d-a-i-s-y-j-a-m-e-s-interior-collection\"]}]}<\/script>\n<!-- \/ Yoast SEO Premium plugin. -->","yoast_head_json":{"title":"The Vail - Rev\u00eatement mural blanc abstrait \u00e9l\u00e9gant | daisy james","description":"D\u00e9couvrez \"The Vail\" de daisy james : un \u00e9l\u00e9gant papier peint blanc abstrait aux motifs circulaires et mouchet\u00e9s. \u00c9l\u00e9gant, serein et intemporel.","robots":{"index":"index","follow":"follow","max-snippet":"max-snippet:-1","max-image-preview":"max-image-preview:large","max-video-preview":"max-video-preview:-1"},"canonical":"https:\/\/daisyjames.eu\/fr\/collections\/white-wallcovering-the-vail-modern-ton-sur-ton\/","schema":{"@context":"https:\/\/schema.org","@graph":[{"@type":"WebPage","@id":"https:\/\/daisyjames.eu\/fr\/collections\/white-wallcovering-the-vail-modern-ton-sur-ton\/","url":"https:\/\/daisyjames.eu\/fr\/collections\/white-wallcovering-the-vail-modern-ton-sur-ton\/","name":"The Vail - Rev\u00eatement mural blanc abstrait \u00e9l\u00e9gant | daisy james","isPartOf":{"@id":"https:\/\/daisyjames.eu\/fr\/#website"},"primaryImageOfPage":{"@id":"https:\/\/daisyjames.eu\/fr\/collections\/white-wallcovering-the-vail-modern-ton-sur-ton\/#primaryimage"},"image":{"@id":"https:\/\/daisyjames.eu\/fr\/collections\/white-wallcovering-the-vail-modern-ton-sur-ton\/#primaryimage"},"thumbnailUrl":"https:\/\/daisyjames.eu\/wp-content\/uploads\/2025\/07\/DJ386-The-Vail-2-scaled.jpg","datePublished":"2025-07-12T10:24:48+00:00","dateModified":"2026-04-13T21:59:55+00:00","description":"D\u00e9couvrez \"The Vail\" de daisy james : un \u00e9l\u00e9gant papier peint blanc abstrait aux motifs circulaires et mouchet\u00e9s. \u00c9l\u00e9gant, serein et intemporel.","breadcrumb":{"@id":"https:\/\/daisyjames.eu\/fr\/collections\/white-wallcovering-the-vail-modern-ton-sur-ton\/#breadcrumb"},"inLanguage":"fr-FR","potentialAction":[{"@type":"ReadAction","target":["https:\/\/daisyjames.eu\/fr\/collections\/white-wallcovering-the-vail-modern-ton-sur-ton\/"]}]},{"@type":"ImageObject","inLanguage":"fr-FR","@id":"https:\/\/daisyjames.eu\/fr\/collections\/white-wallcovering-the-vail-modern-ton-sur-ton\/#primaryimage","url":"https:\/\/daisyjames.eu\/wp-content\/uploads\/2025\/07\/DJ386-The-Vail-2-scaled.jpg","contentUrl":"https:\/\/daisyjames.eu\/wp-content\/uploads\/2025\/07\/DJ386-The-Vail-2-scaled.jpg","width":1709,"height":2560},{"@type":"BreadcrumbList","@id":"https:\/\/daisyjames.eu\/fr\/collections\/white-wallcovering-the-vail-modern-ton-sur-ton\/#breadcrumb","itemListElement":[{"@type":"ListItem","position":1,"name":"Home","item":"https:\/\/daisyjames.eu\/fr\/"},{"@type":"ListItem","position":2,"name":"Tous les rev\u00eatements muraux","item":"https:\/\/daisyjames.eu\/fr\/boutique\/"},{"@type":"ListItem","position":3,"name":"The Vail"}]},{"@type":"WebSite","@id":"https:\/\/daisyjames.eu\/fr\/#website","url":"https:\/\/daisyjames.eu\/fr\/","name":"Daisy James","description":"","publisher":{"@id":"https:\/\/daisyjames.eu\/fr\/#organization"},"potentialAction":[{"@type":"SearchAction","target":{"@type":"EntryPoint","urlTemplate":"https:\/\/daisyjames.eu\/fr\/?s={search_term_string}"},"query-input":{"@type":"PropertyValueSpecification","valueRequired":true,"valueName":"search_term_string"}}],"inLanguage":"fr-FR"},{"@type":"Organization","@id":"https:\/\/daisyjames.eu\/fr\/#organization","name":"Daisy James","url":"https:\/\/daisyjames.eu\/fr\/","logo":{"@type":"ImageObject","inLanguage":"fr-FR","@id":"https:\/\/daisyjames.eu\/fr\/#\/schema\/logo\/image\/","url":"https:\/\/daisyjames.eu\/wp-content\/uploads\/2024\/09\/LogoDJzwart-1.png","contentUrl":"https:\/\/daisyjames.eu\/wp-content\/uploads\/2024\/09\/LogoDJzwart-1.png","width":1125,"height":199,"caption":"Daisy James"},"image":{"@id":"https:\/\/daisyjames.eu\/fr\/#\/schema\/logo\/image\/"},"sameAs":["https:\/\/www.facebook.com\/Daisyjamesinteriorwallcovering\/","https:\/\/x.com\/daisyjamesinterior","https:\/\/pinterest.com\/daisyjameswallcovers\/","https:\/\/nl.linkedin.com\/company\/d-a-i-s-y-j-a-m-e-s-interior-collection"]}]}},"_links":{"self":[{"href":"https:\/\/daisyjames.eu\/fr\/wp-json\/wp\/v2\/product\/24681","targetHints":{"allow":["GET"]}}],"collection":[{"href":"https:\/\/daisyjames.eu\/fr\/wp-json\/wp\/v2\/product"}],"about":[{"href":"https:\/\/daisyjames.eu\/fr\/wp-json\/wp\/v2\/types\/product"}],"replies":[{"embeddable":true,"href":"https:\/\/daisyjames.eu\/fr\/wp-json\/wp\/v2\/comments?post=24681"}],"wp:featuredmedia":[{"embeddable":true,"href":"https:\/\/daisyjames.eu\/fr\/wp-json\/wp\/v2\/media\/24716"}],"wp:attachment":[{"href":"https:\/\/daisyjames.eu\/fr\/wp-json\/wp\/v2\/media?parent=24681"}],"wp:term":[{"taxonomy":"product_brand","embeddable":true,"href":"https:\/\/daisyjames.eu\/fr\/wp-json\/wp\/v2\/product_brand?post=24681"},{"taxonomy":"product_cat","embeddable":true,"href":"https:\/\/daisyjames.eu\/fr\/wp-json\/wp\/v2\/product_cat?post=24681"},{"taxonomy":"product_tag","embeddable":true,"href":"https:\/\/daisyjames.eu\/fr\/wp-json\/wp\/v2\/product_tag?post=24681"}],"curies":[{"name":"wp","href":"https:\/\/api.w.org\/{rel}","templated":true}]}}