
{"id":27534,"date":"2023-09-14T13:54:07","date_gmt":"2023-09-14T13:54:07","guid":{"rendered":"https:\/\/staging.daisyjames.eu\/collection\/la-cruze\/"},"modified":"2025-10-24T12:48:15","modified_gmt":"2025-10-24T12:48:15","slug":"la-cruze","status":"publish","type":"product","link":"https:\/\/daisyjames.eu\/fr\/collections\/la-cruze\/","title":{"rendered":"The Cruze"},"content":{"rendered":"","protected":false},"excerpt":{"rendered":"<p>Ce papier peint <em>&#8220;The Cruze&#8221;<\/em> est une toile polyvalente, qui s&#8217;int\u00e8gre parfaitement dans un large \u00e9ventail de styles d&#8217;int\u00e9rieur. Que vous l&#8217;envisagiez comme point central d&#8217;un sanctuaire minimaliste ou comme toile de fond compl\u00e9mentaire d&#8217;un ensemble plus \u00e9clectique, sa capacit\u00e9 d&#8217;adaptation ne conna\u00eet pas de limites. Au-del\u00e0 de ses prouesses esth\u00e9tiques, ce design <strong>daisy james<\/strong> est fabriqu\u00e9 avec la plus grande attention \u00e0 la qualit\u00e9 et \u00e0 la durabilit\u00e9. Ses mat\u00e9riaux de qualit\u00e9 sup\u00e9rieure garantissent non seulement un impact visuel \u00e9poustouflant, mais aussi un produit qui r\u00e9siste \u00e0 l&#8217;\u00e9preuve du temps. Rehaussez votre espace avec cette \u00e9poustouflante tapisserie de bleus, qui t\u00e9moigne du pouvoir de transformation du design. Laissez-la \u00eatre la toile de fond de vos souvenirs, le t\u00e9moin de vos moments de s\u00e9r\u00e9nit\u00e9 et la toile de vos r\u00eaves. <span style=\"color: #ffffff;\">&#8212;&#8212;&#8212;&#8212;&#8212;&#8212;&#8212;&#8212;&#8212;&#8212;&#8212;&#8212;&#8212;&#8212;&#8212;&#8212;&#8212;&#8212;&#8212;&#8212;&#8212;&#8212;&#8212;&#8212;&#8212;&#8212;&#8212;&#8212;&#8212;&#8212;&#8212;&#8212;&#8212;&#8212;&#8212;&#8212;&#8212;&#8212;&#8212;&#8212;&#8212;&#8212;&#8212;&#8212;&#8212;&#8212;&#8212;&#8212;&#8212;&#8212;&#8212;&#8212;&#8212;&#8212;&#8212;&#8212;&#8212;&#8212;&#8212;&#8212;&#8212;&#8212;&#8212;&#8212;&#8212;&#8212;&#8212;&#8212;&#8212;&#8212;&#8212;&#8212;&#8212;&#8212;&#8212;&#8212;&#8212;&#8212;&#8212;&#8212;&#8212;&#8212;&#8212;&#8212;&#8212;&#8212;&#8212;&#8212;&#8212;&#8212;&#8212;&#8212;&#8212;&#8212;&#8212;&#8212;&#8212;&#8212;&#8212;&#8212;&#8212;&#8212;&#8212;&#8212;&#8212;&#8212;&#8212;&#8212;&#8212;&#8212;&#8212;&#8212;&#8212;&#8212;&#8212;&#8212;&#8212;&#8212;&#8212;&#8212;&#8212;&#8212;&#8212;&#8212;&#8212;&#8212;&#8212;&#8212;&#8212;&#8212;&#8212;&#8212;&#8212;&#8212;<\/span><\/p>\n<p>&#8220;D\u00e9couvrez comment <em>&#8220;The Cruze&#8221;<\/em> a \u00e9t\u00e9 utilis\u00e9e dans l&#8217;un de nos projets d&#8217;int\u00e9rieur. Voyez le r\u00e9sultat <a href=\"https:\/\/daisyjames.eu\/fr\/projects\/restaurant-the-local-club\/\"><strong>ici<\/strong><\/a>.&#8221;<\/p>\n","protected":false},"featured_media":37107,"comment_status":"closed","ping_status":"closed","template":"","meta":{"_acf_changed":false},"product_brand":[],"product_cat":[471,543],"product_tag":[],"class_list":{"0":"post-27534","1":"product","2":"type-product","3":"status-publish","4":"has-post-thumbnail","6":"product_cat-calm-minimal-fr","7":"product_cat-refined-luxe-fr","8":"pa_colour-blue-green-fr","9":"pa_colour-turquose-fr","10":"pa_colour-greens-fr","11":"pa_theme-basics-fr","12":"pa_theme-stones-fr","14":"first","15":"instock","16":"purchasable","17":"product-type-simple"},"acf":[],"yoast_head":"<!-- This site is optimized with the Yoast SEO Premium plugin v27.3 (Yoast SEO v27.3) - https:\/\/yoast.com\/product\/yoast-seo-premium-wordpress\/ -->\n<title>The Cruze - Papier peint design de luxe polyvalent | daisy james<\/title>\n<meta name=\"description\" content=\"&quot;The Cruze&quot; de daisy james est un papier peint polyvalent qui s&#039;int\u00e8gre parfaitement \u00e0 tous les styles d&#039;int\u00e9rieur. Fabriqu\u00e9 avec des mat\u00e9riaux de premi\u00e8re qualit\u00e9, ce motif offre un impact visuel \u00e9poustouflant et une durabilit\u00e9 \u00e0 toute \u00e9preuve, ce qui en fait la toile de fond id\u00e9ale pour votre espace.\" \/>\n<meta name=\"robots\" content=\"index, follow, max-snippet:-1, max-image-preview:large, max-video-preview:-1\" \/>\n<link rel=\"canonical\" href=\"https:\/\/daisyjames.eu\/fr\/collections\/la-cruze\/\" \/>\n<script type=\"application\/ld+json\" class=\"yoast-schema-graph\">{\"@context\":\"https:\\\/\\\/schema.org\",\"@graph\":[{\"@type\":\"WebPage\",\"@id\":\"https:\\\/\\\/daisyjames.eu\\\/fr\\\/collections\\\/la-cruze\\\/\",\"url\":\"https:\\\/\\\/daisyjames.eu\\\/fr\\\/collections\\\/la-cruze\\\/\",\"name\":\"The Cruze - Papier peint design de luxe polyvalent | daisy james\",\"isPartOf\":{\"@id\":\"https:\\\/\\\/daisyjames.eu\\\/fr\\\/#website\"},\"primaryImageOfPage\":{\"@id\":\"https:\\\/\\\/daisyjames.eu\\\/fr\\\/collections\\\/la-cruze\\\/#primaryimage\"},\"image\":{\"@id\":\"https:\\\/\\\/daisyjames.eu\\\/fr\\\/collections\\\/la-cruze\\\/#primaryimage\"},\"thumbnailUrl\":\"https:\\\/\\\/daisyjames.eu\\\/wp-content\\\/uploads\\\/2024\\\/06\\\/dj341-the-cruze-1-scaled.jpg\",\"datePublished\":\"2023-09-14T13:54:07+00:00\",\"dateModified\":\"2025-10-24T12:48:15+00:00\",\"description\":\"\\\"The Cruze\\\" de daisy james est un papier peint polyvalent qui s'int\u00e8gre parfaitement \u00e0 tous les styles d'int\u00e9rieur. Fabriqu\u00e9 avec des mat\u00e9riaux de premi\u00e8re qualit\u00e9, ce motif offre un impact visuel \u00e9poustouflant et une durabilit\u00e9 \u00e0 toute \u00e9preuve, ce qui en fait la toile de fond id\u00e9ale pour votre espace.\",\"breadcrumb\":{\"@id\":\"https:\\\/\\\/daisyjames.eu\\\/fr\\\/collections\\\/la-cruze\\\/#breadcrumb\"},\"inLanguage\":\"fr-FR\",\"potentialAction\":[{\"@type\":\"ReadAction\",\"target\":[\"https:\\\/\\\/daisyjames.eu\\\/fr\\\/collections\\\/la-cruze\\\/\"]}]},{\"@type\":\"ImageObject\",\"inLanguage\":\"fr-FR\",\"@id\":\"https:\\\/\\\/daisyjames.eu\\\/fr\\\/collections\\\/la-cruze\\\/#primaryimage\",\"url\":\"https:\\\/\\\/daisyjames.eu\\\/wp-content\\\/uploads\\\/2024\\\/06\\\/dj341-the-cruze-1-scaled.jpg\",\"contentUrl\":\"https:\\\/\\\/daisyjames.eu\\\/wp-content\\\/uploads\\\/2024\\\/06\\\/dj341-the-cruze-1-scaled.jpg\",\"width\":2560,\"height\":2327},{\"@type\":\"BreadcrumbList\",\"@id\":\"https:\\\/\\\/daisyjames.eu\\\/fr\\\/collections\\\/la-cruze\\\/#breadcrumb\",\"itemListElement\":[{\"@type\":\"ListItem\",\"position\":1,\"name\":\"Home\",\"item\":\"https:\\\/\\\/daisyjames.eu\\\/fr\\\/\"},{\"@type\":\"ListItem\",\"position\":2,\"name\":\"Tous les rev\u00eatements muraux\",\"item\":\"https:\\\/\\\/daisyjames.eu\\\/fr\\\/boutique\\\/\"},{\"@type\":\"ListItem\",\"position\":3,\"name\":\"The Cruze\"}]},{\"@type\":\"WebSite\",\"@id\":\"https:\\\/\\\/daisyjames.eu\\\/fr\\\/#website\",\"url\":\"https:\\\/\\\/daisyjames.eu\\\/fr\\\/\",\"name\":\"Daisy James\",\"description\":\"\",\"publisher\":{\"@id\":\"https:\\\/\\\/daisyjames.eu\\\/fr\\\/#organization\"},\"potentialAction\":[{\"@type\":\"SearchAction\",\"target\":{\"@type\":\"EntryPoint\",\"urlTemplate\":\"https:\\\/\\\/daisyjames.eu\\\/fr\\\/?s={search_term_string}\"},\"query-input\":{\"@type\":\"PropertyValueSpecification\",\"valueRequired\":true,\"valueName\":\"search_term_string\"}}],\"inLanguage\":\"fr-FR\"},{\"@type\":\"Organization\",\"@id\":\"https:\\\/\\\/daisyjames.eu\\\/fr\\\/#organization\",\"name\":\"Daisy James\",\"url\":\"https:\\\/\\\/daisyjames.eu\\\/fr\\\/\",\"logo\":{\"@type\":\"ImageObject\",\"inLanguage\":\"fr-FR\",\"@id\":\"https:\\\/\\\/daisyjames.eu\\\/fr\\\/#\\\/schema\\\/logo\\\/image\\\/\",\"url\":\"https:\\\/\\\/daisyjames.eu\\\/wp-content\\\/uploads\\\/2024\\\/09\\\/LogoDJzwart-1.png\",\"contentUrl\":\"https:\\\/\\\/daisyjames.eu\\\/wp-content\\\/uploads\\\/2024\\\/09\\\/LogoDJzwart-1.png\",\"width\":1125,\"height\":199,\"caption\":\"Daisy James\"},\"image\":{\"@id\":\"https:\\\/\\\/daisyjames.eu\\\/fr\\\/#\\\/schema\\\/logo\\\/image\\\/\"},\"sameAs\":[\"https:\\\/\\\/www.facebook.com\\\/Daisyjamesinteriorwallcovering\\\/\",\"https:\\\/\\\/x.com\\\/daisyjamesinterior\",\"https:\\\/\\\/pinterest.com\\\/daisyjameswallcovers\\\/\",\"https:\\\/\\\/nl.linkedin.com\\\/company\\\/d-a-i-s-y-j-a-m-e-s-interior-collection\"]}]}<\/script>\n<!-- \/ Yoast SEO Premium plugin. -->","yoast_head_json":{"title":"The Cruze - Papier peint design de luxe polyvalent | daisy james","description":"\"The Cruze\" de daisy james est un papier peint polyvalent qui s'int\u00e8gre parfaitement \u00e0 tous les styles d'int\u00e9rieur. Fabriqu\u00e9 avec des mat\u00e9riaux de premi\u00e8re qualit\u00e9, ce motif offre un impact visuel \u00e9poustouflant et une durabilit\u00e9 \u00e0 toute \u00e9preuve, ce qui en fait la toile de fond id\u00e9ale pour votre espace.","robots":{"index":"index","follow":"follow","max-snippet":"max-snippet:-1","max-image-preview":"max-image-preview:large","max-video-preview":"max-video-preview:-1"},"canonical":"https:\/\/daisyjames.eu\/fr\/collections\/la-cruze\/","schema":{"@context":"https:\/\/schema.org","@graph":[{"@type":"WebPage","@id":"https:\/\/daisyjames.eu\/fr\/collections\/la-cruze\/","url":"https:\/\/daisyjames.eu\/fr\/collections\/la-cruze\/","name":"The Cruze - Papier peint design de luxe polyvalent | daisy james","isPartOf":{"@id":"https:\/\/daisyjames.eu\/fr\/#website"},"primaryImageOfPage":{"@id":"https:\/\/daisyjames.eu\/fr\/collections\/la-cruze\/#primaryimage"},"image":{"@id":"https:\/\/daisyjames.eu\/fr\/collections\/la-cruze\/#primaryimage"},"thumbnailUrl":"https:\/\/daisyjames.eu\/wp-content\/uploads\/2024\/06\/dj341-the-cruze-1-scaled.jpg","datePublished":"2023-09-14T13:54:07+00:00","dateModified":"2025-10-24T12:48:15+00:00","description":"\"The Cruze\" de daisy james est un papier peint polyvalent qui s'int\u00e8gre parfaitement \u00e0 tous les styles d'int\u00e9rieur. Fabriqu\u00e9 avec des mat\u00e9riaux de premi\u00e8re qualit\u00e9, ce motif offre un impact visuel \u00e9poustouflant et une durabilit\u00e9 \u00e0 toute \u00e9preuve, ce qui en fait la toile de fond id\u00e9ale pour votre espace.","breadcrumb":{"@id":"https:\/\/daisyjames.eu\/fr\/collections\/la-cruze\/#breadcrumb"},"inLanguage":"fr-FR","potentialAction":[{"@type":"ReadAction","target":["https:\/\/daisyjames.eu\/fr\/collections\/la-cruze\/"]}]},{"@type":"ImageObject","inLanguage":"fr-FR","@id":"https:\/\/daisyjames.eu\/fr\/collections\/la-cruze\/#primaryimage","url":"https:\/\/daisyjames.eu\/wp-content\/uploads\/2024\/06\/dj341-the-cruze-1-scaled.jpg","contentUrl":"https:\/\/daisyjames.eu\/wp-content\/uploads\/2024\/06\/dj341-the-cruze-1-scaled.jpg","width":2560,"height":2327},{"@type":"BreadcrumbList","@id":"https:\/\/daisyjames.eu\/fr\/collections\/la-cruze\/#breadcrumb","itemListElement":[{"@type":"ListItem","position":1,"name":"Home","item":"https:\/\/daisyjames.eu\/fr\/"},{"@type":"ListItem","position":2,"name":"Tous les rev\u00eatements muraux","item":"https:\/\/daisyjames.eu\/fr\/boutique\/"},{"@type":"ListItem","position":3,"name":"The Cruze"}]},{"@type":"WebSite","@id":"https:\/\/daisyjames.eu\/fr\/#website","url":"https:\/\/daisyjames.eu\/fr\/","name":"Daisy James","description":"","publisher":{"@id":"https:\/\/daisyjames.eu\/fr\/#organization"},"potentialAction":[{"@type":"SearchAction","target":{"@type":"EntryPoint","urlTemplate":"https:\/\/daisyjames.eu\/fr\/?s={search_term_string}"},"query-input":{"@type":"PropertyValueSpecification","valueRequired":true,"valueName":"search_term_string"}}],"inLanguage":"fr-FR"},{"@type":"Organization","@id":"https:\/\/daisyjames.eu\/fr\/#organization","name":"Daisy James","url":"https:\/\/daisyjames.eu\/fr\/","logo":{"@type":"ImageObject","inLanguage":"fr-FR","@id":"https:\/\/daisyjames.eu\/fr\/#\/schema\/logo\/image\/","url":"https:\/\/daisyjames.eu\/wp-content\/uploads\/2024\/09\/LogoDJzwart-1.png","contentUrl":"https:\/\/daisyjames.eu\/wp-content\/uploads\/2024\/09\/LogoDJzwart-1.png","width":1125,"height":199,"caption":"Daisy James"},"image":{"@id":"https:\/\/daisyjames.eu\/fr\/#\/schema\/logo\/image\/"},"sameAs":["https:\/\/www.facebook.com\/Daisyjamesinteriorwallcovering\/","https:\/\/x.com\/daisyjamesinterior","https:\/\/pinterest.com\/daisyjameswallcovers\/","https:\/\/nl.linkedin.com\/company\/d-a-i-s-y-j-a-m-e-s-interior-collection"]}]}},"_links":{"self":[{"href":"https:\/\/daisyjames.eu\/fr\/wp-json\/wp\/v2\/product\/27534","targetHints":{"allow":["GET"]}}],"collection":[{"href":"https:\/\/daisyjames.eu\/fr\/wp-json\/wp\/v2\/product"}],"about":[{"href":"https:\/\/daisyjames.eu\/fr\/wp-json\/wp\/v2\/types\/product"}],"replies":[{"embeddable":true,"href":"https:\/\/daisyjames.eu\/fr\/wp-json\/wp\/v2\/comments?post=27534"}],"wp:featuredmedia":[{"embeddable":true,"href":"https:\/\/daisyjames.eu\/fr\/wp-json\/wp\/v2\/media\/37107"}],"wp:attachment":[{"href":"https:\/\/daisyjames.eu\/fr\/wp-json\/wp\/v2\/media?parent=27534"}],"wp:term":[{"taxonomy":"product_brand","embeddable":true,"href":"https:\/\/daisyjames.eu\/fr\/wp-json\/wp\/v2\/product_brand?post=27534"},{"taxonomy":"product_cat","embeddable":true,"href":"https:\/\/daisyjames.eu\/fr\/wp-json\/wp\/v2\/product_cat?post=27534"},{"taxonomy":"product_tag","embeddable":true,"href":"https:\/\/daisyjames.eu\/fr\/wp-json\/wp\/v2\/product_tag?post=27534"}],"curies":[{"name":"wp","href":"https:\/\/api.w.org\/{rel}","templated":true}]}}