
{"id":27650,"date":"2024-06-07T17:46:59","date_gmt":"2024-06-07T17:46:59","guid":{"rendered":"https:\/\/staging.daisyjames.eu\/collection\/la-vue-n-1\/"},"modified":"2025-10-24T12:10:59","modified_gmt":"2025-10-24T12:10:59","slug":"la-vue-n-1","status":"publish","type":"product","link":"https:\/\/daisyjames.eu\/fr\/collections\/la-vue-n-1\/","title":{"rendered":"The View No.1"},"content":{"rendered":"","protected":false},"excerpt":{"rendered":"<p>Transformez votre espace de vie avec ce design exclusif, <em>&#8220;The View No.1&#8221;<\/em>. Ce superbe papier peint pr\u00e9sente des figures abstraites et des tons chauds, qui se fondent harmonieusement pour cr\u00e9er une exp\u00e9rience visuelle captivante. Contrairement \u00e0 un papier peint classique, <em>&#8220;The View No.1&#8221;<\/em> est fabriqu\u00e9 d&#8217;une seule pi\u00e8ce, ce qui garantit un design lisse et continu, sans r\u00e9p\u00e9tition. <em>&#8220;The View No.1&#8221;<\/em> pr\u00e9sente de magnifiques zones chaudes avec des contours subtils de figures am\u00e9rindiennes tiss\u00e9es de mani\u00e8re complexe dans le dessin. Ces \u00e9l\u00e9ments sont int\u00e9gr\u00e9s de mani\u00e8re r\u00e9fl\u00e9chie, faisant d&#8217;eux une partie naturelle de la composition plut\u00f4t que de simples d\u00e9corations.<\/p>\n","protected":false},"featured_media":9900,"comment_status":"closed","ping_status":"closed","template":"","meta":{"_acf_changed":false},"product_brand":[],"product_cat":[786,507],"product_tag":[],"class_list":{"0":"post-27650","1":"product","2":"type-product","3":"status-publish","4":"has-post-thumbnail","6":"product_cat-cultural-fusion-fr","7":"product_cat-expressive-statement-fr","8":"pa_colour-aubergine-fr","9":"pa_colour-multi-colours-fr","10":"pa_colour-orange-fr","11":"pa_colour-rouge","12":"pa_colour-terra-fr","13":"pa_theme-faces-fr","15":"first","16":"instock","17":"purchasable","18":"product-type-simple"},"acf":[],"yoast_head":"<!-- This site is optimized with the Yoast SEO Premium plugin v27.3 (Yoast SEO v27.3) - https:\/\/yoast.com\/product\/yoast-seo-premium-wordpress\/ -->\n<title>The View No.1 - Papier peint abstrait | daisy james<\/title>\n<meta name=\"description\" content=\"&quot;The View No.1&quot; de daisy james est un papier peint \u00e9tonnant compos\u00e9 de figures abstraites et de tons chauds qui se m\u00e9langent harmonieusement pour cr\u00e9er un design captivant. Avec des figures am\u00e9rindiennes subtilement int\u00e9gr\u00e9es, cette pi\u00e8ce unique offre une exp\u00e9rience visuelle continue et harmonieuse.\" \/>\n<meta name=\"robots\" content=\"index, follow, max-snippet:-1, max-image-preview:large, max-video-preview:-1\" \/>\n<link rel=\"canonical\" href=\"https:\/\/daisyjames.eu\/fr\/collections\/la-vue-n-1\/\" \/>\n<script type=\"application\/ld+json\" class=\"yoast-schema-graph\">{\"@context\":\"https:\\\/\\\/schema.org\",\"@graph\":[{\"@type\":\"WebPage\",\"@id\":\"https:\\\/\\\/daisyjames.eu\\\/fr\\\/collections\\\/la-vue-n-1\\\/\",\"url\":\"https:\\\/\\\/daisyjames.eu\\\/fr\\\/collections\\\/la-vue-n-1\\\/\",\"name\":\"The View No.1 - Papier peint abstrait | daisy james\",\"isPartOf\":{\"@id\":\"https:\\\/\\\/daisyjames.eu\\\/fr\\\/#website\"},\"primaryImageOfPage\":{\"@id\":\"https:\\\/\\\/daisyjames.eu\\\/fr\\\/collections\\\/la-vue-n-1\\\/#primaryimage\"},\"image\":{\"@id\":\"https:\\\/\\\/daisyjames.eu\\\/fr\\\/collections\\\/la-vue-n-1\\\/#primaryimage\"},\"thumbnailUrl\":\"https:\\\/\\\/daisyjames.eu\\\/wp-content\\\/uploads\\\/2024\\\/07\\\/dj355-the-view-1-scaled.jpg\",\"datePublished\":\"2024-06-07T17:46:59+00:00\",\"dateModified\":\"2025-10-24T12:10:59+00:00\",\"description\":\"\\\"The View No.1\\\" de daisy james est un papier peint \u00e9tonnant compos\u00e9 de figures abstraites et de tons chauds qui se m\u00e9langent harmonieusement pour cr\u00e9er un design captivant. Avec des figures am\u00e9rindiennes subtilement int\u00e9gr\u00e9es, cette pi\u00e8ce unique offre une exp\u00e9rience visuelle continue et harmonieuse.\",\"breadcrumb\":{\"@id\":\"https:\\\/\\\/daisyjames.eu\\\/fr\\\/collections\\\/la-vue-n-1\\\/#breadcrumb\"},\"inLanguage\":\"fr-FR\",\"potentialAction\":[{\"@type\":\"ReadAction\",\"target\":[\"https:\\\/\\\/daisyjames.eu\\\/fr\\\/collections\\\/la-vue-n-1\\\/\"]}]},{\"@type\":\"ImageObject\",\"inLanguage\":\"fr-FR\",\"@id\":\"https:\\\/\\\/daisyjames.eu\\\/fr\\\/collections\\\/la-vue-n-1\\\/#primaryimage\",\"url\":\"https:\\\/\\\/daisyjames.eu\\\/wp-content\\\/uploads\\\/2024\\\/07\\\/dj355-the-view-1-scaled.jpg\",\"contentUrl\":\"https:\\\/\\\/daisyjames.eu\\\/wp-content\\\/uploads\\\/2024\\\/07\\\/dj355-the-view-1-scaled.jpg\",\"width\":2560,\"height\":2545},{\"@type\":\"BreadcrumbList\",\"@id\":\"https:\\\/\\\/daisyjames.eu\\\/fr\\\/collections\\\/la-vue-n-1\\\/#breadcrumb\",\"itemListElement\":[{\"@type\":\"ListItem\",\"position\":1,\"name\":\"Home\",\"item\":\"https:\\\/\\\/daisyjames.eu\\\/fr\\\/\"},{\"@type\":\"ListItem\",\"position\":2,\"name\":\"Tous les rev\u00eatements muraux\",\"item\":\"https:\\\/\\\/daisyjames.eu\\\/fr\\\/boutique\\\/\"},{\"@type\":\"ListItem\",\"position\":3,\"name\":\"The View No.1\"}]},{\"@type\":\"WebSite\",\"@id\":\"https:\\\/\\\/daisyjames.eu\\\/fr\\\/#website\",\"url\":\"https:\\\/\\\/daisyjames.eu\\\/fr\\\/\",\"name\":\"Daisy James\",\"description\":\"\",\"publisher\":{\"@id\":\"https:\\\/\\\/daisyjames.eu\\\/fr\\\/#organization\"},\"potentialAction\":[{\"@type\":\"SearchAction\",\"target\":{\"@type\":\"EntryPoint\",\"urlTemplate\":\"https:\\\/\\\/daisyjames.eu\\\/fr\\\/?s={search_term_string}\"},\"query-input\":{\"@type\":\"PropertyValueSpecification\",\"valueRequired\":true,\"valueName\":\"search_term_string\"}}],\"inLanguage\":\"fr-FR\"},{\"@type\":\"Organization\",\"@id\":\"https:\\\/\\\/daisyjames.eu\\\/fr\\\/#organization\",\"name\":\"Daisy James\",\"url\":\"https:\\\/\\\/daisyjames.eu\\\/fr\\\/\",\"logo\":{\"@type\":\"ImageObject\",\"inLanguage\":\"fr-FR\",\"@id\":\"https:\\\/\\\/daisyjames.eu\\\/fr\\\/#\\\/schema\\\/logo\\\/image\\\/\",\"url\":\"https:\\\/\\\/daisyjames.eu\\\/wp-content\\\/uploads\\\/2024\\\/09\\\/LogoDJzwart-1.png\",\"contentUrl\":\"https:\\\/\\\/daisyjames.eu\\\/wp-content\\\/uploads\\\/2024\\\/09\\\/LogoDJzwart-1.png\",\"width\":1125,\"height\":199,\"caption\":\"Daisy James\"},\"image\":{\"@id\":\"https:\\\/\\\/daisyjames.eu\\\/fr\\\/#\\\/schema\\\/logo\\\/image\\\/\"},\"sameAs\":[\"https:\\\/\\\/www.facebook.com\\\/Daisyjamesinteriorwallcovering\\\/\",\"https:\\\/\\\/x.com\\\/daisyjamesinterior\",\"https:\\\/\\\/pinterest.com\\\/daisyjameswallcovers\\\/\",\"https:\\\/\\\/nl.linkedin.com\\\/company\\\/d-a-i-s-y-j-a-m-e-s-interior-collection\"]}]}<\/script>\n<!-- \/ Yoast SEO Premium plugin. -->","yoast_head_json":{"title":"The View No.1 - Papier peint abstrait | daisy james","description":"\"The View No.1\" de daisy james est un papier peint \u00e9tonnant compos\u00e9 de figures abstraites et de tons chauds qui se m\u00e9langent harmonieusement pour cr\u00e9er un design captivant. Avec des figures am\u00e9rindiennes subtilement int\u00e9gr\u00e9es, cette pi\u00e8ce unique offre une exp\u00e9rience visuelle continue et harmonieuse.","robots":{"index":"index","follow":"follow","max-snippet":"max-snippet:-1","max-image-preview":"max-image-preview:large","max-video-preview":"max-video-preview:-1"},"canonical":"https:\/\/daisyjames.eu\/fr\/collections\/la-vue-n-1\/","schema":{"@context":"https:\/\/schema.org","@graph":[{"@type":"WebPage","@id":"https:\/\/daisyjames.eu\/fr\/collections\/la-vue-n-1\/","url":"https:\/\/daisyjames.eu\/fr\/collections\/la-vue-n-1\/","name":"The View No.1 - Papier peint abstrait | daisy james","isPartOf":{"@id":"https:\/\/daisyjames.eu\/fr\/#website"},"primaryImageOfPage":{"@id":"https:\/\/daisyjames.eu\/fr\/collections\/la-vue-n-1\/#primaryimage"},"image":{"@id":"https:\/\/daisyjames.eu\/fr\/collections\/la-vue-n-1\/#primaryimage"},"thumbnailUrl":"https:\/\/daisyjames.eu\/wp-content\/uploads\/2024\/07\/dj355-the-view-1-scaled.jpg","datePublished":"2024-06-07T17:46:59+00:00","dateModified":"2025-10-24T12:10:59+00:00","description":"\"The View No.1\" de daisy james est un papier peint \u00e9tonnant compos\u00e9 de figures abstraites et de tons chauds qui se m\u00e9langent harmonieusement pour cr\u00e9er un design captivant. Avec des figures am\u00e9rindiennes subtilement int\u00e9gr\u00e9es, cette pi\u00e8ce unique offre une exp\u00e9rience visuelle continue et harmonieuse.","breadcrumb":{"@id":"https:\/\/daisyjames.eu\/fr\/collections\/la-vue-n-1\/#breadcrumb"},"inLanguage":"fr-FR","potentialAction":[{"@type":"ReadAction","target":["https:\/\/daisyjames.eu\/fr\/collections\/la-vue-n-1\/"]}]},{"@type":"ImageObject","inLanguage":"fr-FR","@id":"https:\/\/daisyjames.eu\/fr\/collections\/la-vue-n-1\/#primaryimage","url":"https:\/\/daisyjames.eu\/wp-content\/uploads\/2024\/07\/dj355-the-view-1-scaled.jpg","contentUrl":"https:\/\/daisyjames.eu\/wp-content\/uploads\/2024\/07\/dj355-the-view-1-scaled.jpg","width":2560,"height":2545},{"@type":"BreadcrumbList","@id":"https:\/\/daisyjames.eu\/fr\/collections\/la-vue-n-1\/#breadcrumb","itemListElement":[{"@type":"ListItem","position":1,"name":"Home","item":"https:\/\/daisyjames.eu\/fr\/"},{"@type":"ListItem","position":2,"name":"Tous les rev\u00eatements muraux","item":"https:\/\/daisyjames.eu\/fr\/boutique\/"},{"@type":"ListItem","position":3,"name":"The View No.1"}]},{"@type":"WebSite","@id":"https:\/\/daisyjames.eu\/fr\/#website","url":"https:\/\/daisyjames.eu\/fr\/","name":"Daisy James","description":"","publisher":{"@id":"https:\/\/daisyjames.eu\/fr\/#organization"},"potentialAction":[{"@type":"SearchAction","target":{"@type":"EntryPoint","urlTemplate":"https:\/\/daisyjames.eu\/fr\/?s={search_term_string}"},"query-input":{"@type":"PropertyValueSpecification","valueRequired":true,"valueName":"search_term_string"}}],"inLanguage":"fr-FR"},{"@type":"Organization","@id":"https:\/\/daisyjames.eu\/fr\/#organization","name":"Daisy James","url":"https:\/\/daisyjames.eu\/fr\/","logo":{"@type":"ImageObject","inLanguage":"fr-FR","@id":"https:\/\/daisyjames.eu\/fr\/#\/schema\/logo\/image\/","url":"https:\/\/daisyjames.eu\/wp-content\/uploads\/2024\/09\/LogoDJzwart-1.png","contentUrl":"https:\/\/daisyjames.eu\/wp-content\/uploads\/2024\/09\/LogoDJzwart-1.png","width":1125,"height":199,"caption":"Daisy James"},"image":{"@id":"https:\/\/daisyjames.eu\/fr\/#\/schema\/logo\/image\/"},"sameAs":["https:\/\/www.facebook.com\/Daisyjamesinteriorwallcovering\/","https:\/\/x.com\/daisyjamesinterior","https:\/\/pinterest.com\/daisyjameswallcovers\/","https:\/\/nl.linkedin.com\/company\/d-a-i-s-y-j-a-m-e-s-interior-collection"]}]}},"_links":{"self":[{"href":"https:\/\/daisyjames.eu\/fr\/wp-json\/wp\/v2\/product\/27650","targetHints":{"allow":["GET"]}}],"collection":[{"href":"https:\/\/daisyjames.eu\/fr\/wp-json\/wp\/v2\/product"}],"about":[{"href":"https:\/\/daisyjames.eu\/fr\/wp-json\/wp\/v2\/types\/product"}],"replies":[{"embeddable":true,"href":"https:\/\/daisyjames.eu\/fr\/wp-json\/wp\/v2\/comments?post=27650"}],"wp:featuredmedia":[{"embeddable":true,"href":"https:\/\/daisyjames.eu\/fr\/wp-json\/wp\/v2\/media\/9900"}],"wp:attachment":[{"href":"https:\/\/daisyjames.eu\/fr\/wp-json\/wp\/v2\/media?parent=27650"}],"wp:term":[{"taxonomy":"product_brand","embeddable":true,"href":"https:\/\/daisyjames.eu\/fr\/wp-json\/wp\/v2\/product_brand?post=27650"},{"taxonomy":"product_cat","embeddable":true,"href":"https:\/\/daisyjames.eu\/fr\/wp-json\/wp\/v2\/product_cat?post=27650"},{"taxonomy":"product_tag","embeddable":true,"href":"https:\/\/daisyjames.eu\/fr\/wp-json\/wp\/v2\/product_tag?post=27650"}],"curies":[{"name":"wp","href":"https:\/\/api.w.org\/{rel}","templated":true}]}}