
{"id":27668,"date":"2024-06-21T09:34:17","date_gmt":"2024-06-21T09:34:17","guid":{"rendered":"https:\/\/staging.daisyjames.eu\/collection\/le-floret\/"},"modified":"2025-10-20T10:32:06","modified_gmt":"2025-10-20T10:32:06","slug":"le-floret","status":"publish","type":"product","link":"https:\/\/daisyjames.eu\/fr\/collections\/le-floret\/","title":{"rendered":"The Floret"},"content":{"rendered":"","protected":false},"excerpt":{"rendered":"<p>&#8220;<em>The Floret&#8221;<\/em> est un papier peint \u00e9l\u00e9gant compos\u00e9 de fleurs color\u00e9es qui transforment n&#8217;importe quel espace en jardin floral. Les motifs floraux ludiques dans des tons vibrants ajoutent de la gaiet\u00e9 \u00e0 tout int\u00e9rieur, tandis que les d\u00e9tails complexes et les couleurs vives donnent un aspect dynamique. Le rev\u00eatement mural <strong>daisy james<\/strong><em> &#8220;The Floret&#8221;<\/em> s&#8217;associe parfaitement \u00e0 l&#8217;\u00e9l\u00e9gance subtile du<em>&#8220;Ply Beige&#8221;<\/em>. Cette couleur calme et raffin\u00e9e offre un beau contraste avec les fleurs exub\u00e9rantes, se rehaussant l&#8217;une l&#8217;autre et cr\u00e9ant un ensemble harmonieux. L&#8217;association de <em>&#8220;The Floret&#8221;<\/em> et de <em>&#8220;Ply Beige&#8221;<\/em> conf\u00e8re \u00e0 votre espace une atmosph\u00e8re chaleureuse et accueillante, id\u00e9ale pour toute pi\u00e8ce ayant besoin d&#8217;une mise \u00e0 jour fra\u00eeche et inspirante.<br \/>\nFaites briller votre int\u00e9rieur avec la beaut\u00e9 de<em> &#8220;The Floret&#8221;<\/em> et le charme raffin\u00e9 de<em>&#8220;Ply Beige&#8221;.<\/em> Ensemble, ils forment une symphonie parfaite de couleurs et de style qui donne vie \u00e0 chaque pi\u00e8ce.<\/p>\n","protected":false},"featured_media":9828,"comment_status":"closed","ping_status":"closed","template":"","meta":{"_acf_changed":false},"product_brand":[],"product_cat":[533],"product_tag":[],"class_list":{"0":"post-27668","1":"product","2":"type-product","3":"status-publish","4":"has-post-thumbnail","6":"product_cat-modern-florals-fr","7":"pa_colour-multi-colours-fr","8":"pa_colour-rose","9":"pa_colour-rouge","10":"pa_theme-flowers-fr","11":"pa_theme-nature-fr","13":"first","14":"instock","15":"purchasable","16":"product-type-simple"},"acf":[],"yoast_head":"<!-- This site is optimized with the Yoast SEO Premium plugin v27.3 (Yoast SEO v27.3) - https:\/\/yoast.com\/product\/yoast-seo-premium-wordpress\/ -->\n<title>The Floret - Papier peint floral vibrant | daisy james<\/title>\n<meta name=\"description\" content=\"Transformez votre espace avec le papier peint &quot;The Floret&quot; de daisy james, compos\u00e9 de fleurs vibrantes qui ajoutent de la gaiet\u00e9 et de l&#039;\u00e9l\u00e9gance. Associ\u00e9 aux tons calmes de &quot;Ply Beige&quot;, cette combinaison cr\u00e9e une atmosph\u00e8re chaleureuse et accueillante et une mise \u00e0 jour harmonieuse et fra\u00eeche de n&#039;importe quelle pi\u00e8ce.\" \/>\n<meta name=\"robots\" content=\"index, follow, max-snippet:-1, max-image-preview:large, max-video-preview:-1\" \/>\n<link rel=\"canonical\" href=\"https:\/\/daisyjames.eu\/fr\/collections\/le-floret\/\" \/>\n<script type=\"application\/ld+json\" class=\"yoast-schema-graph\">{\"@context\":\"https:\\\/\\\/schema.org\",\"@graph\":[{\"@type\":\"WebPage\",\"@id\":\"https:\\\/\\\/daisyjames.eu\\\/fr\\\/collections\\\/le-floret\\\/\",\"url\":\"https:\\\/\\\/daisyjames.eu\\\/fr\\\/collections\\\/le-floret\\\/\",\"name\":\"The Floret - Papier peint floral vibrant | daisy james\",\"isPartOf\":{\"@id\":\"https:\\\/\\\/daisyjames.eu\\\/fr\\\/#website\"},\"primaryImageOfPage\":{\"@id\":\"https:\\\/\\\/daisyjames.eu\\\/fr\\\/collections\\\/le-floret\\\/#primaryimage\"},\"image\":{\"@id\":\"https:\\\/\\\/daisyjames.eu\\\/fr\\\/collections\\\/le-floret\\\/#primaryimage\"},\"thumbnailUrl\":\"https:\\\/\\\/daisyjames.eu\\\/wp-content\\\/uploads\\\/2024\\\/07\\\/dj349-the-floret-1b-scaled.jpg\",\"datePublished\":\"2024-06-21T09:34:17+00:00\",\"dateModified\":\"2025-10-20T10:32:06+00:00\",\"description\":\"Transformez votre espace avec le papier peint \\\"The Floret\\\" de daisy james, compos\u00e9 de fleurs vibrantes qui ajoutent de la gaiet\u00e9 et de l'\u00e9l\u00e9gance. Associ\u00e9 aux tons calmes de \\\"Ply Beige\\\", cette combinaison cr\u00e9e une atmosph\u00e8re chaleureuse et accueillante et une mise \u00e0 jour harmonieuse et fra\u00eeche de n'importe quelle pi\u00e8ce.\",\"breadcrumb\":{\"@id\":\"https:\\\/\\\/daisyjames.eu\\\/fr\\\/collections\\\/le-floret\\\/#breadcrumb\"},\"inLanguage\":\"fr-FR\",\"potentialAction\":[{\"@type\":\"ReadAction\",\"target\":[\"https:\\\/\\\/daisyjames.eu\\\/fr\\\/collections\\\/le-floret\\\/\"]}]},{\"@type\":\"ImageObject\",\"inLanguage\":\"fr-FR\",\"@id\":\"https:\\\/\\\/daisyjames.eu\\\/fr\\\/collections\\\/le-floret\\\/#primaryimage\",\"url\":\"https:\\\/\\\/daisyjames.eu\\\/wp-content\\\/uploads\\\/2024\\\/07\\\/dj349-the-floret-1b-scaled.jpg\",\"contentUrl\":\"https:\\\/\\\/daisyjames.eu\\\/wp-content\\\/uploads\\\/2024\\\/07\\\/dj349-the-floret-1b-scaled.jpg\",\"width\":1702,\"height\":2560},{\"@type\":\"BreadcrumbList\",\"@id\":\"https:\\\/\\\/daisyjames.eu\\\/fr\\\/collections\\\/le-floret\\\/#breadcrumb\",\"itemListElement\":[{\"@type\":\"ListItem\",\"position\":1,\"name\":\"Home\",\"item\":\"https:\\\/\\\/daisyjames.eu\\\/fr\\\/\"},{\"@type\":\"ListItem\",\"position\":2,\"name\":\"Tous les rev\u00eatements muraux\",\"item\":\"https:\\\/\\\/daisyjames.eu\\\/fr\\\/boutique\\\/\"},{\"@type\":\"ListItem\",\"position\":3,\"name\":\"The Floret\"}]},{\"@type\":\"WebSite\",\"@id\":\"https:\\\/\\\/daisyjames.eu\\\/fr\\\/#website\",\"url\":\"https:\\\/\\\/daisyjames.eu\\\/fr\\\/\",\"name\":\"Daisy James\",\"description\":\"\",\"publisher\":{\"@id\":\"https:\\\/\\\/daisyjames.eu\\\/fr\\\/#organization\"},\"potentialAction\":[{\"@type\":\"SearchAction\",\"target\":{\"@type\":\"EntryPoint\",\"urlTemplate\":\"https:\\\/\\\/daisyjames.eu\\\/fr\\\/?s={search_term_string}\"},\"query-input\":{\"@type\":\"PropertyValueSpecification\",\"valueRequired\":true,\"valueName\":\"search_term_string\"}}],\"inLanguage\":\"fr-FR\"},{\"@type\":\"Organization\",\"@id\":\"https:\\\/\\\/daisyjames.eu\\\/fr\\\/#organization\",\"name\":\"Daisy James\",\"url\":\"https:\\\/\\\/daisyjames.eu\\\/fr\\\/\",\"logo\":{\"@type\":\"ImageObject\",\"inLanguage\":\"fr-FR\",\"@id\":\"https:\\\/\\\/daisyjames.eu\\\/fr\\\/#\\\/schema\\\/logo\\\/image\\\/\",\"url\":\"https:\\\/\\\/daisyjames.eu\\\/wp-content\\\/uploads\\\/2024\\\/09\\\/LogoDJzwart-1.png\",\"contentUrl\":\"https:\\\/\\\/daisyjames.eu\\\/wp-content\\\/uploads\\\/2024\\\/09\\\/LogoDJzwart-1.png\",\"width\":1125,\"height\":199,\"caption\":\"Daisy James\"},\"image\":{\"@id\":\"https:\\\/\\\/daisyjames.eu\\\/fr\\\/#\\\/schema\\\/logo\\\/image\\\/\"},\"sameAs\":[\"https:\\\/\\\/www.facebook.com\\\/Daisyjamesinteriorwallcovering\\\/\",\"https:\\\/\\\/x.com\\\/daisyjamesinterior\",\"https:\\\/\\\/pinterest.com\\\/daisyjameswallcovers\\\/\",\"https:\\\/\\\/nl.linkedin.com\\\/company\\\/d-a-i-s-y-j-a-m-e-s-interior-collection\"]}]}<\/script>\n<!-- \/ Yoast SEO Premium plugin. -->","yoast_head_json":{"title":"The Floret - Papier peint floral vibrant | daisy james","description":"Transformez votre espace avec le papier peint \"The Floret\" de daisy james, compos\u00e9 de fleurs vibrantes qui ajoutent de la gaiet\u00e9 et de l'\u00e9l\u00e9gance. Associ\u00e9 aux tons calmes de \"Ply Beige\", cette combinaison cr\u00e9e une atmosph\u00e8re chaleureuse et accueillante et une mise \u00e0 jour harmonieuse et fra\u00eeche de n'importe quelle pi\u00e8ce.","robots":{"index":"index","follow":"follow","max-snippet":"max-snippet:-1","max-image-preview":"max-image-preview:large","max-video-preview":"max-video-preview:-1"},"canonical":"https:\/\/daisyjames.eu\/fr\/collections\/le-floret\/","schema":{"@context":"https:\/\/schema.org","@graph":[{"@type":"WebPage","@id":"https:\/\/daisyjames.eu\/fr\/collections\/le-floret\/","url":"https:\/\/daisyjames.eu\/fr\/collections\/le-floret\/","name":"The Floret - Papier peint floral vibrant | daisy james","isPartOf":{"@id":"https:\/\/daisyjames.eu\/fr\/#website"},"primaryImageOfPage":{"@id":"https:\/\/daisyjames.eu\/fr\/collections\/le-floret\/#primaryimage"},"image":{"@id":"https:\/\/daisyjames.eu\/fr\/collections\/le-floret\/#primaryimage"},"thumbnailUrl":"https:\/\/daisyjames.eu\/wp-content\/uploads\/2024\/07\/dj349-the-floret-1b-scaled.jpg","datePublished":"2024-06-21T09:34:17+00:00","dateModified":"2025-10-20T10:32:06+00:00","description":"Transformez votre espace avec le papier peint \"The Floret\" de daisy james, compos\u00e9 de fleurs vibrantes qui ajoutent de la gaiet\u00e9 et de l'\u00e9l\u00e9gance. Associ\u00e9 aux tons calmes de \"Ply Beige\", cette combinaison cr\u00e9e une atmosph\u00e8re chaleureuse et accueillante et une mise \u00e0 jour harmonieuse et fra\u00eeche de n'importe quelle pi\u00e8ce.","breadcrumb":{"@id":"https:\/\/daisyjames.eu\/fr\/collections\/le-floret\/#breadcrumb"},"inLanguage":"fr-FR","potentialAction":[{"@type":"ReadAction","target":["https:\/\/daisyjames.eu\/fr\/collections\/le-floret\/"]}]},{"@type":"ImageObject","inLanguage":"fr-FR","@id":"https:\/\/daisyjames.eu\/fr\/collections\/le-floret\/#primaryimage","url":"https:\/\/daisyjames.eu\/wp-content\/uploads\/2024\/07\/dj349-the-floret-1b-scaled.jpg","contentUrl":"https:\/\/daisyjames.eu\/wp-content\/uploads\/2024\/07\/dj349-the-floret-1b-scaled.jpg","width":1702,"height":2560},{"@type":"BreadcrumbList","@id":"https:\/\/daisyjames.eu\/fr\/collections\/le-floret\/#breadcrumb","itemListElement":[{"@type":"ListItem","position":1,"name":"Home","item":"https:\/\/daisyjames.eu\/fr\/"},{"@type":"ListItem","position":2,"name":"Tous les rev\u00eatements muraux","item":"https:\/\/daisyjames.eu\/fr\/boutique\/"},{"@type":"ListItem","position":3,"name":"The Floret"}]},{"@type":"WebSite","@id":"https:\/\/daisyjames.eu\/fr\/#website","url":"https:\/\/daisyjames.eu\/fr\/","name":"Daisy James","description":"","publisher":{"@id":"https:\/\/daisyjames.eu\/fr\/#organization"},"potentialAction":[{"@type":"SearchAction","target":{"@type":"EntryPoint","urlTemplate":"https:\/\/daisyjames.eu\/fr\/?s={search_term_string}"},"query-input":{"@type":"PropertyValueSpecification","valueRequired":true,"valueName":"search_term_string"}}],"inLanguage":"fr-FR"},{"@type":"Organization","@id":"https:\/\/daisyjames.eu\/fr\/#organization","name":"Daisy James","url":"https:\/\/daisyjames.eu\/fr\/","logo":{"@type":"ImageObject","inLanguage":"fr-FR","@id":"https:\/\/daisyjames.eu\/fr\/#\/schema\/logo\/image\/","url":"https:\/\/daisyjames.eu\/wp-content\/uploads\/2024\/09\/LogoDJzwart-1.png","contentUrl":"https:\/\/daisyjames.eu\/wp-content\/uploads\/2024\/09\/LogoDJzwart-1.png","width":1125,"height":199,"caption":"Daisy James"},"image":{"@id":"https:\/\/daisyjames.eu\/fr\/#\/schema\/logo\/image\/"},"sameAs":["https:\/\/www.facebook.com\/Daisyjamesinteriorwallcovering\/","https:\/\/x.com\/daisyjamesinterior","https:\/\/pinterest.com\/daisyjameswallcovers\/","https:\/\/nl.linkedin.com\/company\/d-a-i-s-y-j-a-m-e-s-interior-collection"]}]}},"_links":{"self":[{"href":"https:\/\/daisyjames.eu\/fr\/wp-json\/wp\/v2\/product\/27668","targetHints":{"allow":["GET"]}}],"collection":[{"href":"https:\/\/daisyjames.eu\/fr\/wp-json\/wp\/v2\/product"}],"about":[{"href":"https:\/\/daisyjames.eu\/fr\/wp-json\/wp\/v2\/types\/product"}],"replies":[{"embeddable":true,"href":"https:\/\/daisyjames.eu\/fr\/wp-json\/wp\/v2\/comments?post=27668"}],"wp:featuredmedia":[{"embeddable":true,"href":"https:\/\/daisyjames.eu\/fr\/wp-json\/wp\/v2\/media\/9828"}],"wp:attachment":[{"href":"https:\/\/daisyjames.eu\/fr\/wp-json\/wp\/v2\/media?parent=27668"}],"wp:term":[{"taxonomy":"product_brand","embeddable":true,"href":"https:\/\/daisyjames.eu\/fr\/wp-json\/wp\/v2\/product_brand?post=27668"},{"taxonomy":"product_cat","embeddable":true,"href":"https:\/\/daisyjames.eu\/fr\/wp-json\/wp\/v2\/product_cat?post=27668"},{"taxonomy":"product_tag","embeddable":true,"href":"https:\/\/daisyjames.eu\/fr\/wp-json\/wp\/v2\/product_tag?post=27668"}],"curies":[{"name":"wp","href":"https:\/\/api.w.org\/{rel}","templated":true}]}}