
{"id":29603,"date":"2025-09-17T13:40:18","date_gmt":"2025-09-17T13:40:18","guid":{"rendered":"https:\/\/staging.daisyjames.eu\/collection\/the-nomad\/"},"modified":"2026-04-09T15:44:53","modified_gmt":"2026-04-09T15:44:53","slug":"the-nomad","status":"publish","type":"product","link":"https:\/\/daisyjames.eu\/fr\/collections\/the-nomad\/","title":{"rendered":"The Nomad"},"content":{"rendered":"<p data-start=\"2804\" data-end=\"3077\">Avec &#8220;<em>T<\/em>he Nomad&#8221; <strong data-start=\"2822\" data-end=\"2837\">daisy james<\/strong> pr\u00e9sente un rev\u00eatement mural qui capture l&#8217;esprit boh\u00e8me. Le motif noir en filet apporte structure et rythme, tandis que le d\u00e9grad\u00e9 de terracotta, d&#8217;orange et de gris fonc\u00e9 du fond rappelle le charme patin\u00e9 des vieux remparts.<\/p>\n<p data-start=\"3079\" data-end=\"3332\">Cette fusion de textures brutes et de tons chauds cr\u00e9e un int\u00e9rieur \u00e0 la fois audacieux et chaleureux.<em> &#8220;The Nomad&#8221;<\/em> est \u00e0 la fois chaleureux et audacieux, ce qui le rend id\u00e9al pour les espaces qui m\u00e9ritent caract\u00e8re et chaleur, comme un salon, un loft ou un espace de travail cr\u00e9atif.<\/p>\n<p data-start=\"3334\" data-end=\"3350\"><strong data-start=\"3334\" data-end=\"3348\">Highlights<\/strong><\/p>\n<ul>\n<li data-start=\"3353\" data-end=\"3386\">Rev\u00eatement mural de <strong data-start=\"3366\" data-end=\"3384\">style boh\u00e8me<\/strong><\/li>\n<li data-start=\"3389\" data-end=\"3437\"><strong data-start=\"3395\" data-end=\"3415\">Motif en filet noir<\/strong> avec un attrait graphique<\/li>\n<li data-start=\"3440\" data-end=\"3492\">Fond en <strong data-start=\"3454\" data-end=\"3490\">terre cuite, orange et gris fonc\u00e9<\/strong><\/li>\n<li data-start=\"3495\" data-end=\"3543\">\u00c9voque l&#8217;aspect d&#8217;un <strong data-start=\"3517\" data-end=\"3541\">mur vieilli et patin\u00e9<\/strong><\/li>\n<li data-start=\"3546\" data-end=\"3595\">Id\u00e9al pour les int\u00e9rieurs de caract\u00e8re et de chaleur<\/li>\n<\/ul>\n<p data-start=\"3597\" data-end=\"3766\"><strong data-start=\"3597\" data-end=\"3612\">Conseil de style<\/strong><\/p>\n<ul>\n<li data-start=\"629\" data-end=\"762\">Associez <em>&#8220;The Nomad&#8221;<\/em> \u00e0 des<strong data-start=\"651\" data-end=\"676\"> meubles noirs \u00e9l\u00e9gants<\/strong> et \u00e0 des <strong data-start=\"686\" data-end=\"704\">coussins en lin<\/strong> doux pour cr\u00e9er un \u00e9quilibre passionnant entre audacieux et naturel.<\/li>\n<li data-start=\"765\" data-end=\"871\">Ajoutez un m\u00e9lange de <strong data-start=\"778\" data-end=\"801\">tissus en lin l\u00e9ger<\/strong> et de <strong data-start=\"806\" data-end=\"829\">d\u00e9tails noirs mats<\/strong> pour un look boh\u00e8me avec une touche moderne.<\/li>\n<li data-start=\"874\" data-end=\"999\">Terminez avec des <strong data-start=\"886\" data-end=\"909\">accents en m\u00e9tal noir<\/strong> et des<strong data-start=\"914\" data-end=\"934\"> textures naturelles<\/strong> comme le lin ou le coton pour apporter de la chaleur tout en gardant du style.<\/li>\n<\/ul>\n","protected":false},"excerpt":{"rendered":"<p><em>&#8220;The Nomad&#8221; <\/em>de <strong data-start=\"1401\" data-end=\"1416\">daisy james<\/strong> est une \u00e9l\u00e9gante tapisserie boh\u00e8me. Son motif noir en filet contraste joliment avec le fond terracotta, orange et gris fonc\u00e9, \u00e9voquant un mur vieilli et patin\u00e9. Un design audacieux qui apporte chaleur, caract\u00e8re et une touche d&#8217;aventure \u00e0 tout espace.<\/p>\n","protected":false},"featured_media":29314,"comment_status":"open","ping_status":"closed","template":"","meta":{"_acf_changed":false},"product_brand":[],"product_cat":[786],"product_tag":[],"class_list":{"0":"post-29603","1":"product","2":"type-product","3":"status-publish","4":"has-post-thumbnail","6":"product_cat-cultural-fusion-fr","7":"pa_colour-brown-fr","8":"pa_colour-black-fr","9":"pa_colour-orange-fr","10":"pa_colour-rouge","11":"pa_colour-terra-fr","12":"pa_theme-graphic-fr","13":"pa_theme-patterns-fr","14":"pa_theme-stones-fr","16":"first","17":"instock","18":"shipping-taxable","19":"purchasable","20":"product-type-simple"},"acf":[],"yoast_head":"<!-- This site is optimized with the Yoast SEO Premium plugin v27.3 (Yoast SEO v27.3) - https:\/\/yoast.com\/product\/yoast-seo-premium-wordpress\/ -->\n<title>The Nomad \u2013 Rev\u00eatement mural boh\u00e8me | daisy james<\/title>\n<meta name=\"description\" content=\"&quot;The Nomad&quot; de daisy james est un papier peint boh\u00e8me orn\u00e9 d&#039;un motif noir en forme de filet sur un fond d\u00e9grad\u00e9 de terracotta, d&#039;orange et de gris fonc\u00e9. Atmosph\u00e9rique, chaleureux et plein de caract\u00e8re, il \u00e9voque un mur vieilli.\" \/>\n<meta name=\"robots\" content=\"index, follow, max-snippet:-1, max-image-preview:large, max-video-preview:-1\" \/>\n<link rel=\"canonical\" href=\"https:\/\/daisyjames.eu\/fr\/collections\/the-nomad\/\" \/>\n<script type=\"application\/ld+json\" class=\"yoast-schema-graph\">{\"@context\":\"https:\\\/\\\/schema.org\",\"@graph\":[{\"@type\":\"WebPage\",\"@id\":\"https:\\\/\\\/daisyjames.eu\\\/fr\\\/collections\\\/the-nomad\\\/\",\"url\":\"https:\\\/\\\/daisyjames.eu\\\/fr\\\/collections\\\/the-nomad\\\/\",\"name\":\"The Nomad \u2013 Rev\u00eatement mural boh\u00e8me | daisy james\",\"isPartOf\":{\"@id\":\"https:\\\/\\\/daisyjames.eu\\\/fr\\\/#website\"},\"primaryImageOfPage\":{\"@id\":\"https:\\\/\\\/daisyjames.eu\\\/fr\\\/collections\\\/the-nomad\\\/#primaryimage\"},\"image\":{\"@id\":\"https:\\\/\\\/daisyjames.eu\\\/fr\\\/collections\\\/the-nomad\\\/#primaryimage\"},\"thumbnailUrl\":\"https:\\\/\\\/daisyjames.eu\\\/wp-content\\\/uploads\\\/2025\\\/09\\\/DJ389-The-Nomad-2.jpg\",\"datePublished\":\"2025-09-17T13:40:18+00:00\",\"dateModified\":\"2026-04-09T15:44:53+00:00\",\"description\":\"\\\"The Nomad\\\" de daisy james est un papier peint boh\u00e8me orn\u00e9 d'un motif noir en forme de filet sur un fond d\u00e9grad\u00e9 de terracotta, d'orange et de gris fonc\u00e9. Atmosph\u00e9rique, chaleureux et plein de caract\u00e8re, il \u00e9voque un mur vieilli.\",\"breadcrumb\":{\"@id\":\"https:\\\/\\\/daisyjames.eu\\\/fr\\\/collections\\\/the-nomad\\\/#breadcrumb\"},\"inLanguage\":\"fr-FR\",\"potentialAction\":[{\"@type\":\"ReadAction\",\"target\":[\"https:\\\/\\\/daisyjames.eu\\\/fr\\\/collections\\\/the-nomad\\\/\"]}]},{\"@type\":\"ImageObject\",\"inLanguage\":\"fr-FR\",\"@id\":\"https:\\\/\\\/daisyjames.eu\\\/fr\\\/collections\\\/the-nomad\\\/#primaryimage\",\"url\":\"https:\\\/\\\/daisyjames.eu\\\/wp-content\\\/uploads\\\/2025\\\/09\\\/DJ389-The-Nomad-2.jpg\",\"contentUrl\":\"https:\\\/\\\/daisyjames.eu\\\/wp-content\\\/uploads\\\/2025\\\/09\\\/DJ389-The-Nomad-2.jpg\",\"width\":1335,\"height\":2000},{\"@type\":\"BreadcrumbList\",\"@id\":\"https:\\\/\\\/daisyjames.eu\\\/fr\\\/collections\\\/the-nomad\\\/#breadcrumb\",\"itemListElement\":[{\"@type\":\"ListItem\",\"position\":1,\"name\":\"Home\",\"item\":\"https:\\\/\\\/daisyjames.eu\\\/fr\\\/\"},{\"@type\":\"ListItem\",\"position\":2,\"name\":\"Tous les rev\u00eatements muraux\",\"item\":\"https:\\\/\\\/daisyjames.eu\\\/fr\\\/boutique\\\/\"},{\"@type\":\"ListItem\",\"position\":3,\"name\":\"The Nomad\"}]},{\"@type\":\"WebSite\",\"@id\":\"https:\\\/\\\/daisyjames.eu\\\/fr\\\/#website\",\"url\":\"https:\\\/\\\/daisyjames.eu\\\/fr\\\/\",\"name\":\"Daisy James\",\"description\":\"\",\"publisher\":{\"@id\":\"https:\\\/\\\/daisyjames.eu\\\/fr\\\/#organization\"},\"potentialAction\":[{\"@type\":\"SearchAction\",\"target\":{\"@type\":\"EntryPoint\",\"urlTemplate\":\"https:\\\/\\\/daisyjames.eu\\\/fr\\\/?s={search_term_string}\"},\"query-input\":{\"@type\":\"PropertyValueSpecification\",\"valueRequired\":true,\"valueName\":\"search_term_string\"}}],\"inLanguage\":\"fr-FR\"},{\"@type\":\"Organization\",\"@id\":\"https:\\\/\\\/daisyjames.eu\\\/fr\\\/#organization\",\"name\":\"Daisy James\",\"url\":\"https:\\\/\\\/daisyjames.eu\\\/fr\\\/\",\"logo\":{\"@type\":\"ImageObject\",\"inLanguage\":\"fr-FR\",\"@id\":\"https:\\\/\\\/daisyjames.eu\\\/fr\\\/#\\\/schema\\\/logo\\\/image\\\/\",\"url\":\"https:\\\/\\\/daisyjames.eu\\\/wp-content\\\/uploads\\\/2024\\\/09\\\/LogoDJzwart-1.png\",\"contentUrl\":\"https:\\\/\\\/daisyjames.eu\\\/wp-content\\\/uploads\\\/2024\\\/09\\\/LogoDJzwart-1.png\",\"width\":1125,\"height\":199,\"caption\":\"Daisy James\"},\"image\":{\"@id\":\"https:\\\/\\\/daisyjames.eu\\\/fr\\\/#\\\/schema\\\/logo\\\/image\\\/\"},\"sameAs\":[\"https:\\\/\\\/www.facebook.com\\\/Daisyjamesinteriorwallcovering\\\/\",\"https:\\\/\\\/x.com\\\/daisyjamesinterior\",\"https:\\\/\\\/pinterest.com\\\/daisyjameswallcovers\\\/\",\"https:\\\/\\\/nl.linkedin.com\\\/company\\\/d-a-i-s-y-j-a-m-e-s-interior-collection\"]}]}<\/script>\n<!-- \/ Yoast SEO Premium plugin. -->","yoast_head_json":{"title":"The Nomad \u2013 Rev\u00eatement mural boh\u00e8me | daisy james","description":"\"The Nomad\" de daisy james est un papier peint boh\u00e8me orn\u00e9 d'un motif noir en forme de filet sur un fond d\u00e9grad\u00e9 de terracotta, d'orange et de gris fonc\u00e9. Atmosph\u00e9rique, chaleureux et plein de caract\u00e8re, il \u00e9voque un mur vieilli.","robots":{"index":"index","follow":"follow","max-snippet":"max-snippet:-1","max-image-preview":"max-image-preview:large","max-video-preview":"max-video-preview:-1"},"canonical":"https:\/\/daisyjames.eu\/fr\/collections\/the-nomad\/","schema":{"@context":"https:\/\/schema.org","@graph":[{"@type":"WebPage","@id":"https:\/\/daisyjames.eu\/fr\/collections\/the-nomad\/","url":"https:\/\/daisyjames.eu\/fr\/collections\/the-nomad\/","name":"The Nomad \u2013 Rev\u00eatement mural boh\u00e8me | daisy james","isPartOf":{"@id":"https:\/\/daisyjames.eu\/fr\/#website"},"primaryImageOfPage":{"@id":"https:\/\/daisyjames.eu\/fr\/collections\/the-nomad\/#primaryimage"},"image":{"@id":"https:\/\/daisyjames.eu\/fr\/collections\/the-nomad\/#primaryimage"},"thumbnailUrl":"https:\/\/daisyjames.eu\/wp-content\/uploads\/2025\/09\/DJ389-The-Nomad-2.jpg","datePublished":"2025-09-17T13:40:18+00:00","dateModified":"2026-04-09T15:44:53+00:00","description":"\"The Nomad\" de daisy james est un papier peint boh\u00e8me orn\u00e9 d'un motif noir en forme de filet sur un fond d\u00e9grad\u00e9 de terracotta, d'orange et de gris fonc\u00e9. Atmosph\u00e9rique, chaleureux et plein de caract\u00e8re, il \u00e9voque un mur vieilli.","breadcrumb":{"@id":"https:\/\/daisyjames.eu\/fr\/collections\/the-nomad\/#breadcrumb"},"inLanguage":"fr-FR","potentialAction":[{"@type":"ReadAction","target":["https:\/\/daisyjames.eu\/fr\/collections\/the-nomad\/"]}]},{"@type":"ImageObject","inLanguage":"fr-FR","@id":"https:\/\/daisyjames.eu\/fr\/collections\/the-nomad\/#primaryimage","url":"https:\/\/daisyjames.eu\/wp-content\/uploads\/2025\/09\/DJ389-The-Nomad-2.jpg","contentUrl":"https:\/\/daisyjames.eu\/wp-content\/uploads\/2025\/09\/DJ389-The-Nomad-2.jpg","width":1335,"height":2000},{"@type":"BreadcrumbList","@id":"https:\/\/daisyjames.eu\/fr\/collections\/the-nomad\/#breadcrumb","itemListElement":[{"@type":"ListItem","position":1,"name":"Home","item":"https:\/\/daisyjames.eu\/fr\/"},{"@type":"ListItem","position":2,"name":"Tous les rev\u00eatements muraux","item":"https:\/\/daisyjames.eu\/fr\/boutique\/"},{"@type":"ListItem","position":3,"name":"The Nomad"}]},{"@type":"WebSite","@id":"https:\/\/daisyjames.eu\/fr\/#website","url":"https:\/\/daisyjames.eu\/fr\/","name":"Daisy James","description":"","publisher":{"@id":"https:\/\/daisyjames.eu\/fr\/#organization"},"potentialAction":[{"@type":"SearchAction","target":{"@type":"EntryPoint","urlTemplate":"https:\/\/daisyjames.eu\/fr\/?s={search_term_string}"},"query-input":{"@type":"PropertyValueSpecification","valueRequired":true,"valueName":"search_term_string"}}],"inLanguage":"fr-FR"},{"@type":"Organization","@id":"https:\/\/daisyjames.eu\/fr\/#organization","name":"Daisy James","url":"https:\/\/daisyjames.eu\/fr\/","logo":{"@type":"ImageObject","inLanguage":"fr-FR","@id":"https:\/\/daisyjames.eu\/fr\/#\/schema\/logo\/image\/","url":"https:\/\/daisyjames.eu\/wp-content\/uploads\/2024\/09\/LogoDJzwart-1.png","contentUrl":"https:\/\/daisyjames.eu\/wp-content\/uploads\/2024\/09\/LogoDJzwart-1.png","width":1125,"height":199,"caption":"Daisy James"},"image":{"@id":"https:\/\/daisyjames.eu\/fr\/#\/schema\/logo\/image\/"},"sameAs":["https:\/\/www.facebook.com\/Daisyjamesinteriorwallcovering\/","https:\/\/x.com\/daisyjamesinterior","https:\/\/pinterest.com\/daisyjameswallcovers\/","https:\/\/nl.linkedin.com\/company\/d-a-i-s-y-j-a-m-e-s-interior-collection"]}]}},"_links":{"self":[{"href":"https:\/\/daisyjames.eu\/fr\/wp-json\/wp\/v2\/product\/29603","targetHints":{"allow":["GET"]}}],"collection":[{"href":"https:\/\/daisyjames.eu\/fr\/wp-json\/wp\/v2\/product"}],"about":[{"href":"https:\/\/daisyjames.eu\/fr\/wp-json\/wp\/v2\/types\/product"}],"replies":[{"embeddable":true,"href":"https:\/\/daisyjames.eu\/fr\/wp-json\/wp\/v2\/comments?post=29603"}],"wp:featuredmedia":[{"embeddable":true,"href":"https:\/\/daisyjames.eu\/fr\/wp-json\/wp\/v2\/media\/29314"}],"wp:attachment":[{"href":"https:\/\/daisyjames.eu\/fr\/wp-json\/wp\/v2\/media?parent=29603"}],"wp:term":[{"taxonomy":"product_brand","embeddable":true,"href":"https:\/\/daisyjames.eu\/fr\/wp-json\/wp\/v2\/product_brand?post=29603"},{"taxonomy":"product_cat","embeddable":true,"href":"https:\/\/daisyjames.eu\/fr\/wp-json\/wp\/v2\/product_cat?post=29603"},{"taxonomy":"product_tag","embeddable":true,"href":"https:\/\/daisyjames.eu\/fr\/wp-json\/wp\/v2\/product_tag?post=29603"}],"curies":[{"name":"wp","href":"https:\/\/api.w.org\/{rel}","templated":true}]}}