
{"id":30356,"date":"2025-09-17T13:39:56","date_gmt":"2025-09-17T13:39:56","guid":{"rendered":"https:\/\/staging.daisyjames.eu\/collection\/the-slate\/"},"modified":"2025-10-24T09:53:47","modified_gmt":"2025-10-24T09:53:47","slug":"the-slate","status":"publish","type":"product","link":"https:\/\/daisyjames.eu\/fr\/collections\/the-slate\/","title":{"rendered":"The Slate"},"content":{"rendered":"<p data-start=\"1554\" data-end=\"1846\"><em>\u201cThe Slate\u201d<\/em> by <strong data-start=\"1569\" data-end=\"1584\">daisy james<\/strong> brings calmness and refinement to any interior. Large panels in four shades of denim blue add depth and character, while the subtle stripe detail introduces an elegant rhythm. Inspired by denim and indigo, this design offers a luxurious yet approachable look.<\/p>\n<p data-start=\"1848\" data-end=\"1864\"><strong data-start=\"1848\" data-end=\"1862\">Highlights<\/strong><\/p>\n<ul>\n<li data-start=\"1867\" data-end=\"1911\">Wallcover in <strong data-start=\"1880\" data-end=\"1909\">four shades of denim blue<\/strong><\/li>\n<li data-start=\"1914\" data-end=\"1962\"><strong data-start=\"1914\" data-end=\"1940\">Refined stripe pattern<\/strong> for subtle elegance<\/li>\n<li data-start=\"1965\" data-end=\"1996\">Timeless, chic, and versatile<\/li>\n<li data-start=\"1999\" data-end=\"2039\">Fits both modern and classic interiors<\/li>\n<li data-start=\"2042\" data-end=\"2082\">Brings depth and serenity to the space<\/li>\n<\/ul>\n<p data-start=\"2084\" data-end=\"2223\"><strong data-start=\"2084\" data-end=\"2099\">Styling tip<\/strong><br data-start=\"2099\" data-end=\"2102\" \/>Pair <em>\u201cThe Slate\u201d<\/em> with warm wood accents, crisp whites, and natural textures to create a balanced, luxurious atmosphere.<\/p>\n","protected":false},"excerpt":{"rendered":"<p><em>&#8220;The Slate&#8221;<\/em> de <strong data-start=\"640\" data-end=\"655\">daisy james<\/strong> est un papier peint chic d\u00e9clin\u00e9 en quatre nuances de bleu denim, rehauss\u00e9 de subtiles rayures. De grands panneaux aux tons bleus superpos\u00e9s apportent profondeur et caract\u00e8re, tandis que le motif d\u00e9licat apporte une touche d&#8217;\u00e9l\u00e9gance. Intemporel et polyvalent, il s&#8217;int\u00e8gre parfaitement aux int\u00e9rieurs modernes comme classiques.<\/p>\n","protected":false},"featured_media":29268,"comment_status":"open","ping_status":"closed","template":"","meta":{"_acf_changed":false},"product_brand":[],"product_cat":[471,543],"product_tag":[],"class_list":{"0":"post-30356","1":"product","2":"type-product","3":"status-publish","4":"has-post-thumbnail","6":"product_cat-calm-minimal-fr","7":"product_cat-refined-luxe-fr","8":"pa_colour-blues-fr","9":"pa_colour-blue-dark-fr","10":"pa_colour-cobalt-fr","11":"pa_colour-essence","12":"pa_colour-turquose-fr","13":"pa_theme-graphic-fr","14":"pa_theme-basics-fr","16":"first","17":"instock","18":"shipping-taxable","19":"purchasable","20":"product-type-simple"},"acf":[],"yoast_head":"<!-- This site is optimized with the Yoast SEO Premium plugin v27.3 (Yoast SEO v27.3) - https:\/\/yoast.com\/product\/yoast-seo-premium-wordpress\/ -->\n<title>The Slate \u2013 Rev\u00eatement mural bleu jeans chic | daisy james<\/title>\n<meta name=\"description\" content=\"&quot;The Slate&quot; de daisy james est un papier peint sophistiqu\u00e9 d\u00e9clin\u00e9 en quatre nuances de bleu denim et orn\u00e9 d&#039;un motif \u00e0 rayures raffin\u00e9. Intemporel, \u00e9l\u00e9gant, il s&#039;int\u00e8gre parfaitement aux int\u00e9rieurs modernes ou classiques.\" \/>\n<meta name=\"robots\" content=\"index, follow, max-snippet:-1, max-image-preview:large, max-video-preview:-1\" \/>\n<link rel=\"canonical\" href=\"https:\/\/daisyjames.eu\/fr\/collections\/the-slate\/\" \/>\n<script type=\"application\/ld+json\" class=\"yoast-schema-graph\">{\"@context\":\"https:\\\/\\\/schema.org\",\"@graph\":[{\"@type\":\"WebPage\",\"@id\":\"https:\\\/\\\/daisyjames.eu\\\/fr\\\/collections\\\/the-slate\\\/\",\"url\":\"https:\\\/\\\/daisyjames.eu\\\/fr\\\/collections\\\/the-slate\\\/\",\"name\":\"The Slate \u2013 Rev\u00eatement mural bleu jeans chic | daisy james\",\"isPartOf\":{\"@id\":\"https:\\\/\\\/daisyjames.eu\\\/#website\"},\"primaryImageOfPage\":{\"@id\":\"https:\\\/\\\/daisyjames.eu\\\/fr\\\/collections\\\/the-slate\\\/#primaryimage\"},\"image\":{\"@id\":\"https:\\\/\\\/daisyjames.eu\\\/fr\\\/collections\\\/the-slate\\\/#primaryimage\"},\"thumbnailUrl\":\"https:\\\/\\\/daisyjames.eu\\\/wp-content\\\/uploads\\\/2025\\\/09\\\/DJ388-The-Slate-3-scaled.jpg\",\"datePublished\":\"2025-09-17T13:39:56+00:00\",\"dateModified\":\"2025-10-24T09:53:47+00:00\",\"description\":\"\\\"The Slate\\\" de daisy james est un papier peint sophistiqu\u00e9 d\u00e9clin\u00e9 en quatre nuances de bleu denim et orn\u00e9 d'un motif \u00e0 rayures raffin\u00e9. Intemporel, \u00e9l\u00e9gant, il s'int\u00e8gre parfaitement aux int\u00e9rieurs modernes ou classiques.\",\"breadcrumb\":{\"@id\":\"https:\\\/\\\/daisyjames.eu\\\/fr\\\/collections\\\/the-slate\\\/#breadcrumb\"},\"inLanguage\":\"fr-FR\",\"potentialAction\":[{\"@type\":\"ReadAction\",\"target\":[\"https:\\\/\\\/daisyjames.eu\\\/fr\\\/collections\\\/the-slate\\\/\"]}]},{\"@type\":\"ImageObject\",\"inLanguage\":\"fr-FR\",\"@id\":\"https:\\\/\\\/daisyjames.eu\\\/fr\\\/collections\\\/the-slate\\\/#primaryimage\",\"url\":\"https:\\\/\\\/daisyjames.eu\\\/wp-content\\\/uploads\\\/2025\\\/09\\\/DJ388-The-Slate-3-scaled.jpg\",\"contentUrl\":\"https:\\\/\\\/daisyjames.eu\\\/wp-content\\\/uploads\\\/2025\\\/09\\\/DJ388-The-Slate-3-scaled.jpg\",\"width\":1377,\"height\":2560},{\"@type\":\"BreadcrumbList\",\"@id\":\"https:\\\/\\\/daisyjames.eu\\\/fr\\\/collections\\\/the-slate\\\/#breadcrumb\",\"itemListElement\":[{\"@type\":\"ListItem\",\"position\":1,\"name\":\"Home\",\"item\":\"https:\\\/\\\/daisyjames.eu\\\/fr\\\/\"},{\"@type\":\"ListItem\",\"position\":2,\"name\":\"Tous les rev\u00eatements muraux\",\"item\":\"https:\\\/\\\/daisyjames.eu\\\/fr\\\/boutique\\\/\"},{\"@type\":\"ListItem\",\"position\":3,\"name\":\"The Slate\"}]},{\"@type\":\"WebSite\",\"@id\":\"https:\\\/\\\/daisyjames.eu\\\/#website\",\"url\":\"https:\\\/\\\/daisyjames.eu\\\/\",\"name\":\"Daisy James\",\"description\":\"\",\"publisher\":{\"@id\":\"https:\\\/\\\/daisyjames.eu\\\/#organization\"},\"potentialAction\":[{\"@type\":\"SearchAction\",\"target\":{\"@type\":\"EntryPoint\",\"urlTemplate\":\"https:\\\/\\\/daisyjames.eu\\\/?s={search_term_string}\"},\"query-input\":{\"@type\":\"PropertyValueSpecification\",\"valueRequired\":true,\"valueName\":\"search_term_string\"}}],\"inLanguage\":\"fr-FR\"},{\"@type\":\"Organization\",\"@id\":\"https:\\\/\\\/daisyjames.eu\\\/#organization\",\"name\":\"Daisy James\",\"url\":\"https:\\\/\\\/daisyjames.eu\\\/\",\"logo\":{\"@type\":\"ImageObject\",\"inLanguage\":\"fr-FR\",\"@id\":\"https:\\\/\\\/daisyjames.eu\\\/#\\\/schema\\\/logo\\\/image\\\/\",\"url\":\"https:\\\/\\\/daisyjames.eu\\\/wp-content\\\/uploads\\\/2024\\\/09\\\/LogoDJzwart-1.png\",\"contentUrl\":\"https:\\\/\\\/daisyjames.eu\\\/wp-content\\\/uploads\\\/2024\\\/09\\\/LogoDJzwart-1.png\",\"width\":1125,\"height\":199,\"caption\":\"Daisy James\"},\"image\":{\"@id\":\"https:\\\/\\\/daisyjames.eu\\\/#\\\/schema\\\/logo\\\/image\\\/\"},\"sameAs\":[\"https:\\\/\\\/www.facebook.com\\\/Daisyjamesinteriorwallcovering\\\/\",\"https:\\\/\\\/x.com\\\/daisyjamesinterior\",\"https:\\\/\\\/pinterest.com\\\/daisyjameswallcovers\\\/\",\"https:\\\/\\\/nl.linkedin.com\\\/company\\\/d-a-i-s-y-j-a-m-e-s-interior-collection\"]}]}<\/script>\n<!-- \/ Yoast SEO Premium plugin. -->","yoast_head_json":{"title":"The Slate \u2013 Rev\u00eatement mural bleu jeans chic | daisy james","description":"\"The Slate\" de daisy james est un papier peint sophistiqu\u00e9 d\u00e9clin\u00e9 en quatre nuances de bleu denim et orn\u00e9 d'un motif \u00e0 rayures raffin\u00e9. Intemporel, \u00e9l\u00e9gant, il s'int\u00e8gre parfaitement aux int\u00e9rieurs modernes ou classiques.","robots":{"index":"index","follow":"follow","max-snippet":"max-snippet:-1","max-image-preview":"max-image-preview:large","max-video-preview":"max-video-preview:-1"},"canonical":"https:\/\/daisyjames.eu\/fr\/collections\/the-slate\/","schema":{"@context":"https:\/\/schema.org","@graph":[{"@type":"WebPage","@id":"https:\/\/daisyjames.eu\/fr\/collections\/the-slate\/","url":"https:\/\/daisyjames.eu\/fr\/collections\/the-slate\/","name":"The Slate \u2013 Rev\u00eatement mural bleu jeans chic | daisy james","isPartOf":{"@id":"https:\/\/daisyjames.eu\/#website"},"primaryImageOfPage":{"@id":"https:\/\/daisyjames.eu\/fr\/collections\/the-slate\/#primaryimage"},"image":{"@id":"https:\/\/daisyjames.eu\/fr\/collections\/the-slate\/#primaryimage"},"thumbnailUrl":"https:\/\/daisyjames.eu\/wp-content\/uploads\/2025\/09\/DJ388-The-Slate-3-scaled.jpg","datePublished":"2025-09-17T13:39:56+00:00","dateModified":"2025-10-24T09:53:47+00:00","description":"\"The Slate\" de daisy james est un papier peint sophistiqu\u00e9 d\u00e9clin\u00e9 en quatre nuances de bleu denim et orn\u00e9 d'un motif \u00e0 rayures raffin\u00e9. Intemporel, \u00e9l\u00e9gant, il s'int\u00e8gre parfaitement aux int\u00e9rieurs modernes ou classiques.","breadcrumb":{"@id":"https:\/\/daisyjames.eu\/fr\/collections\/the-slate\/#breadcrumb"},"inLanguage":"fr-FR","potentialAction":[{"@type":"ReadAction","target":["https:\/\/daisyjames.eu\/fr\/collections\/the-slate\/"]}]},{"@type":"ImageObject","inLanguage":"fr-FR","@id":"https:\/\/daisyjames.eu\/fr\/collections\/the-slate\/#primaryimage","url":"https:\/\/daisyjames.eu\/wp-content\/uploads\/2025\/09\/DJ388-The-Slate-3-scaled.jpg","contentUrl":"https:\/\/daisyjames.eu\/wp-content\/uploads\/2025\/09\/DJ388-The-Slate-3-scaled.jpg","width":1377,"height":2560},{"@type":"BreadcrumbList","@id":"https:\/\/daisyjames.eu\/fr\/collections\/the-slate\/#breadcrumb","itemListElement":[{"@type":"ListItem","position":1,"name":"Home","item":"https:\/\/daisyjames.eu\/fr\/"},{"@type":"ListItem","position":2,"name":"Tous les rev\u00eatements muraux","item":"https:\/\/daisyjames.eu\/fr\/boutique\/"},{"@type":"ListItem","position":3,"name":"The Slate"}]},{"@type":"WebSite","@id":"https:\/\/daisyjames.eu\/#website","url":"https:\/\/daisyjames.eu\/","name":"Daisy James","description":"","publisher":{"@id":"https:\/\/daisyjames.eu\/#organization"},"potentialAction":[{"@type":"SearchAction","target":{"@type":"EntryPoint","urlTemplate":"https:\/\/daisyjames.eu\/?s={search_term_string}"},"query-input":{"@type":"PropertyValueSpecification","valueRequired":true,"valueName":"search_term_string"}}],"inLanguage":"fr-FR"},{"@type":"Organization","@id":"https:\/\/daisyjames.eu\/#organization","name":"Daisy James","url":"https:\/\/daisyjames.eu\/","logo":{"@type":"ImageObject","inLanguage":"fr-FR","@id":"https:\/\/daisyjames.eu\/#\/schema\/logo\/image\/","url":"https:\/\/daisyjames.eu\/wp-content\/uploads\/2024\/09\/LogoDJzwart-1.png","contentUrl":"https:\/\/daisyjames.eu\/wp-content\/uploads\/2024\/09\/LogoDJzwart-1.png","width":1125,"height":199,"caption":"Daisy James"},"image":{"@id":"https:\/\/daisyjames.eu\/#\/schema\/logo\/image\/"},"sameAs":["https:\/\/www.facebook.com\/Daisyjamesinteriorwallcovering\/","https:\/\/x.com\/daisyjamesinterior","https:\/\/pinterest.com\/daisyjameswallcovers\/","https:\/\/nl.linkedin.com\/company\/d-a-i-s-y-j-a-m-e-s-interior-collection"]}]}},"_links":{"self":[{"href":"https:\/\/daisyjames.eu\/fr\/wp-json\/wp\/v2\/product\/30356","targetHints":{"allow":["GET"]}}],"collection":[{"href":"https:\/\/daisyjames.eu\/fr\/wp-json\/wp\/v2\/product"}],"about":[{"href":"https:\/\/daisyjames.eu\/fr\/wp-json\/wp\/v2\/types\/product"}],"replies":[{"embeddable":true,"href":"https:\/\/daisyjames.eu\/fr\/wp-json\/wp\/v2\/comments?post=30356"}],"wp:featuredmedia":[{"embeddable":true,"href":"https:\/\/daisyjames.eu\/fr\/wp-json\/wp\/v2\/media\/29268"}],"wp:attachment":[{"href":"https:\/\/daisyjames.eu\/fr\/wp-json\/wp\/v2\/media?parent=30356"}],"wp:term":[{"taxonomy":"product_brand","embeddable":true,"href":"https:\/\/daisyjames.eu\/fr\/wp-json\/wp\/v2\/product_brand?post=30356"},{"taxonomy":"product_cat","embeddable":true,"href":"https:\/\/daisyjames.eu\/fr\/wp-json\/wp\/v2\/product_cat?post=30356"},{"taxonomy":"product_tag","embeddable":true,"href":"https:\/\/daisyjames.eu\/fr\/wp-json\/wp\/v2\/product_tag?post=30356"}],"curies":[{"name":"wp","href":"https:\/\/api.w.org\/{rel}","templated":true}]}}