
{"id":30401,"date":"2025-10-09T08:29:03","date_gmt":"2025-10-09T08:29:03","guid":{"rendered":"https:\/\/staging.daisyjames.eu\/?post_type=product&#038;p=30401"},"modified":"2026-04-09T15:45:57","modified_gmt":"2026-04-09T15:45:57","slug":"the-dean","status":"publish","type":"product","link":"https:\/\/daisyjames.eu\/fr\/collections\/the-dean\/","title":{"rendered":"The Dean Light"},"content":{"rendered":"<p>Subtiles et raffin\u00e9es, les feuilles ton-sur-ton dans des tons ocre chauds apportent calme et \u00e9l\u00e9gance \u00e0 votre int\u00e9rieur.<\/p>\n<ul>\n<li data-start=\"406\" data-end=\"447\">Design ton-sur-ton dans des tons ocre chauds<\/li>\n<li data-start=\"450\" data-end=\"513\">Composition abstraite de feuilles dessin\u00e9es \u00e0 la main sur huit m\u00e8tres.<\/li>\n<li data-start=\"516\" data-end=\"557\">Pas de r\u00e9p\u00e9tition &#8211; une \u0153uvre d&#8217;art unique et fluide<\/li>\n<li data-start=\"560\" data-end=\"606\">Texture semblable \u00e0 celle du papier, douce au toucher<\/li>\n<li data-start=\"609\" data-end=\"647\">Apporte calme et \u00e9quilibre \u00e0 tout espace<\/li>\n<li data-start=\"650\" data-end=\"690\">Une harmonie parfaite entre le confort et le style<\/li>\n<\/ul>\n<p><em>Le &#8220;Dean Light&#8221;<\/em> se marie \u00e0 merveille avec les mat\u00e9riaux naturels et les palettes de couleurs douces. Ses tons ocre chauds s&#8217;accordent avec tous les types de bois, du ch\u00eane clair au noyer riche. Associez-le \u00e0 des accents blancs ou \u00e0 d&#8217;autres tons inspir\u00e9s du RAL 1001 pour cr\u00e9er une atmosph\u00e8re sereine et harmonieuse. Ajoutez du lin, de la laine ou des textiles de couleur sable pour renforcer la chaleur et la profondeur de votre int\u00e9rieur.<\/p>\n","protected":false},"excerpt":{"rendered":"<p><em>&#8220;The Dean Light&#8221;<\/em> est une interpr\u00e9tation raffin\u00e9e du rev\u00eatement mural <em data-start=\"287\" data-end=\"297\">&#8220;The Dean&#8221;<\/em> de <strong>daisy james<\/strong> dans ses tons bleus caract\u00e9ristiques. Cette \u00e9dition plus l\u00e9g\u00e8re, rendue dans des tons ocre chauds ton-sur-ton, devient un \u00e9l\u00e9ment subtil et ludique dans n&#8217;importe quel int\u00e9rieur. Sur huit m\u00e8tres, une composition abstraite de feuilles dessin\u00e9es \u00e0 la main, fluides et sans r\u00e9p\u00e9tition, apporte calme et \u00e9quilibre \u00e0 chaque espace. La texture semblable \u00e0 celle du papier conf\u00e8re au rev\u00eatement mural un caract\u00e8re chaud et tactile.<\/p>\n","protected":false},"featured_media":30409,"comment_status":"closed","ping_status":"closed","template":"","meta":{"_acf_changed":false},"product_brand":[],"product_cat":[533,658],"product_tag":[],"class_list":{"0":"post-30401","1":"product","2":"type-product","3":"status-publish","4":"has-post-thumbnail","6":"product_cat-modern-florals-fr","7":"product_cat-organic-harmony-fr","8":"pa_colour-beige-fr","9":"pa_colour-yellow-fr","10":"pa_colour-naturals-fr","11":"pa_colour-pastel-fr","12":"pa_theme-leaves-fr","13":"pa_theme-flowers-fr","14":"pa_theme-nature-fr","15":"pa_theme-tropical-fr","17":"first","18":"instock","19":"purchasable","20":"product-type-simple"},"acf":[],"yoast_head":"<!-- This site is optimized with the Yoast SEO Premium plugin v27.3 (Yoast SEO v27.3) - https:\/\/yoast.com\/product\/yoast-seo-premium-wordpress\/ -->\n<title>The Dean Light - rev\u00eatement mural dans des tons ocre chauds | daisy james<\/title>\n<meta name=\"description\" content=\"&quot;The Dean Light&quot; par daisy james : un rev\u00eatement mural ton-sur-ton dans des tons ocre chauds avec des feuilles abstraites dessin\u00e9es \u00e0 la main et une texture douce comme du papier.\" \/>\n<meta name=\"robots\" content=\"index, follow, max-snippet:-1, max-image-preview:large, max-video-preview:-1\" \/>\n<link rel=\"canonical\" href=\"https:\/\/daisyjames.eu\/fr\/collections\/the-dean\/\" \/>\n<script type=\"application\/ld+json\" class=\"yoast-schema-graph\">{\"@context\":\"https:\\\/\\\/schema.org\",\"@graph\":[{\"@type\":\"WebPage\",\"@id\":\"https:\\\/\\\/daisyjames.eu\\\/fr\\\/collections\\\/the-dean\\\/\",\"url\":\"https:\\\/\\\/daisyjames.eu\\\/fr\\\/collections\\\/the-dean\\\/\",\"name\":\"The Dean Light - rev\u00eatement mural dans des tons ocre chauds | daisy james\",\"isPartOf\":{\"@id\":\"https:\\\/\\\/daisyjames.eu\\\/fr\\\/#website\"},\"primaryImageOfPage\":{\"@id\":\"https:\\\/\\\/daisyjames.eu\\\/fr\\\/collections\\\/the-dean\\\/#primaryimage\"},\"image\":{\"@id\":\"https:\\\/\\\/daisyjames.eu\\\/fr\\\/collections\\\/the-dean\\\/#primaryimage\"},\"thumbnailUrl\":\"https:\\\/\\\/daisyjames.eu\\\/wp-content\\\/uploads\\\/2025\\\/10\\\/DJ347-The-Dean-light-3a-scaled.jpg\",\"datePublished\":\"2025-10-09T08:29:03+00:00\",\"dateModified\":\"2026-04-09T15:45:57+00:00\",\"description\":\"\\\"The Dean Light\\\" par daisy james : un rev\u00eatement mural ton-sur-ton dans des tons ocre chauds avec des feuilles abstraites dessin\u00e9es \u00e0 la main et une texture douce comme du papier.\",\"breadcrumb\":{\"@id\":\"https:\\\/\\\/daisyjames.eu\\\/fr\\\/collections\\\/the-dean\\\/#breadcrumb\"},\"inLanguage\":\"fr-FR\",\"potentialAction\":[{\"@type\":\"ReadAction\",\"target\":[\"https:\\\/\\\/daisyjames.eu\\\/fr\\\/collections\\\/the-dean\\\/\"]}]},{\"@type\":\"ImageObject\",\"inLanguage\":\"fr-FR\",\"@id\":\"https:\\\/\\\/daisyjames.eu\\\/fr\\\/collections\\\/the-dean\\\/#primaryimage\",\"url\":\"https:\\\/\\\/daisyjames.eu\\\/wp-content\\\/uploads\\\/2025\\\/10\\\/DJ347-The-Dean-light-3a-scaled.jpg\",\"contentUrl\":\"https:\\\/\\\/daisyjames.eu\\\/wp-content\\\/uploads\\\/2025\\\/10\\\/DJ347-The-Dean-light-3a-scaled.jpg\",\"width\":1920,\"height\":2560},{\"@type\":\"BreadcrumbList\",\"@id\":\"https:\\\/\\\/daisyjames.eu\\\/fr\\\/collections\\\/the-dean\\\/#breadcrumb\",\"itemListElement\":[{\"@type\":\"ListItem\",\"position\":1,\"name\":\"Home\",\"item\":\"https:\\\/\\\/daisyjames.eu\\\/fr\\\/\"},{\"@type\":\"ListItem\",\"position\":2,\"name\":\"Tous les rev\u00eatements muraux\",\"item\":\"https:\\\/\\\/daisyjames.eu\\\/fr\\\/boutique\\\/\"},{\"@type\":\"ListItem\",\"position\":3,\"name\":\"The Dean Light\"}]},{\"@type\":\"WebSite\",\"@id\":\"https:\\\/\\\/daisyjames.eu\\\/fr\\\/#website\",\"url\":\"https:\\\/\\\/daisyjames.eu\\\/fr\\\/\",\"name\":\"Daisy James\",\"description\":\"\",\"publisher\":{\"@id\":\"https:\\\/\\\/daisyjames.eu\\\/fr\\\/#organization\"},\"potentialAction\":[{\"@type\":\"SearchAction\",\"target\":{\"@type\":\"EntryPoint\",\"urlTemplate\":\"https:\\\/\\\/daisyjames.eu\\\/fr\\\/?s={search_term_string}\"},\"query-input\":{\"@type\":\"PropertyValueSpecification\",\"valueRequired\":true,\"valueName\":\"search_term_string\"}}],\"inLanguage\":\"fr-FR\"},{\"@type\":\"Organization\",\"@id\":\"https:\\\/\\\/daisyjames.eu\\\/fr\\\/#organization\",\"name\":\"Daisy James\",\"url\":\"https:\\\/\\\/daisyjames.eu\\\/fr\\\/\",\"logo\":{\"@type\":\"ImageObject\",\"inLanguage\":\"fr-FR\",\"@id\":\"https:\\\/\\\/daisyjames.eu\\\/fr\\\/#\\\/schema\\\/logo\\\/image\\\/\",\"url\":\"https:\\\/\\\/daisyjames.eu\\\/wp-content\\\/uploads\\\/2024\\\/09\\\/LogoDJzwart-1.png\",\"contentUrl\":\"https:\\\/\\\/daisyjames.eu\\\/wp-content\\\/uploads\\\/2024\\\/09\\\/LogoDJzwart-1.png\",\"width\":1125,\"height\":199,\"caption\":\"Daisy James\"},\"image\":{\"@id\":\"https:\\\/\\\/daisyjames.eu\\\/fr\\\/#\\\/schema\\\/logo\\\/image\\\/\"},\"sameAs\":[\"https:\\\/\\\/www.facebook.com\\\/Daisyjamesinteriorwallcovering\\\/\",\"https:\\\/\\\/x.com\\\/daisyjamesinterior\",\"https:\\\/\\\/pinterest.com\\\/daisyjameswallcovers\\\/\",\"https:\\\/\\\/nl.linkedin.com\\\/company\\\/d-a-i-s-y-j-a-m-e-s-interior-collection\"]}]}<\/script>\n<!-- \/ Yoast SEO Premium plugin. -->","yoast_head_json":{"title":"The Dean Light - rev\u00eatement mural dans des tons ocre chauds | daisy james","description":"\"The Dean Light\" par daisy james : un rev\u00eatement mural ton-sur-ton dans des tons ocre chauds avec des feuilles abstraites dessin\u00e9es \u00e0 la main et une texture douce comme du papier.","robots":{"index":"index","follow":"follow","max-snippet":"max-snippet:-1","max-image-preview":"max-image-preview:large","max-video-preview":"max-video-preview:-1"},"canonical":"https:\/\/daisyjames.eu\/fr\/collections\/the-dean\/","schema":{"@context":"https:\/\/schema.org","@graph":[{"@type":"WebPage","@id":"https:\/\/daisyjames.eu\/fr\/collections\/the-dean\/","url":"https:\/\/daisyjames.eu\/fr\/collections\/the-dean\/","name":"The Dean Light - rev\u00eatement mural dans des tons ocre chauds | daisy james","isPartOf":{"@id":"https:\/\/daisyjames.eu\/fr\/#website"},"primaryImageOfPage":{"@id":"https:\/\/daisyjames.eu\/fr\/collections\/the-dean\/#primaryimage"},"image":{"@id":"https:\/\/daisyjames.eu\/fr\/collections\/the-dean\/#primaryimage"},"thumbnailUrl":"https:\/\/daisyjames.eu\/wp-content\/uploads\/2025\/10\/DJ347-The-Dean-light-3a-scaled.jpg","datePublished":"2025-10-09T08:29:03+00:00","dateModified":"2026-04-09T15:45:57+00:00","description":"\"The Dean Light\" par daisy james : un rev\u00eatement mural ton-sur-ton dans des tons ocre chauds avec des feuilles abstraites dessin\u00e9es \u00e0 la main et une texture douce comme du papier.","breadcrumb":{"@id":"https:\/\/daisyjames.eu\/fr\/collections\/the-dean\/#breadcrumb"},"inLanguage":"fr-FR","potentialAction":[{"@type":"ReadAction","target":["https:\/\/daisyjames.eu\/fr\/collections\/the-dean\/"]}]},{"@type":"ImageObject","inLanguage":"fr-FR","@id":"https:\/\/daisyjames.eu\/fr\/collections\/the-dean\/#primaryimage","url":"https:\/\/daisyjames.eu\/wp-content\/uploads\/2025\/10\/DJ347-The-Dean-light-3a-scaled.jpg","contentUrl":"https:\/\/daisyjames.eu\/wp-content\/uploads\/2025\/10\/DJ347-The-Dean-light-3a-scaled.jpg","width":1920,"height":2560},{"@type":"BreadcrumbList","@id":"https:\/\/daisyjames.eu\/fr\/collections\/the-dean\/#breadcrumb","itemListElement":[{"@type":"ListItem","position":1,"name":"Home","item":"https:\/\/daisyjames.eu\/fr\/"},{"@type":"ListItem","position":2,"name":"Tous les rev\u00eatements muraux","item":"https:\/\/daisyjames.eu\/fr\/boutique\/"},{"@type":"ListItem","position":3,"name":"The Dean Light"}]},{"@type":"WebSite","@id":"https:\/\/daisyjames.eu\/fr\/#website","url":"https:\/\/daisyjames.eu\/fr\/","name":"Daisy James","description":"","publisher":{"@id":"https:\/\/daisyjames.eu\/fr\/#organization"},"potentialAction":[{"@type":"SearchAction","target":{"@type":"EntryPoint","urlTemplate":"https:\/\/daisyjames.eu\/fr\/?s={search_term_string}"},"query-input":{"@type":"PropertyValueSpecification","valueRequired":true,"valueName":"search_term_string"}}],"inLanguage":"fr-FR"},{"@type":"Organization","@id":"https:\/\/daisyjames.eu\/fr\/#organization","name":"Daisy James","url":"https:\/\/daisyjames.eu\/fr\/","logo":{"@type":"ImageObject","inLanguage":"fr-FR","@id":"https:\/\/daisyjames.eu\/fr\/#\/schema\/logo\/image\/","url":"https:\/\/daisyjames.eu\/wp-content\/uploads\/2024\/09\/LogoDJzwart-1.png","contentUrl":"https:\/\/daisyjames.eu\/wp-content\/uploads\/2024\/09\/LogoDJzwart-1.png","width":1125,"height":199,"caption":"Daisy James"},"image":{"@id":"https:\/\/daisyjames.eu\/fr\/#\/schema\/logo\/image\/"},"sameAs":["https:\/\/www.facebook.com\/Daisyjamesinteriorwallcovering\/","https:\/\/x.com\/daisyjamesinterior","https:\/\/pinterest.com\/daisyjameswallcovers\/","https:\/\/nl.linkedin.com\/company\/d-a-i-s-y-j-a-m-e-s-interior-collection"]}]}},"_links":{"self":[{"href":"https:\/\/daisyjames.eu\/fr\/wp-json\/wp\/v2\/product\/30401","targetHints":{"allow":["GET"]}}],"collection":[{"href":"https:\/\/daisyjames.eu\/fr\/wp-json\/wp\/v2\/product"}],"about":[{"href":"https:\/\/daisyjames.eu\/fr\/wp-json\/wp\/v2\/types\/product"}],"replies":[{"embeddable":true,"href":"https:\/\/daisyjames.eu\/fr\/wp-json\/wp\/v2\/comments?post=30401"}],"wp:featuredmedia":[{"embeddable":true,"href":"https:\/\/daisyjames.eu\/fr\/wp-json\/wp\/v2\/media\/30409"}],"wp:attachment":[{"href":"https:\/\/daisyjames.eu\/fr\/wp-json\/wp\/v2\/media?parent=30401"}],"wp:term":[{"taxonomy":"product_brand","embeddable":true,"href":"https:\/\/daisyjames.eu\/fr\/wp-json\/wp\/v2\/product_brand?post=30401"},{"taxonomy":"product_cat","embeddable":true,"href":"https:\/\/daisyjames.eu\/fr\/wp-json\/wp\/v2\/product_cat?post=30401"},{"taxonomy":"product_tag","embeddable":true,"href":"https:\/\/daisyjames.eu\/fr\/wp-json\/wp\/v2\/product_tag?post=30401"}],"curies":[{"name":"wp","href":"https:\/\/api.w.org\/{rel}","templated":true}]}}