
{"id":32865,"date":"2025-12-12T13:00:59","date_gmt":"2025-12-12T13:00:59","guid":{"rendered":"https:\/\/staging.daisyjames.eu\/collection\/la-grille-grise\/"},"modified":"2026-04-09T15:30:08","modified_gmt":"2026-04-09T15:30:08","slug":"the-grid-grey","status":"publish","type":"product","link":"https:\/\/daisyjames.eu\/fr\/collections\/the-grid-grey\/","title":{"rendered":"The Grid Grey"},"content":{"rendered":"<p data-start=\"107\" data-end=\"306\">&#8220;<em>The Grid Grey&#8221; <\/em>de <strong>daisy james <\/strong>est un rev\u00eatement mural au design moderne qui apporte structure et calme \u00e0 l&#8217;int\u00e9rieur. Les dessins graphiques inspir\u00e9s des plans d&#8217;architecture forment une grille pr\u00e9cise, cr\u00e9ant une atmosph\u00e8re raffin\u00e9e et \u00e9quilibr\u00e9e.<\/p>\n<p>La base en gris clair et chaud donne au dessin une touche douce et contemporaine et est subtilement accentu\u00e9e par de petits d\u00e9tails de fen\u00eatres dans les tons gris fonc\u00e9. Ces accents raffin\u00e9s ajoutent de la profondeur et du contraste \u00e0 la composition graphique, renfor\u00e7ant ainsi le caract\u00e8re architectural du design. &#8221; <em>The Grid Grey&#8221; <\/em>allie la clart\u00e9 architecturale \u00e0 une esth\u00e9tique sereine, ce qui en fait un choix \u00e9l\u00e9gant pour les int\u00e9rieurs modernes et minimalistes.<\/p>\n<p>Conseils de style<\/p>\n<ul>\n<li>Associez <em> le &#8220;Grid Grey&#8221; <\/em>\u00e0 des meubles aux lignes \u00e9pur\u00e9es et \u00e0 des mat\u00e9riaux naturels tels que le bois ou la pierre pour renforcer son caract\u00e8re architectural.<\/li>\n<li>Utilisez des tons neutres et des accents chauds pour compl\u00e9ter la base gris clair et les d\u00e9tails gris fonc\u00e9.<\/li>\n<li>Id\u00e9al comme mur d&#8217;arri\u00e8re-plan dans le couloir, la cuisine ou le bureau, o\u00f9 le rev\u00eatement mural apporte structure, l\u00e9g\u00e8ret\u00e9 et une touche de design contemporain.<\/li>\n<\/ul>\n","protected":false},"excerpt":{"rendered":"<p>&#8220;<em>The Grid Grey&#8221; <\/em>de <strong>daisy james<\/strong> est un rev\u00eatement mural au design moderne dans un ton de gris clair et chaud, pr\u00e9sentant des dessins architecturaux graphiques inspir\u00e9s des plans d&#8217;\u00e9tage des b\u00e2timents. De subtils accents de fen\u00eatre gris fonc\u00e9 ajoutent de la profondeur et de la chaleur, cr\u00e9ant un look architectural calme et raffin\u00e9.<\/p>\n","protected":false},"featured_media":32866,"comment_status":"open","ping_status":"closed","template":"","meta":{"_acf_changed":false},"product_brand":[],"product_cat":[471],"product_tag":[],"class_list":{"0":"post-32865","1":"product","2":"type-product","3":"status-publish","4":"has-post-thumbnail","6":"product_cat-calm-minimal-fr","7":"pa_colour-greys-fr","8":"pa_theme-graphic-fr","9":"pa_theme-basics-fr","11":"first","12":"instock","13":"shipping-taxable","14":"purchasable","15":"product-type-simple"},"acf":[],"yoast_head":"<!-- This site is optimized with the Yoast SEO Premium plugin v27.3 (Yoast SEO v27.3) - https:\/\/yoast.com\/product\/yoast-seo-premium-wordpress\/ -->\n<title>The Grid Grey - Papier peint architectural moderne | daisy james<\/title>\n<meta name=\"description\" content=\"&quot;The Grid Grey&#039;&quot; de daisy james est un rev\u00eatement mural au design moderne dans un gris clair et chaud, avec des lignes architecturales graphiques et des d\u00e9tails de fen\u00eatres doucement illumin\u00e9s.\" \/>\n<meta name=\"robots\" content=\"index, follow, max-snippet:-1, max-image-preview:large, max-video-preview:-1\" \/>\n<link rel=\"canonical\" href=\"https:\/\/daisyjames.eu\/fr\/collections\/the-grid-grey\/\" \/>\n<script type=\"application\/ld+json\" class=\"yoast-schema-graph\">{\"@context\":\"https:\\\/\\\/schema.org\",\"@graph\":[{\"@type\":\"WebPage\",\"@id\":\"https:\\\/\\\/daisyjames.eu\\\/fr\\\/collections\\\/the-grid-grey\\\/\",\"url\":\"https:\\\/\\\/daisyjames.eu\\\/fr\\\/collections\\\/the-grid-grey\\\/\",\"name\":\"The Grid Grey - Papier peint architectural moderne | daisy james\",\"isPartOf\":{\"@id\":\"https:\\\/\\\/daisyjames.eu\\\/fr\\\/#website\"},\"primaryImageOfPage\":{\"@id\":\"https:\\\/\\\/daisyjames.eu\\\/fr\\\/collections\\\/the-grid-grey\\\/#primaryimage\"},\"image\":{\"@id\":\"https:\\\/\\\/daisyjames.eu\\\/fr\\\/collections\\\/the-grid-grey\\\/#primaryimage\"},\"thumbnailUrl\":\"https:\\\/\\\/daisyjames.eu\\\/wp-content\\\/uploads\\\/2025\\\/12\\\/DJ393-The-Grid-Grey-3a-scaled.jpg\",\"datePublished\":\"2025-12-12T13:00:59+00:00\",\"dateModified\":\"2026-04-09T15:30:08+00:00\",\"description\":\"\\\"The Grid Grey'\\\" de daisy james est un rev\u00eatement mural au design moderne dans un gris clair et chaud, avec des lignes architecturales graphiques et des d\u00e9tails de fen\u00eatres doucement illumin\u00e9s.\",\"breadcrumb\":{\"@id\":\"https:\\\/\\\/daisyjames.eu\\\/fr\\\/collections\\\/the-grid-grey\\\/#breadcrumb\"},\"inLanguage\":\"fr-FR\",\"potentialAction\":[{\"@type\":\"ReadAction\",\"target\":[\"https:\\\/\\\/daisyjames.eu\\\/fr\\\/collections\\\/the-grid-grey\\\/\"]}]},{\"@type\":\"ImageObject\",\"inLanguage\":\"fr-FR\",\"@id\":\"https:\\\/\\\/daisyjames.eu\\\/fr\\\/collections\\\/the-grid-grey\\\/#primaryimage\",\"url\":\"https:\\\/\\\/daisyjames.eu\\\/wp-content\\\/uploads\\\/2025\\\/12\\\/DJ393-The-Grid-Grey-3a-scaled.jpg\",\"contentUrl\":\"https:\\\/\\\/daisyjames.eu\\\/wp-content\\\/uploads\\\/2025\\\/12\\\/DJ393-The-Grid-Grey-3a-scaled.jpg\",\"width\":1703,\"height\":2560},{\"@type\":\"BreadcrumbList\",\"@id\":\"https:\\\/\\\/daisyjames.eu\\\/fr\\\/collections\\\/the-grid-grey\\\/#breadcrumb\",\"itemListElement\":[{\"@type\":\"ListItem\",\"position\":1,\"name\":\"Home\",\"item\":\"https:\\\/\\\/daisyjames.eu\\\/fr\\\/\"},{\"@type\":\"ListItem\",\"position\":2,\"name\":\"Tous les rev\u00eatements muraux\",\"item\":\"https:\\\/\\\/daisyjames.eu\\\/fr\\\/boutique\\\/\"},{\"@type\":\"ListItem\",\"position\":3,\"name\":\"The Grid Grey\"}]},{\"@type\":\"WebSite\",\"@id\":\"https:\\\/\\\/daisyjames.eu\\\/fr\\\/#website\",\"url\":\"https:\\\/\\\/daisyjames.eu\\\/fr\\\/\",\"name\":\"Daisy James\",\"description\":\"\",\"publisher\":{\"@id\":\"https:\\\/\\\/daisyjames.eu\\\/fr\\\/#organization\"},\"potentialAction\":[{\"@type\":\"SearchAction\",\"target\":{\"@type\":\"EntryPoint\",\"urlTemplate\":\"https:\\\/\\\/daisyjames.eu\\\/fr\\\/?s={search_term_string}\"},\"query-input\":{\"@type\":\"PropertyValueSpecification\",\"valueRequired\":true,\"valueName\":\"search_term_string\"}}],\"inLanguage\":\"fr-FR\"},{\"@type\":\"Organization\",\"@id\":\"https:\\\/\\\/daisyjames.eu\\\/fr\\\/#organization\",\"name\":\"Daisy James\",\"url\":\"https:\\\/\\\/daisyjames.eu\\\/fr\\\/\",\"logo\":{\"@type\":\"ImageObject\",\"inLanguage\":\"fr-FR\",\"@id\":\"https:\\\/\\\/daisyjames.eu\\\/fr\\\/#\\\/schema\\\/logo\\\/image\\\/\",\"url\":\"https:\\\/\\\/daisyjames.eu\\\/wp-content\\\/uploads\\\/2024\\\/09\\\/LogoDJzwart-1.png\",\"contentUrl\":\"https:\\\/\\\/daisyjames.eu\\\/wp-content\\\/uploads\\\/2024\\\/09\\\/LogoDJzwart-1.png\",\"width\":1125,\"height\":199,\"caption\":\"Daisy James\"},\"image\":{\"@id\":\"https:\\\/\\\/daisyjames.eu\\\/fr\\\/#\\\/schema\\\/logo\\\/image\\\/\"},\"sameAs\":[\"https:\\\/\\\/www.facebook.com\\\/Daisyjamesinteriorwallcovering\\\/\",\"https:\\\/\\\/x.com\\\/daisyjamesinterior\",\"https:\\\/\\\/pinterest.com\\\/daisyjameswallcovers\\\/\",\"https:\\\/\\\/nl.linkedin.com\\\/company\\\/d-a-i-s-y-j-a-m-e-s-interior-collection\"]}]}<\/script>\n<!-- \/ Yoast SEO Premium plugin. -->","yoast_head_json":{"title":"The Grid Grey - Papier peint architectural moderne | daisy james","description":"\"The Grid Grey'\" de daisy james est un rev\u00eatement mural au design moderne dans un gris clair et chaud, avec des lignes architecturales graphiques et des d\u00e9tails de fen\u00eatres doucement illumin\u00e9s.","robots":{"index":"index","follow":"follow","max-snippet":"max-snippet:-1","max-image-preview":"max-image-preview:large","max-video-preview":"max-video-preview:-1"},"canonical":"https:\/\/daisyjames.eu\/fr\/collections\/the-grid-grey\/","schema":{"@context":"https:\/\/schema.org","@graph":[{"@type":"WebPage","@id":"https:\/\/daisyjames.eu\/fr\/collections\/the-grid-grey\/","url":"https:\/\/daisyjames.eu\/fr\/collections\/the-grid-grey\/","name":"The Grid Grey - Papier peint architectural moderne | daisy james","isPartOf":{"@id":"https:\/\/daisyjames.eu\/fr\/#website"},"primaryImageOfPage":{"@id":"https:\/\/daisyjames.eu\/fr\/collections\/the-grid-grey\/#primaryimage"},"image":{"@id":"https:\/\/daisyjames.eu\/fr\/collections\/the-grid-grey\/#primaryimage"},"thumbnailUrl":"https:\/\/daisyjames.eu\/wp-content\/uploads\/2025\/12\/DJ393-The-Grid-Grey-3a-scaled.jpg","datePublished":"2025-12-12T13:00:59+00:00","dateModified":"2026-04-09T15:30:08+00:00","description":"\"The Grid Grey'\" de daisy james est un rev\u00eatement mural au design moderne dans un gris clair et chaud, avec des lignes architecturales graphiques et des d\u00e9tails de fen\u00eatres doucement illumin\u00e9s.","breadcrumb":{"@id":"https:\/\/daisyjames.eu\/fr\/collections\/the-grid-grey\/#breadcrumb"},"inLanguage":"fr-FR","potentialAction":[{"@type":"ReadAction","target":["https:\/\/daisyjames.eu\/fr\/collections\/the-grid-grey\/"]}]},{"@type":"ImageObject","inLanguage":"fr-FR","@id":"https:\/\/daisyjames.eu\/fr\/collections\/the-grid-grey\/#primaryimage","url":"https:\/\/daisyjames.eu\/wp-content\/uploads\/2025\/12\/DJ393-The-Grid-Grey-3a-scaled.jpg","contentUrl":"https:\/\/daisyjames.eu\/wp-content\/uploads\/2025\/12\/DJ393-The-Grid-Grey-3a-scaled.jpg","width":1703,"height":2560},{"@type":"BreadcrumbList","@id":"https:\/\/daisyjames.eu\/fr\/collections\/the-grid-grey\/#breadcrumb","itemListElement":[{"@type":"ListItem","position":1,"name":"Home","item":"https:\/\/daisyjames.eu\/fr\/"},{"@type":"ListItem","position":2,"name":"Tous les rev\u00eatements muraux","item":"https:\/\/daisyjames.eu\/fr\/boutique\/"},{"@type":"ListItem","position":3,"name":"The Grid Grey"}]},{"@type":"WebSite","@id":"https:\/\/daisyjames.eu\/fr\/#website","url":"https:\/\/daisyjames.eu\/fr\/","name":"Daisy James","description":"","publisher":{"@id":"https:\/\/daisyjames.eu\/fr\/#organization"},"potentialAction":[{"@type":"SearchAction","target":{"@type":"EntryPoint","urlTemplate":"https:\/\/daisyjames.eu\/fr\/?s={search_term_string}"},"query-input":{"@type":"PropertyValueSpecification","valueRequired":true,"valueName":"search_term_string"}}],"inLanguage":"fr-FR"},{"@type":"Organization","@id":"https:\/\/daisyjames.eu\/fr\/#organization","name":"Daisy James","url":"https:\/\/daisyjames.eu\/fr\/","logo":{"@type":"ImageObject","inLanguage":"fr-FR","@id":"https:\/\/daisyjames.eu\/fr\/#\/schema\/logo\/image\/","url":"https:\/\/daisyjames.eu\/wp-content\/uploads\/2024\/09\/LogoDJzwart-1.png","contentUrl":"https:\/\/daisyjames.eu\/wp-content\/uploads\/2024\/09\/LogoDJzwart-1.png","width":1125,"height":199,"caption":"Daisy James"},"image":{"@id":"https:\/\/daisyjames.eu\/fr\/#\/schema\/logo\/image\/"},"sameAs":["https:\/\/www.facebook.com\/Daisyjamesinteriorwallcovering\/","https:\/\/x.com\/daisyjamesinterior","https:\/\/pinterest.com\/daisyjameswallcovers\/","https:\/\/nl.linkedin.com\/company\/d-a-i-s-y-j-a-m-e-s-interior-collection"]}]}},"_links":{"self":[{"href":"https:\/\/daisyjames.eu\/fr\/wp-json\/wp\/v2\/product\/32865","targetHints":{"allow":["GET"]}}],"collection":[{"href":"https:\/\/daisyjames.eu\/fr\/wp-json\/wp\/v2\/product"}],"about":[{"href":"https:\/\/daisyjames.eu\/fr\/wp-json\/wp\/v2\/types\/product"}],"replies":[{"embeddable":true,"href":"https:\/\/daisyjames.eu\/fr\/wp-json\/wp\/v2\/comments?post=32865"}],"wp:featuredmedia":[{"embeddable":true,"href":"https:\/\/daisyjames.eu\/fr\/wp-json\/wp\/v2\/media\/32866"}],"wp:attachment":[{"href":"https:\/\/daisyjames.eu\/fr\/wp-json\/wp\/v2\/media?parent=32865"}],"wp:term":[{"taxonomy":"product_brand","embeddable":true,"href":"https:\/\/daisyjames.eu\/fr\/wp-json\/wp\/v2\/product_brand?post=32865"},{"taxonomy":"product_cat","embeddable":true,"href":"https:\/\/daisyjames.eu\/fr\/wp-json\/wp\/v2\/product_cat?post=32865"},{"taxonomy":"product_tag","embeddable":true,"href":"https:\/\/daisyjames.eu\/fr\/wp-json\/wp\/v2\/product_tag?post=32865"}],"curies":[{"name":"wp","href":"https:\/\/api.w.org\/{rel}","templated":true}]}}