
{"id":35286,"date":"2026-02-09T15:34:52","date_gmt":"2026-02-09T15:34:52","guid":{"rendered":"https:\/\/staging.daisyjames.eu\/collections\/le-blues\/"},"modified":"2026-04-09T15:27:47","modified_gmt":"2026-04-09T15:27:47","slug":"le-blues","status":"publish","type":"product","link":"https:\/\/daisyjames.eu\/fr\/collections\/le-blues\/","title":{"rendered":"The Blues"},"content":{"rendered":"<p data-start=\"104\" data-end=\"424\">&#8220;<em>The Blues&#8221;<\/em> de <strong>daisy james<\/strong> est un rev\u00eatement mural contemporain pr\u00e9sentant une composition abstraite dans de multiples nuances de bleu. Le motif s&#8217;\u00e9tend en continu sur 8 m\u00e8tres, sans r\u00e9p\u00e9tition, cr\u00e9ant un champ visuel unique et ininterrompu. Les variations du bleu profond aux tons denim produisent un effet contr\u00f4l\u00e9 de ton sur ton. La superposition des couleurs donne l&#8217;impression de textures multiples. Associ\u00e9e \u00e0 la structure lini\u00e8re du mat\u00e9riau, cette surface raffin\u00e9e offre une profondeur visuelle et une pr\u00e9sence g\u00e9n\u00e9rale calme.<\/p>\n<h2 data-start=\"643\" data-end=\"656\">Conseils de style<\/h2>\n<ul>\n<li data-start=\"660\" data-end=\"726\">Associez-les \u00e0 des mat\u00e9riaux naturels tels que le bois et le lin.<\/li>\n<li data-start=\"729\" data-end=\"818\">Les performances sont meilleures dans les grands espaces o\u00f9 l&#8217;on peut appr\u00e9cier le design complet et non r\u00e9p\u00e9titif.<\/li>\n<li data-start=\"821\" data-end=\"892\">Convient aux environnements r\u00e9sidentiels, hospitaliers et professionnels haut de gamme.<\/li>\n<li data-start=\"895\" data-end=\"971\">Gardez une palette neutre pour un int\u00e9rieur coh\u00e9rent.<\/li>\n<\/ul>\n","protected":false},"excerpt":{"rendered":"<p>Le rev\u00eatement mural abstrait <em data-start=\"110\" data-end=\"121\">&#8220;The Blues&#8221;<\/em> de <strong>daisy james<\/strong> pr\u00e9sente une composition de surface continue dans de multiples tons bleus. Le motif s&#8217;\u00e9tend sur 8 m\u00e8tres sans r\u00e9p\u00e9tition, cr\u00e9ant un champ visuel unique et ininterrompu. Les variations du bleu profond aux nuances inspir\u00e9es du denim cr\u00e9ent un effet ton sur ton contr\u00f4l\u00e9, tandis que des transitions subtiles donnent \u00e0 la surface un aspect stratifi\u00e9 et textur\u00e9. Con\u00e7u pour s&#8217;harmoniser avec la structure lin du mat\u00e9riau,<em data-start=\"539\" data-end=\"550\">&#8220;The Blues&#8221;<\/em> offre une finition raffin\u00e9e et contemporaine pour les int\u00e9rieurs modernes.<\/p>\n","protected":false},"featured_media":35299,"comment_status":"open","ping_status":"closed","template":"","meta":{"_acf_changed":false},"product_brand":[],"product_cat":[471],"product_tag":[],"class_list":{"0":"post-35286","1":"product","2":"type-product","3":"status-publish","4":"has-post-thumbnail","6":"product_cat-calm-minimal-fr","7":"pa_colour-blues-fr","8":"pa_colour-light-blue-fr","9":"pa_colour-blue-dark-fr","10":"pa_colour-cobalt-fr","11":"pa_colour-essence","12":"pa_theme-abstract-fr","13":"pa_theme-basics-fr","14":"pa_theme-stones-fr","16":"first","17":"instock","18":"shipping-taxable","19":"purchasable","20":"product-type-simple"},"acf":[],"yoast_head":"<!-- This site is optimized with the Yoast SEO Premium plugin v27.3 (Yoast SEO v27.3) - https:\/\/yoast.com\/product\/yoast-seo-premium-wordpress\/ -->\n<title>The Blues - Abstract Blue Wallcover | daisy james<\/title>\n<meta name=\"description\" content=\"&quot;The Blues&quot; par daisy james est un rev\u00eatement mural abstrait dans de multiples tons bleus sans r\u00e9p\u00e9tition sur 8 m\u00e8tres. Design ton sur ton avec une texture semblable \u00e0 celle du lin.\" \/>\n<meta name=\"robots\" content=\"index, follow, max-snippet:-1, max-image-preview:large, max-video-preview:-1\" \/>\n<link rel=\"canonical\" href=\"https:\/\/daisyjames.eu\/fr\/collections\/le-blues\/\" \/>\n<script type=\"application\/ld+json\" class=\"yoast-schema-graph\">{\"@context\":\"https:\\\/\\\/schema.org\",\"@graph\":[{\"@type\":\"WebPage\",\"@id\":\"https:\\\/\\\/daisyjames.eu\\\/fr\\\/collections\\\/le-blues\\\/\",\"url\":\"https:\\\/\\\/daisyjames.eu\\\/fr\\\/collections\\\/le-blues\\\/\",\"name\":\"The Blues - Abstract Blue Wallcover | daisy james\",\"isPartOf\":{\"@id\":\"https:\\\/\\\/daisyjames.eu\\\/#website\"},\"primaryImageOfPage\":{\"@id\":\"https:\\\/\\\/daisyjames.eu\\\/fr\\\/collections\\\/le-blues\\\/#primaryimage\"},\"image\":{\"@id\":\"https:\\\/\\\/daisyjames.eu\\\/fr\\\/collections\\\/le-blues\\\/#primaryimage\"},\"thumbnailUrl\":\"https:\\\/\\\/daisyjames.eu\\\/wp-content\\\/uploads\\\/2026\\\/02\\\/DJ397-The-Blues-2-scaled.jpg\",\"datePublished\":\"2026-02-09T15:34:52+00:00\",\"dateModified\":\"2026-04-09T15:27:47+00:00\",\"description\":\"\\\"The Blues\\\" par daisy james est un rev\u00eatement mural abstrait dans de multiples tons bleus sans r\u00e9p\u00e9tition sur 8 m\u00e8tres. Design ton sur ton avec une texture semblable \u00e0 celle du lin.\",\"breadcrumb\":{\"@id\":\"https:\\\/\\\/daisyjames.eu\\\/fr\\\/collections\\\/le-blues\\\/#breadcrumb\"},\"inLanguage\":\"fr-FR\",\"potentialAction\":[{\"@type\":\"ReadAction\",\"target\":[\"https:\\\/\\\/daisyjames.eu\\\/fr\\\/collections\\\/le-blues\\\/\"]}]},{\"@type\":\"ImageObject\",\"inLanguage\":\"fr-FR\",\"@id\":\"https:\\\/\\\/daisyjames.eu\\\/fr\\\/collections\\\/le-blues\\\/#primaryimage\",\"url\":\"https:\\\/\\\/daisyjames.eu\\\/wp-content\\\/uploads\\\/2026\\\/02\\\/DJ397-The-Blues-2-scaled.jpg\",\"contentUrl\":\"https:\\\/\\\/daisyjames.eu\\\/wp-content\\\/uploads\\\/2026\\\/02\\\/DJ397-The-Blues-2-scaled.jpg\",\"width\":1707,\"height\":2560},{\"@type\":\"BreadcrumbList\",\"@id\":\"https:\\\/\\\/daisyjames.eu\\\/fr\\\/collections\\\/le-blues\\\/#breadcrumb\",\"itemListElement\":[{\"@type\":\"ListItem\",\"position\":1,\"name\":\"Home\",\"item\":\"https:\\\/\\\/daisyjames.eu\\\/fr\\\/\"},{\"@type\":\"ListItem\",\"position\":2,\"name\":\"Tous les rev\u00eatements muraux\",\"item\":\"https:\\\/\\\/daisyjames.eu\\\/fr\\\/boutique\\\/\"},{\"@type\":\"ListItem\",\"position\":3,\"name\":\"The Blues\"}]},{\"@type\":\"WebSite\",\"@id\":\"https:\\\/\\\/daisyjames.eu\\\/#website\",\"url\":\"https:\\\/\\\/daisyjames.eu\\\/\",\"name\":\"Daisy James\",\"description\":\"\",\"publisher\":{\"@id\":\"https:\\\/\\\/daisyjames.eu\\\/#organization\"},\"potentialAction\":[{\"@type\":\"SearchAction\",\"target\":{\"@type\":\"EntryPoint\",\"urlTemplate\":\"https:\\\/\\\/daisyjames.eu\\\/?s={search_term_string}\"},\"query-input\":{\"@type\":\"PropertyValueSpecification\",\"valueRequired\":true,\"valueName\":\"search_term_string\"}}],\"inLanguage\":\"fr-FR\"},{\"@type\":\"Organization\",\"@id\":\"https:\\\/\\\/daisyjames.eu\\\/#organization\",\"name\":\"Daisy James\",\"url\":\"https:\\\/\\\/daisyjames.eu\\\/\",\"logo\":{\"@type\":\"ImageObject\",\"inLanguage\":\"fr-FR\",\"@id\":\"https:\\\/\\\/daisyjames.eu\\\/#\\\/schema\\\/logo\\\/image\\\/\",\"url\":\"https:\\\/\\\/daisyjames.eu\\\/wp-content\\\/uploads\\\/2024\\\/09\\\/LogoDJzwart-1.png\",\"contentUrl\":\"https:\\\/\\\/daisyjames.eu\\\/wp-content\\\/uploads\\\/2024\\\/09\\\/LogoDJzwart-1.png\",\"width\":1125,\"height\":199,\"caption\":\"Daisy James\"},\"image\":{\"@id\":\"https:\\\/\\\/daisyjames.eu\\\/#\\\/schema\\\/logo\\\/image\\\/\"},\"sameAs\":[\"https:\\\/\\\/www.facebook.com\\\/Daisyjamesinteriorwallcovering\\\/\",\"https:\\\/\\\/x.com\\\/daisyjamesinterior\",\"https:\\\/\\\/pinterest.com\\\/daisyjameswallcovers\\\/\",\"https:\\\/\\\/nl.linkedin.com\\\/company\\\/d-a-i-s-y-j-a-m-e-s-interior-collection\"]}]}<\/script>\n<!-- \/ Yoast SEO Premium plugin. -->","yoast_head_json":{"title":"The Blues - Abstract Blue Wallcover | daisy james","description":"\"The Blues\" par daisy james est un rev\u00eatement mural abstrait dans de multiples tons bleus sans r\u00e9p\u00e9tition sur 8 m\u00e8tres. Design ton sur ton avec une texture semblable \u00e0 celle du lin.","robots":{"index":"index","follow":"follow","max-snippet":"max-snippet:-1","max-image-preview":"max-image-preview:large","max-video-preview":"max-video-preview:-1"},"canonical":"https:\/\/daisyjames.eu\/fr\/collections\/le-blues\/","schema":{"@context":"https:\/\/schema.org","@graph":[{"@type":"WebPage","@id":"https:\/\/daisyjames.eu\/fr\/collections\/le-blues\/","url":"https:\/\/daisyjames.eu\/fr\/collections\/le-blues\/","name":"The Blues - Abstract Blue Wallcover | daisy james","isPartOf":{"@id":"https:\/\/daisyjames.eu\/#website"},"primaryImageOfPage":{"@id":"https:\/\/daisyjames.eu\/fr\/collections\/le-blues\/#primaryimage"},"image":{"@id":"https:\/\/daisyjames.eu\/fr\/collections\/le-blues\/#primaryimage"},"thumbnailUrl":"https:\/\/daisyjames.eu\/wp-content\/uploads\/2026\/02\/DJ397-The-Blues-2-scaled.jpg","datePublished":"2026-02-09T15:34:52+00:00","dateModified":"2026-04-09T15:27:47+00:00","description":"\"The Blues\" par daisy james est un rev\u00eatement mural abstrait dans de multiples tons bleus sans r\u00e9p\u00e9tition sur 8 m\u00e8tres. Design ton sur ton avec une texture semblable \u00e0 celle du lin.","breadcrumb":{"@id":"https:\/\/daisyjames.eu\/fr\/collections\/le-blues\/#breadcrumb"},"inLanguage":"fr-FR","potentialAction":[{"@type":"ReadAction","target":["https:\/\/daisyjames.eu\/fr\/collections\/le-blues\/"]}]},{"@type":"ImageObject","inLanguage":"fr-FR","@id":"https:\/\/daisyjames.eu\/fr\/collections\/le-blues\/#primaryimage","url":"https:\/\/daisyjames.eu\/wp-content\/uploads\/2026\/02\/DJ397-The-Blues-2-scaled.jpg","contentUrl":"https:\/\/daisyjames.eu\/wp-content\/uploads\/2026\/02\/DJ397-The-Blues-2-scaled.jpg","width":1707,"height":2560},{"@type":"BreadcrumbList","@id":"https:\/\/daisyjames.eu\/fr\/collections\/le-blues\/#breadcrumb","itemListElement":[{"@type":"ListItem","position":1,"name":"Home","item":"https:\/\/daisyjames.eu\/fr\/"},{"@type":"ListItem","position":2,"name":"Tous les rev\u00eatements muraux","item":"https:\/\/daisyjames.eu\/fr\/boutique\/"},{"@type":"ListItem","position":3,"name":"The Blues"}]},{"@type":"WebSite","@id":"https:\/\/daisyjames.eu\/#website","url":"https:\/\/daisyjames.eu\/","name":"Daisy James","description":"","publisher":{"@id":"https:\/\/daisyjames.eu\/#organization"},"potentialAction":[{"@type":"SearchAction","target":{"@type":"EntryPoint","urlTemplate":"https:\/\/daisyjames.eu\/?s={search_term_string}"},"query-input":{"@type":"PropertyValueSpecification","valueRequired":true,"valueName":"search_term_string"}}],"inLanguage":"fr-FR"},{"@type":"Organization","@id":"https:\/\/daisyjames.eu\/#organization","name":"Daisy James","url":"https:\/\/daisyjames.eu\/","logo":{"@type":"ImageObject","inLanguage":"fr-FR","@id":"https:\/\/daisyjames.eu\/#\/schema\/logo\/image\/","url":"https:\/\/daisyjames.eu\/wp-content\/uploads\/2024\/09\/LogoDJzwart-1.png","contentUrl":"https:\/\/daisyjames.eu\/wp-content\/uploads\/2024\/09\/LogoDJzwart-1.png","width":1125,"height":199,"caption":"Daisy James"},"image":{"@id":"https:\/\/daisyjames.eu\/#\/schema\/logo\/image\/"},"sameAs":["https:\/\/www.facebook.com\/Daisyjamesinteriorwallcovering\/","https:\/\/x.com\/daisyjamesinterior","https:\/\/pinterest.com\/daisyjameswallcovers\/","https:\/\/nl.linkedin.com\/company\/d-a-i-s-y-j-a-m-e-s-interior-collection"]}]}},"_links":{"self":[{"href":"https:\/\/daisyjames.eu\/fr\/wp-json\/wp\/v2\/product\/35286","targetHints":{"allow":["GET"]}}],"collection":[{"href":"https:\/\/daisyjames.eu\/fr\/wp-json\/wp\/v2\/product"}],"about":[{"href":"https:\/\/daisyjames.eu\/fr\/wp-json\/wp\/v2\/types\/product"}],"replies":[{"embeddable":true,"href":"https:\/\/daisyjames.eu\/fr\/wp-json\/wp\/v2\/comments?post=35286"}],"wp:featuredmedia":[{"embeddable":true,"href":"https:\/\/daisyjames.eu\/fr\/wp-json\/wp\/v2\/media\/35299"}],"wp:attachment":[{"href":"https:\/\/daisyjames.eu\/fr\/wp-json\/wp\/v2\/media?parent=35286"}],"wp:term":[{"taxonomy":"product_brand","embeddable":true,"href":"https:\/\/daisyjames.eu\/fr\/wp-json\/wp\/v2\/product_brand?post=35286"},{"taxonomy":"product_cat","embeddable":true,"href":"https:\/\/daisyjames.eu\/fr\/wp-json\/wp\/v2\/product_cat?post=35286"},{"taxonomy":"product_tag","embeddable":true,"href":"https:\/\/daisyjames.eu\/fr\/wp-json\/wp\/v2\/product_tag?post=35286"}],"curies":[{"name":"wp","href":"https:\/\/api.w.org\/{rel}","templated":true}]}}