
{"id":36364,"date":"2026-03-24T12:41:52","date_gmt":"2026-03-24T12:41:52","guid":{"rendered":"https:\/\/daisyjames.eu\/collections\/le-cadre-brun\/"},"modified":"2026-03-26T14:27:34","modified_gmt":"2026-03-26T14:27:34","slug":"the-frame-brown","status":"publish","type":"product","link":"https:\/\/daisyjames.eu\/fr\/collections\/the-frame-brown\/","title":{"rendered":"The Frame Brown"},"content":{"rendered":"<p data-start=\"149\" data-end=\"572\">&#8220;The Frame Brown&#8221; de daisy james est un rev\u00eatement mural contemporain \u00e0 l&#8217;aspect raffin\u00e9 et graphique. Le design pr\u00e9sente des structures lin\u00e9aires ultrafines avec des accents de couleur subtils, cr\u00e9ant un effet visuel stratifi\u00e9 et calme. La palette de couleurs froides brun chocolat conf\u00e8re \u00e0 l&#8217;ensemble du design un caract\u00e8re sobre et moderne. Le Frame Brown agit comme une toile de fond calme qui soutient l&#8217;architecture d&#8217;un espace sans la dominer.<\/p>\n<h3 data-section-id=\"5w81jj\" data-start=\"574\" data-end=\"590\">Conseils de style<\/h3>\n<p data-start=\"591\" data-end=\"877\">&#8211; Associez-les \u00e0 des volumes \u00e9pur\u00e9s et \u00e0 des mat\u00e9riaux sobres.<br data-start=\"646\" data-end=\"649\" \/>&#8211; Le ton brun froid se marie \u00e0 merveille avec les bois fonc\u00e9s, la pierre naturelle et les accents m\u00e9talliques.<br data-start=\"739\" data-end=\"742\" \/>&#8211; Id\u00e9al pour les int\u00e9rieurs o\u00f9 le calme, le contraste et le raffinement sont de mise.<br data-start=\"813\" data-end=\"816\" \/>&#8211; Gardez une palette de couleurs discr\u00e8tes pour un look global \u00e9quilibr\u00e9.<\/p>\n","protected":false},"excerpt":{"rendered":"<p>&#8220;<em>The Frame Brown&#8221;<\/em> de <strong>daisy james<\/strong> est un rev\u00eatement mural minimaliste pr\u00e9sentant des structures lin\u00e9aires ultrafines et des accents de couleur subtils. Le motif pr\u00e9sente une surface stratifi\u00e9e et un rythme contr\u00f4l\u00e9, ce qui lui conf\u00e8re une esth\u00e9tique calme et raffin\u00e9e. Le ton brun chocolat froid ajoute de la profondeur et du contraste, tout en restant discret et parfaitement adapt\u00e9 comme toile de fond \u00e9l\u00e9gante dans les int\u00e9rieurs contemporains.<\/p>\n","protected":false},"featured_media":36365,"comment_status":"open","ping_status":"closed","template":"","meta":{"_acf_changed":false},"product_brand":[],"product_cat":[471,543],"product_tag":[],"class_list":{"0":"post-36364","1":"product","2":"type-product","3":"status-publish","4":"has-post-thumbnail","6":"product_cat-calm-minimal-fr","7":"product_cat-refined-luxe-fr","8":"pa_colour-brown-fr","9":"pa_colour-black-fr","10":"pa_theme-graphic-fr","11":"pa_theme-basics-fr","13":"first","14":"instock","15":"shipping-taxable","16":"purchasable","17":"product-type-simple"},"acf":[],"yoast_head":"<!-- This site is optimized with the Yoast SEO Premium plugin v27.3 (Yoast SEO v27.3) - https:\/\/yoast.com\/product\/yoast-seo-premium-wordpress\/ -->\n<title>The Frame Brown - Rev\u00eatement mural minimaliste avec structure<\/title>\n<meta name=\"description\" content=\"Rev\u00eatement mural \u00e9pur\u00e9 aux lignes subtiles et au ton brun froid. Parfait comme toile de fond calme pour les int\u00e9rieurs modernes et architecturaux.\" \/>\n<meta name=\"robots\" content=\"index, follow, max-snippet:-1, max-image-preview:large, max-video-preview:-1\" \/>\n<link rel=\"canonical\" href=\"https:\/\/daisyjames.eu\/fr\/collections\/the-frame-brown\/\" \/>\n<script type=\"application\/ld+json\" class=\"yoast-schema-graph\">{\"@context\":\"https:\\\/\\\/schema.org\",\"@graph\":[{\"@type\":\"WebPage\",\"@id\":\"https:\\\/\\\/daisyjames.eu\\\/fr\\\/collections\\\/the-frame-brown\\\/\",\"url\":\"https:\\\/\\\/daisyjames.eu\\\/fr\\\/collections\\\/the-frame-brown\\\/\",\"name\":\"The Frame Brown - Rev\u00eatement mural minimaliste avec structure\",\"isPartOf\":{\"@id\":\"https:\\\/\\\/daisyjames.eu\\\/#website\"},\"primaryImageOfPage\":{\"@id\":\"https:\\\/\\\/daisyjames.eu\\\/fr\\\/collections\\\/the-frame-brown\\\/#primaryimage\"},\"image\":{\"@id\":\"https:\\\/\\\/daisyjames.eu\\\/fr\\\/collections\\\/the-frame-brown\\\/#primaryimage\"},\"thumbnailUrl\":\"https:\\\/\\\/daisyjames.eu\\\/wp-content\\\/uploads\\\/2026\\\/03\\\/DJ398-The-Frame-brown-1-1b-scaled.jpg\",\"datePublished\":\"2026-03-24T12:41:52+00:00\",\"dateModified\":\"2026-03-26T14:27:34+00:00\",\"description\":\"Rev\u00eatement mural \u00e9pur\u00e9 aux lignes subtiles et au ton brun froid. Parfait comme toile de fond calme pour les int\u00e9rieurs modernes et architecturaux.\",\"breadcrumb\":{\"@id\":\"https:\\\/\\\/daisyjames.eu\\\/fr\\\/collections\\\/the-frame-brown\\\/#breadcrumb\"},\"inLanguage\":\"fr-FR\",\"potentialAction\":[{\"@type\":\"ReadAction\",\"target\":[\"https:\\\/\\\/daisyjames.eu\\\/fr\\\/collections\\\/the-frame-brown\\\/\"]}]},{\"@type\":\"ImageObject\",\"inLanguage\":\"fr-FR\",\"@id\":\"https:\\\/\\\/daisyjames.eu\\\/fr\\\/collections\\\/the-frame-brown\\\/#primaryimage\",\"url\":\"https:\\\/\\\/daisyjames.eu\\\/wp-content\\\/uploads\\\/2026\\\/03\\\/DJ398-The-Frame-brown-1-1b-scaled.jpg\",\"contentUrl\":\"https:\\\/\\\/daisyjames.eu\\\/wp-content\\\/uploads\\\/2026\\\/03\\\/DJ398-The-Frame-brown-1-1b-scaled.jpg\",\"width\":1636,\"height\":2560},{\"@type\":\"BreadcrumbList\",\"@id\":\"https:\\\/\\\/daisyjames.eu\\\/fr\\\/collections\\\/the-frame-brown\\\/#breadcrumb\",\"itemListElement\":[{\"@type\":\"ListItem\",\"position\":1,\"name\":\"Home\",\"item\":\"https:\\\/\\\/daisyjames.eu\\\/fr\\\/\"},{\"@type\":\"ListItem\",\"position\":2,\"name\":\"Tous les rev\u00eatements muraux\",\"item\":\"https:\\\/\\\/daisyjames.eu\\\/fr\\\/boutique\\\/\"},{\"@type\":\"ListItem\",\"position\":3,\"name\":\"The Frame Brown\"}]},{\"@type\":\"WebSite\",\"@id\":\"https:\\\/\\\/daisyjames.eu\\\/#website\",\"url\":\"https:\\\/\\\/daisyjames.eu\\\/\",\"name\":\"Daisy James\",\"description\":\"\",\"publisher\":{\"@id\":\"https:\\\/\\\/daisyjames.eu\\\/#organization\"},\"potentialAction\":[{\"@type\":\"SearchAction\",\"target\":{\"@type\":\"EntryPoint\",\"urlTemplate\":\"https:\\\/\\\/daisyjames.eu\\\/?s={search_term_string}\"},\"query-input\":{\"@type\":\"PropertyValueSpecification\",\"valueRequired\":true,\"valueName\":\"search_term_string\"}}],\"inLanguage\":\"fr-FR\"},{\"@type\":\"Organization\",\"@id\":\"https:\\\/\\\/daisyjames.eu\\\/#organization\",\"name\":\"Daisy James\",\"url\":\"https:\\\/\\\/daisyjames.eu\\\/\",\"logo\":{\"@type\":\"ImageObject\",\"inLanguage\":\"fr-FR\",\"@id\":\"https:\\\/\\\/daisyjames.eu\\\/#\\\/schema\\\/logo\\\/image\\\/\",\"url\":\"https:\\\/\\\/daisyjames.eu\\\/wp-content\\\/uploads\\\/2024\\\/09\\\/LogoDJzwart-1.png\",\"contentUrl\":\"https:\\\/\\\/daisyjames.eu\\\/wp-content\\\/uploads\\\/2024\\\/09\\\/LogoDJzwart-1.png\",\"width\":1125,\"height\":199,\"caption\":\"Daisy James\"},\"image\":{\"@id\":\"https:\\\/\\\/daisyjames.eu\\\/#\\\/schema\\\/logo\\\/image\\\/\"},\"sameAs\":[\"https:\\\/\\\/www.facebook.com\\\/Daisyjamesinteriorwallcovering\\\/\",\"https:\\\/\\\/x.com\\\/daisyjamesinterior\",\"https:\\\/\\\/pinterest.com\\\/daisyjameswallcovers\\\/\",\"https:\\\/\\\/nl.linkedin.com\\\/company\\\/d-a-i-s-y-j-a-m-e-s-interior-collection\"]}]}<\/script>\n<!-- \/ Yoast SEO Premium plugin. -->","yoast_head_json":{"title":"The Frame Brown - Rev\u00eatement mural minimaliste avec structure","description":"Rev\u00eatement mural \u00e9pur\u00e9 aux lignes subtiles et au ton brun froid. Parfait comme toile de fond calme pour les int\u00e9rieurs modernes et architecturaux.","robots":{"index":"index","follow":"follow","max-snippet":"max-snippet:-1","max-image-preview":"max-image-preview:large","max-video-preview":"max-video-preview:-1"},"canonical":"https:\/\/daisyjames.eu\/fr\/collections\/the-frame-brown\/","schema":{"@context":"https:\/\/schema.org","@graph":[{"@type":"WebPage","@id":"https:\/\/daisyjames.eu\/fr\/collections\/the-frame-brown\/","url":"https:\/\/daisyjames.eu\/fr\/collections\/the-frame-brown\/","name":"The Frame Brown - Rev\u00eatement mural minimaliste avec structure","isPartOf":{"@id":"https:\/\/daisyjames.eu\/#website"},"primaryImageOfPage":{"@id":"https:\/\/daisyjames.eu\/fr\/collections\/the-frame-brown\/#primaryimage"},"image":{"@id":"https:\/\/daisyjames.eu\/fr\/collections\/the-frame-brown\/#primaryimage"},"thumbnailUrl":"https:\/\/daisyjames.eu\/wp-content\/uploads\/2026\/03\/DJ398-The-Frame-brown-1-1b-scaled.jpg","datePublished":"2026-03-24T12:41:52+00:00","dateModified":"2026-03-26T14:27:34+00:00","description":"Rev\u00eatement mural \u00e9pur\u00e9 aux lignes subtiles et au ton brun froid. Parfait comme toile de fond calme pour les int\u00e9rieurs modernes et architecturaux.","breadcrumb":{"@id":"https:\/\/daisyjames.eu\/fr\/collections\/the-frame-brown\/#breadcrumb"},"inLanguage":"fr-FR","potentialAction":[{"@type":"ReadAction","target":["https:\/\/daisyjames.eu\/fr\/collections\/the-frame-brown\/"]}]},{"@type":"ImageObject","inLanguage":"fr-FR","@id":"https:\/\/daisyjames.eu\/fr\/collections\/the-frame-brown\/#primaryimage","url":"https:\/\/daisyjames.eu\/wp-content\/uploads\/2026\/03\/DJ398-The-Frame-brown-1-1b-scaled.jpg","contentUrl":"https:\/\/daisyjames.eu\/wp-content\/uploads\/2026\/03\/DJ398-The-Frame-brown-1-1b-scaled.jpg","width":1636,"height":2560},{"@type":"BreadcrumbList","@id":"https:\/\/daisyjames.eu\/fr\/collections\/the-frame-brown\/#breadcrumb","itemListElement":[{"@type":"ListItem","position":1,"name":"Home","item":"https:\/\/daisyjames.eu\/fr\/"},{"@type":"ListItem","position":2,"name":"Tous les rev\u00eatements muraux","item":"https:\/\/daisyjames.eu\/fr\/boutique\/"},{"@type":"ListItem","position":3,"name":"The Frame Brown"}]},{"@type":"WebSite","@id":"https:\/\/daisyjames.eu\/#website","url":"https:\/\/daisyjames.eu\/","name":"Daisy James","description":"","publisher":{"@id":"https:\/\/daisyjames.eu\/#organization"},"potentialAction":[{"@type":"SearchAction","target":{"@type":"EntryPoint","urlTemplate":"https:\/\/daisyjames.eu\/?s={search_term_string}"},"query-input":{"@type":"PropertyValueSpecification","valueRequired":true,"valueName":"search_term_string"}}],"inLanguage":"fr-FR"},{"@type":"Organization","@id":"https:\/\/daisyjames.eu\/#organization","name":"Daisy James","url":"https:\/\/daisyjames.eu\/","logo":{"@type":"ImageObject","inLanguage":"fr-FR","@id":"https:\/\/daisyjames.eu\/#\/schema\/logo\/image\/","url":"https:\/\/daisyjames.eu\/wp-content\/uploads\/2024\/09\/LogoDJzwart-1.png","contentUrl":"https:\/\/daisyjames.eu\/wp-content\/uploads\/2024\/09\/LogoDJzwart-1.png","width":1125,"height":199,"caption":"Daisy James"},"image":{"@id":"https:\/\/daisyjames.eu\/#\/schema\/logo\/image\/"},"sameAs":["https:\/\/www.facebook.com\/Daisyjamesinteriorwallcovering\/","https:\/\/x.com\/daisyjamesinterior","https:\/\/pinterest.com\/daisyjameswallcovers\/","https:\/\/nl.linkedin.com\/company\/d-a-i-s-y-j-a-m-e-s-interior-collection"]}]}},"_links":{"self":[{"href":"https:\/\/daisyjames.eu\/fr\/wp-json\/wp\/v2\/product\/36364","targetHints":{"allow":["GET"]}}],"collection":[{"href":"https:\/\/daisyjames.eu\/fr\/wp-json\/wp\/v2\/product"}],"about":[{"href":"https:\/\/daisyjames.eu\/fr\/wp-json\/wp\/v2\/types\/product"}],"replies":[{"embeddable":true,"href":"https:\/\/daisyjames.eu\/fr\/wp-json\/wp\/v2\/comments?post=36364"}],"wp:featuredmedia":[{"embeddable":true,"href":"https:\/\/daisyjames.eu\/fr\/wp-json\/wp\/v2\/media\/36365"}],"wp:attachment":[{"href":"https:\/\/daisyjames.eu\/fr\/wp-json\/wp\/v2\/media?parent=36364"}],"wp:term":[{"taxonomy":"product_brand","embeddable":true,"href":"https:\/\/daisyjames.eu\/fr\/wp-json\/wp\/v2\/product_brand?post=36364"},{"taxonomy":"product_cat","embeddable":true,"href":"https:\/\/daisyjames.eu\/fr\/wp-json\/wp\/v2\/product_cat?post=36364"},{"taxonomy":"product_tag","embeddable":true,"href":"https:\/\/daisyjames.eu\/fr\/wp-json\/wp\/v2\/product_tag?post=36364"}],"curies":[{"name":"wp","href":"https:\/\/api.w.org\/{rel}","templated":true}]}}