
{"id":36385,"date":"2026-03-24T13:39:11","date_gmt":"2026-03-24T13:39:11","guid":{"rendered":"https:\/\/daisyjames.eu\/collections\/lilex-brun\/"},"modified":"2026-03-26T13:27:58","modified_gmt":"2026-03-26T13:27:58","slug":"the-ilex-brown-wallcover-daisy-james","status":"publish","type":"product","link":"https:\/\/daisyjames.eu\/fr\/collections\/the-ilex-brown-wallcover-daisy-james\/","title":{"rendered":"The Ilex Brown"},"content":{"rendered":"<p>Description du produit<br \/>\n&#8220;The Ilex Brown&#8221; par daisy james est un rev\u00eatement mural \u00e9l\u00e9gant avec une composition abstraite inspir\u00e9e du paysage. Le design est d\u00e9fini par une texture rappelant une tapisserie tiss\u00e9e, donnant \u00e0 la surface une qualit\u00e9 riche et stratifi\u00e9e. Les tons bruns chauds se fondent subtilement les uns dans les autres, cr\u00e9ant un effet visuel enveloppant et \u00e9quilibr\u00e9. L&#8217;Ilex Brown ajoute de la profondeur \u00e0 un espace et met en valeur son caract\u00e8re architectural, ce qui le rend particuli\u00e8rement adapt\u00e9 aux salons, aux chambres \u00e0 coucher et aux environnements d&#8217;accueil.<br \/>\nConseils de style<br \/>\n&#8211; Associez-le \u00e0 des tissus doux tels que la laine, le boucl\u00e9 et le lin pour cr\u00e9er un int\u00e9rieur stratifi\u00e9.<br \/>\n&#8211; Les tons bruns chauds se marient magnifiquement avec des couleurs terreuses et des mat\u00e9riaux organiques.<br \/>\n&#8211; Id\u00e9al pour les espaces o\u00f9 le confort et la texture sont essentiels.<br \/>\n&#8211; Laissez le design se d\u00e9marquer en gardant le reste de l&#8217;int\u00e9rieur calme et \u00e9quilibr\u00e9.<\/p>\n","protected":false},"excerpt":{"rendered":"<p>&#8220;<em>The Ilex Brown&#8221;<\/em> de <strong>daisy james<\/strong> est un rev\u00eatement mural pr\u00e9sentant un motif abstrait inspir\u00e9 d&#8217;un paysage avec un aspect tiss\u00e9 subtil. La texture visible donne \u00e0 la surface un caract\u00e8re textile, semblable \u00e0 une tapisserie murale. Les tons bruns chauds et les transitions douces cr\u00e9ent de la profondeur et un effet de superposition, permettant au design de se fondre sans effort dans les int\u00e9rieurs contemporains.<\/p>\n","protected":false},"featured_media":36386,"comment_status":"open","ping_status":"closed","template":"","meta":{"_acf_changed":false},"product_brand":[],"product_cat":[471,658,543],"product_tag":[],"class_list":{"0":"post-36385","1":"product","2":"type-product","3":"status-publish","4":"has-post-thumbnail","6":"product_cat-calm-minimal-fr","7":"product_cat-organic-harmony-fr","8":"product_cat-refined-luxe-fr","9":"pa_colour-brown-fr","10":"pa_colour-rose","11":"pa_theme-trees-fr","12":"pa_theme-leaves-fr","13":"pa_theme-nature-fr","14":"pa_theme-landscape-fr","16":"first","17":"instock","18":"shipping-taxable","19":"purchasable","20":"product-type-simple"},"acf":[],"yoast_head":"<!-- This site is optimized with the Yoast SEO Premium plugin v27.3 (Yoast SEO v27.3) - https:\/\/yoast.com\/product\/yoast-seo-premium-wordpress\/ -->\n<title>The Ilex Brown | Abstract Wallcovering | daisy james<\/title>\n<meta name=\"description\" content=\"Rev\u00eatement mural \u00e9l\u00e9gant avec un motif abstrait inspir\u00e9 d&#039;un paysage et une texture tiss\u00e9e. Les tons bruns chauds cr\u00e9ent de la profondeur et un effet architectural.\" \/>\n<meta name=\"robots\" content=\"index, follow, max-snippet:-1, max-image-preview:large, max-video-preview:-1\" \/>\n<link rel=\"canonical\" href=\"https:\/\/daisyjames.eu\/fr\/collections\/the-ilex-brown-wallcover-daisy-james\/\" \/>\n<script type=\"application\/ld+json\" class=\"yoast-schema-graph\">{\"@context\":\"https:\\\/\\\/schema.org\",\"@graph\":[{\"@type\":\"WebPage\",\"@id\":\"https:\\\/\\\/daisyjames.eu\\\/fr\\\/collections\\\/the-ilex-brown-wallcover-daisy-james\\\/\",\"url\":\"https:\\\/\\\/daisyjames.eu\\\/fr\\\/collections\\\/the-ilex-brown-wallcover-daisy-james\\\/\",\"name\":\"The Ilex Brown | Abstract Wallcovering | daisy james\",\"isPartOf\":{\"@id\":\"https:\\\/\\\/daisyjames.eu\\\/#website\"},\"primaryImageOfPage\":{\"@id\":\"https:\\\/\\\/daisyjames.eu\\\/fr\\\/collections\\\/the-ilex-brown-wallcover-daisy-james\\\/#primaryimage\"},\"image\":{\"@id\":\"https:\\\/\\\/daisyjames.eu\\\/fr\\\/collections\\\/the-ilex-brown-wallcover-daisy-james\\\/#primaryimage\"},\"thumbnailUrl\":\"https:\\\/\\\/daisyjames.eu\\\/wp-content\\\/uploads\\\/2026\\\/03\\\/DJ399-The-Ilex-Brown-1-1-scaled.jpg\",\"datePublished\":\"2026-03-24T13:39:11+00:00\",\"dateModified\":\"2026-03-26T13:27:58+00:00\",\"description\":\"Rev\u00eatement mural \u00e9l\u00e9gant avec un motif abstrait inspir\u00e9 d'un paysage et une texture tiss\u00e9e. Les tons bruns chauds cr\u00e9ent de la profondeur et un effet architectural.\",\"breadcrumb\":{\"@id\":\"https:\\\/\\\/daisyjames.eu\\\/fr\\\/collections\\\/the-ilex-brown-wallcover-daisy-james\\\/#breadcrumb\"},\"inLanguage\":\"fr-FR\",\"potentialAction\":[{\"@type\":\"ReadAction\",\"target\":[\"https:\\\/\\\/daisyjames.eu\\\/fr\\\/collections\\\/the-ilex-brown-wallcover-daisy-james\\\/\"]}]},{\"@type\":\"ImageObject\",\"inLanguage\":\"fr-FR\",\"@id\":\"https:\\\/\\\/daisyjames.eu\\\/fr\\\/collections\\\/the-ilex-brown-wallcover-daisy-james\\\/#primaryimage\",\"url\":\"https:\\\/\\\/daisyjames.eu\\\/wp-content\\\/uploads\\\/2026\\\/03\\\/DJ399-The-Ilex-Brown-1-1-scaled.jpg\",\"contentUrl\":\"https:\\\/\\\/daisyjames.eu\\\/wp-content\\\/uploads\\\/2026\\\/03\\\/DJ399-The-Ilex-Brown-1-1-scaled.jpg\",\"width\":2161,\"height\":2560},{\"@type\":\"BreadcrumbList\",\"@id\":\"https:\\\/\\\/daisyjames.eu\\\/fr\\\/collections\\\/the-ilex-brown-wallcover-daisy-james\\\/#breadcrumb\",\"itemListElement\":[{\"@type\":\"ListItem\",\"position\":1,\"name\":\"Home\",\"item\":\"https:\\\/\\\/daisyjames.eu\\\/fr\\\/\"},{\"@type\":\"ListItem\",\"position\":2,\"name\":\"Tous les rev\u00eatements muraux\",\"item\":\"https:\\\/\\\/daisyjames.eu\\\/fr\\\/boutique\\\/\"},{\"@type\":\"ListItem\",\"position\":3,\"name\":\"The Ilex Brown\"}]},{\"@type\":\"WebSite\",\"@id\":\"https:\\\/\\\/daisyjames.eu\\\/#website\",\"url\":\"https:\\\/\\\/daisyjames.eu\\\/\",\"name\":\"Daisy James\",\"description\":\"\",\"publisher\":{\"@id\":\"https:\\\/\\\/daisyjames.eu\\\/#organization\"},\"potentialAction\":[{\"@type\":\"SearchAction\",\"target\":{\"@type\":\"EntryPoint\",\"urlTemplate\":\"https:\\\/\\\/daisyjames.eu\\\/?s={search_term_string}\"},\"query-input\":{\"@type\":\"PropertyValueSpecification\",\"valueRequired\":true,\"valueName\":\"search_term_string\"}}],\"inLanguage\":\"fr-FR\"},{\"@type\":\"Organization\",\"@id\":\"https:\\\/\\\/daisyjames.eu\\\/#organization\",\"name\":\"Daisy James\",\"url\":\"https:\\\/\\\/daisyjames.eu\\\/\",\"logo\":{\"@type\":\"ImageObject\",\"inLanguage\":\"fr-FR\",\"@id\":\"https:\\\/\\\/daisyjames.eu\\\/#\\\/schema\\\/logo\\\/image\\\/\",\"url\":\"https:\\\/\\\/daisyjames.eu\\\/wp-content\\\/uploads\\\/2024\\\/09\\\/LogoDJzwart-1.png\",\"contentUrl\":\"https:\\\/\\\/daisyjames.eu\\\/wp-content\\\/uploads\\\/2024\\\/09\\\/LogoDJzwart-1.png\",\"width\":1125,\"height\":199,\"caption\":\"Daisy James\"},\"image\":{\"@id\":\"https:\\\/\\\/daisyjames.eu\\\/#\\\/schema\\\/logo\\\/image\\\/\"},\"sameAs\":[\"https:\\\/\\\/www.facebook.com\\\/Daisyjamesinteriorwallcovering\\\/\",\"https:\\\/\\\/x.com\\\/daisyjamesinterior\",\"https:\\\/\\\/pinterest.com\\\/daisyjameswallcovers\\\/\",\"https:\\\/\\\/nl.linkedin.com\\\/company\\\/d-a-i-s-y-j-a-m-e-s-interior-collection\"]}]}<\/script>\n<!-- \/ Yoast SEO Premium plugin. -->","yoast_head_json":{"title":"The Ilex Brown | Abstract Wallcovering | daisy james","description":"Rev\u00eatement mural \u00e9l\u00e9gant avec un motif abstrait inspir\u00e9 d'un paysage et une texture tiss\u00e9e. Les tons bruns chauds cr\u00e9ent de la profondeur et un effet architectural.","robots":{"index":"index","follow":"follow","max-snippet":"max-snippet:-1","max-image-preview":"max-image-preview:large","max-video-preview":"max-video-preview:-1"},"canonical":"https:\/\/daisyjames.eu\/fr\/collections\/the-ilex-brown-wallcover-daisy-james\/","schema":{"@context":"https:\/\/schema.org","@graph":[{"@type":"WebPage","@id":"https:\/\/daisyjames.eu\/fr\/collections\/the-ilex-brown-wallcover-daisy-james\/","url":"https:\/\/daisyjames.eu\/fr\/collections\/the-ilex-brown-wallcover-daisy-james\/","name":"The Ilex Brown | Abstract Wallcovering | daisy james","isPartOf":{"@id":"https:\/\/daisyjames.eu\/#website"},"primaryImageOfPage":{"@id":"https:\/\/daisyjames.eu\/fr\/collections\/the-ilex-brown-wallcover-daisy-james\/#primaryimage"},"image":{"@id":"https:\/\/daisyjames.eu\/fr\/collections\/the-ilex-brown-wallcover-daisy-james\/#primaryimage"},"thumbnailUrl":"https:\/\/daisyjames.eu\/wp-content\/uploads\/2026\/03\/DJ399-The-Ilex-Brown-1-1-scaled.jpg","datePublished":"2026-03-24T13:39:11+00:00","dateModified":"2026-03-26T13:27:58+00:00","description":"Rev\u00eatement mural \u00e9l\u00e9gant avec un motif abstrait inspir\u00e9 d'un paysage et une texture tiss\u00e9e. Les tons bruns chauds cr\u00e9ent de la profondeur et un effet architectural.","breadcrumb":{"@id":"https:\/\/daisyjames.eu\/fr\/collections\/the-ilex-brown-wallcover-daisy-james\/#breadcrumb"},"inLanguage":"fr-FR","potentialAction":[{"@type":"ReadAction","target":["https:\/\/daisyjames.eu\/fr\/collections\/the-ilex-brown-wallcover-daisy-james\/"]}]},{"@type":"ImageObject","inLanguage":"fr-FR","@id":"https:\/\/daisyjames.eu\/fr\/collections\/the-ilex-brown-wallcover-daisy-james\/#primaryimage","url":"https:\/\/daisyjames.eu\/wp-content\/uploads\/2026\/03\/DJ399-The-Ilex-Brown-1-1-scaled.jpg","contentUrl":"https:\/\/daisyjames.eu\/wp-content\/uploads\/2026\/03\/DJ399-The-Ilex-Brown-1-1-scaled.jpg","width":2161,"height":2560},{"@type":"BreadcrumbList","@id":"https:\/\/daisyjames.eu\/fr\/collections\/the-ilex-brown-wallcover-daisy-james\/#breadcrumb","itemListElement":[{"@type":"ListItem","position":1,"name":"Home","item":"https:\/\/daisyjames.eu\/fr\/"},{"@type":"ListItem","position":2,"name":"Tous les rev\u00eatements muraux","item":"https:\/\/daisyjames.eu\/fr\/boutique\/"},{"@type":"ListItem","position":3,"name":"The Ilex Brown"}]},{"@type":"WebSite","@id":"https:\/\/daisyjames.eu\/#website","url":"https:\/\/daisyjames.eu\/","name":"Daisy James","description":"","publisher":{"@id":"https:\/\/daisyjames.eu\/#organization"},"potentialAction":[{"@type":"SearchAction","target":{"@type":"EntryPoint","urlTemplate":"https:\/\/daisyjames.eu\/?s={search_term_string}"},"query-input":{"@type":"PropertyValueSpecification","valueRequired":true,"valueName":"search_term_string"}}],"inLanguage":"fr-FR"},{"@type":"Organization","@id":"https:\/\/daisyjames.eu\/#organization","name":"Daisy James","url":"https:\/\/daisyjames.eu\/","logo":{"@type":"ImageObject","inLanguage":"fr-FR","@id":"https:\/\/daisyjames.eu\/#\/schema\/logo\/image\/","url":"https:\/\/daisyjames.eu\/wp-content\/uploads\/2024\/09\/LogoDJzwart-1.png","contentUrl":"https:\/\/daisyjames.eu\/wp-content\/uploads\/2024\/09\/LogoDJzwart-1.png","width":1125,"height":199,"caption":"Daisy James"},"image":{"@id":"https:\/\/daisyjames.eu\/#\/schema\/logo\/image\/"},"sameAs":["https:\/\/www.facebook.com\/Daisyjamesinteriorwallcovering\/","https:\/\/x.com\/daisyjamesinterior","https:\/\/pinterest.com\/daisyjameswallcovers\/","https:\/\/nl.linkedin.com\/company\/d-a-i-s-y-j-a-m-e-s-interior-collection"]}]}},"_links":{"self":[{"href":"https:\/\/daisyjames.eu\/fr\/wp-json\/wp\/v2\/product\/36385","targetHints":{"allow":["GET"]}}],"collection":[{"href":"https:\/\/daisyjames.eu\/fr\/wp-json\/wp\/v2\/product"}],"about":[{"href":"https:\/\/daisyjames.eu\/fr\/wp-json\/wp\/v2\/types\/product"}],"replies":[{"embeddable":true,"href":"https:\/\/daisyjames.eu\/fr\/wp-json\/wp\/v2\/comments?post=36385"}],"wp:featuredmedia":[{"embeddable":true,"href":"https:\/\/daisyjames.eu\/fr\/wp-json\/wp\/v2\/media\/36386"}],"wp:attachment":[{"href":"https:\/\/daisyjames.eu\/fr\/wp-json\/wp\/v2\/media?parent=36385"}],"wp:term":[{"taxonomy":"product_brand","embeddable":true,"href":"https:\/\/daisyjames.eu\/fr\/wp-json\/wp\/v2\/product_brand?post=36385"},{"taxonomy":"product_cat","embeddable":true,"href":"https:\/\/daisyjames.eu\/fr\/wp-json\/wp\/v2\/product_cat?post=36385"},{"taxonomy":"product_tag","embeddable":true,"href":"https:\/\/daisyjames.eu\/fr\/wp-json\/wp\/v2\/product_tag?post=36385"}],"curies":[{"name":"wp","href":"https:\/\/api.w.org\/{rel}","templated":true}]}}