
{"id":37386,"date":"2026-04-08T10:41:11","date_gmt":"2026-04-08T10:41:11","guid":{"rendered":"https:\/\/daisyjames.eu\/collections\/la-chaux-des-galets\/"},"modified":"2026-04-08T11:25:08","modified_gmt":"2026-04-08T11:25:08","slug":"the-pebbel-lime","status":"publish","type":"product","link":"https:\/\/daisyjames.eu\/fr\/collections\/the-pebbel-lime\/","title":{"rendered":"The Pebbel Lime"},"content":{"rendered":"<p data-start=\"130\" data-end=\"608\">&#8220;The Pebbel Lime&#8221; de daisy james est un rev\u00eatement mural contemporain avec un motif calme et organique qui fonctionne subtilement en arri\u00e8re-plan. Le design pr\u00e9sente une structure raffin\u00e9e avec une distribution naturelle, cr\u00e9ant un effet visuel doux et \u00e9quilibr\u00e9. Le ton chaud du vert lime apporte de la fra\u00eecheur \u00e0 l&#8217;espace tout en ajoutant une vivacit\u00e9 discr\u00e8te. Avec une largeur de 8 m\u00e8tres sans r\u00e9p\u00e9tition, le Pebbel Lime cr\u00e9e un aspect homog\u00e8ne et continu \u00e0 travers le mur.<\/p>\n<p data-start=\"610\" data-end=\"949\"><strong data-start=\"610\" data-end=\"624\">Conseils de style<\/strong><br data-start=\"624\" data-end=\"627\" \/>&#8211; Associez-le \u00e0 des mat\u00e9riaux naturels tels que le bois, le lin et la c\u00e9ramique pour un aspect doux.<br data-start=\"716\" data-end=\"719\" \/>&#8211; Le ton vert lime s&#8217;associe parfaitement aux tons neutres et chauds.<br data-start=\"796\" data-end=\"799\" \/>&#8211; Id\u00e9al pour les espaces o\u00f9 une touche de couleur subtile est souhait\u00e9e sans \u00eatre trop imposante.<br data-start=\"887\" data-end=\"890\" \/>&#8211; Gardez le reste de l&#8217;int\u00e9rieur calme pour un r\u00e9sultat \u00e9quilibr\u00e9.<\/p>\n","protected":false},"excerpt":{"rendered":"<p>&#8220;<em>The Pebbel Lime&#8221;<\/em> de <strong>daisy james<\/strong> est un rev\u00eatement mural au motif fin et organique et \u00e0 la surface subtilement textur\u00e9e. Le ton chaud du vert citron apporte fra\u00eecheur et douceur \u00e0 l&#8217;int\u00e9rieur. Gr\u00e2ce \u00e0 son design de 8 m\u00e8tres sans r\u00e9p\u00e9tition, il cr\u00e9e un visuel calme et continu qui s&#8217;int\u00e8gre sans effort dans les int\u00e9rieurs contemporains.<\/p>\n","protected":false},"featured_media":37387,"comment_status":"open","ping_status":"closed","template":"","meta":{"_acf_changed":false},"product_brand":[],"product_cat":[471],"product_tag":[],"class_list":{"0":"post-37386","1":"product","2":"type-product","3":"status-publish","4":"has-post-thumbnail","6":"product_cat-calm-minimal-fr","7":"pa_colour-yellow-green-fr","8":"pa_colour-greens-fr","9":"pa_colour-lime-green-fr","10":"pa_colour-bright-green-fr","11":"pa_theme-basics-fr","12":"pa_theme-stones-fr","14":"first","15":"instock","16":"shipping-taxable","17":"purchasable","18":"product-type-simple"},"acf":[],"yoast_head":"<!-- This site is optimized with the Yoast SEO Premium plugin v27.3 (Yoast SEO v27.3) - https:\/\/yoast.com\/product\/yoast-seo-premium-wordpress\/ -->\n<title>The Pebbel Lime | Rev\u00eatement mural naturel | daisy james<\/title>\n<meta name=\"description\" content=\"Rev\u00eatement mural avec un motif organique dans un ton chaud de vert lime. 8 m\u00e8tres sans r\u00e9p\u00e9tition pour un aspect calme et homog\u00e8ne dans l&#039;int\u00e9rieur.\" \/>\n<meta name=\"robots\" content=\"index, follow, max-snippet:-1, max-image-preview:large, max-video-preview:-1\" \/>\n<link rel=\"canonical\" href=\"https:\/\/daisyjames.eu\/fr\/collections\/the-pebbel-lime\/\" \/>\n<script type=\"application\/ld+json\" class=\"yoast-schema-graph\">{\"@context\":\"https:\\\/\\\/schema.org\",\"@graph\":[{\"@type\":\"WebPage\",\"@id\":\"https:\\\/\\\/daisyjames.eu\\\/fr\\\/collections\\\/the-pebbel-lime\\\/\",\"url\":\"https:\\\/\\\/daisyjames.eu\\\/fr\\\/collections\\\/the-pebbel-lime\\\/\",\"name\":\"The Pebbel Lime | Rev\u00eatement mural naturel | daisy james\",\"isPartOf\":{\"@id\":\"https:\\\/\\\/daisyjames.eu\\\/#website\"},\"primaryImageOfPage\":{\"@id\":\"https:\\\/\\\/daisyjames.eu\\\/fr\\\/collections\\\/the-pebbel-lime\\\/#primaryimage\"},\"image\":{\"@id\":\"https:\\\/\\\/daisyjames.eu\\\/fr\\\/collections\\\/the-pebbel-lime\\\/#primaryimage\"},\"thumbnailUrl\":\"https:\\\/\\\/daisyjames.eu\\\/wp-content\\\/uploads\\\/2026\\\/04\\\/DJ401-The-Pebbel-Lime-1b-scaled.jpg\",\"datePublished\":\"2026-04-08T10:41:11+00:00\",\"dateModified\":\"2026-04-08T11:25:08+00:00\",\"description\":\"Rev\u00eatement mural avec un motif organique dans un ton chaud de vert lime. 8 m\u00e8tres sans r\u00e9p\u00e9tition pour un aspect calme et homog\u00e8ne dans l'int\u00e9rieur.\",\"breadcrumb\":{\"@id\":\"https:\\\/\\\/daisyjames.eu\\\/fr\\\/collections\\\/the-pebbel-lime\\\/#breadcrumb\"},\"inLanguage\":\"fr-FR\",\"potentialAction\":[{\"@type\":\"ReadAction\",\"target\":[\"https:\\\/\\\/daisyjames.eu\\\/fr\\\/collections\\\/the-pebbel-lime\\\/\"]}]},{\"@type\":\"ImageObject\",\"inLanguage\":\"fr-FR\",\"@id\":\"https:\\\/\\\/daisyjames.eu\\\/fr\\\/collections\\\/the-pebbel-lime\\\/#primaryimage\",\"url\":\"https:\\\/\\\/daisyjames.eu\\\/wp-content\\\/uploads\\\/2026\\\/04\\\/DJ401-The-Pebbel-Lime-1b-scaled.jpg\",\"contentUrl\":\"https:\\\/\\\/daisyjames.eu\\\/wp-content\\\/uploads\\\/2026\\\/04\\\/DJ401-The-Pebbel-Lime-1b-scaled.jpg\",\"width\":1707,\"height\":2560},{\"@type\":\"BreadcrumbList\",\"@id\":\"https:\\\/\\\/daisyjames.eu\\\/fr\\\/collections\\\/the-pebbel-lime\\\/#breadcrumb\",\"itemListElement\":[{\"@type\":\"ListItem\",\"position\":1,\"name\":\"Home\",\"item\":\"https:\\\/\\\/daisyjames.eu\\\/fr\\\/\"},{\"@type\":\"ListItem\",\"position\":2,\"name\":\"Tous les rev\u00eatements muraux\",\"item\":\"https:\\\/\\\/daisyjames.eu\\\/fr\\\/boutique\\\/\"},{\"@type\":\"ListItem\",\"position\":3,\"name\":\"The Pebbel Lime\"}]},{\"@type\":\"WebSite\",\"@id\":\"https:\\\/\\\/daisyjames.eu\\\/#website\",\"url\":\"https:\\\/\\\/daisyjames.eu\\\/\",\"name\":\"Daisy James\",\"description\":\"\",\"publisher\":{\"@id\":\"https:\\\/\\\/daisyjames.eu\\\/#organization\"},\"potentialAction\":[{\"@type\":\"SearchAction\",\"target\":{\"@type\":\"EntryPoint\",\"urlTemplate\":\"https:\\\/\\\/daisyjames.eu\\\/?s={search_term_string}\"},\"query-input\":{\"@type\":\"PropertyValueSpecification\",\"valueRequired\":true,\"valueName\":\"search_term_string\"}}],\"inLanguage\":\"fr-FR\"},{\"@type\":\"Organization\",\"@id\":\"https:\\\/\\\/daisyjames.eu\\\/#organization\",\"name\":\"Daisy James\",\"url\":\"https:\\\/\\\/daisyjames.eu\\\/\",\"logo\":{\"@type\":\"ImageObject\",\"inLanguage\":\"fr-FR\",\"@id\":\"https:\\\/\\\/daisyjames.eu\\\/#\\\/schema\\\/logo\\\/image\\\/\",\"url\":\"https:\\\/\\\/daisyjames.eu\\\/wp-content\\\/uploads\\\/2024\\\/09\\\/LogoDJzwart-1.png\",\"contentUrl\":\"https:\\\/\\\/daisyjames.eu\\\/wp-content\\\/uploads\\\/2024\\\/09\\\/LogoDJzwart-1.png\",\"width\":1125,\"height\":199,\"caption\":\"Daisy James\"},\"image\":{\"@id\":\"https:\\\/\\\/daisyjames.eu\\\/#\\\/schema\\\/logo\\\/image\\\/\"},\"sameAs\":[\"https:\\\/\\\/www.facebook.com\\\/Daisyjamesinteriorwallcovering\\\/\",\"https:\\\/\\\/x.com\\\/daisyjamesinterior\",\"https:\\\/\\\/pinterest.com\\\/daisyjameswallcovers\\\/\",\"https:\\\/\\\/nl.linkedin.com\\\/company\\\/d-a-i-s-y-j-a-m-e-s-interior-collection\"]}]}<\/script>\n<!-- \/ Yoast SEO Premium plugin. -->","yoast_head_json":{"title":"The Pebbel Lime | Rev\u00eatement mural naturel | daisy james","description":"Rev\u00eatement mural avec un motif organique dans un ton chaud de vert lime. 8 m\u00e8tres sans r\u00e9p\u00e9tition pour un aspect calme et homog\u00e8ne dans l'int\u00e9rieur.","robots":{"index":"index","follow":"follow","max-snippet":"max-snippet:-1","max-image-preview":"max-image-preview:large","max-video-preview":"max-video-preview:-1"},"canonical":"https:\/\/daisyjames.eu\/fr\/collections\/the-pebbel-lime\/","schema":{"@context":"https:\/\/schema.org","@graph":[{"@type":"WebPage","@id":"https:\/\/daisyjames.eu\/fr\/collections\/the-pebbel-lime\/","url":"https:\/\/daisyjames.eu\/fr\/collections\/the-pebbel-lime\/","name":"The Pebbel Lime | Rev\u00eatement mural naturel | daisy james","isPartOf":{"@id":"https:\/\/daisyjames.eu\/#website"},"primaryImageOfPage":{"@id":"https:\/\/daisyjames.eu\/fr\/collections\/the-pebbel-lime\/#primaryimage"},"image":{"@id":"https:\/\/daisyjames.eu\/fr\/collections\/the-pebbel-lime\/#primaryimage"},"thumbnailUrl":"https:\/\/daisyjames.eu\/wp-content\/uploads\/2026\/04\/DJ401-The-Pebbel-Lime-1b-scaled.jpg","datePublished":"2026-04-08T10:41:11+00:00","dateModified":"2026-04-08T11:25:08+00:00","description":"Rev\u00eatement mural avec un motif organique dans un ton chaud de vert lime. 8 m\u00e8tres sans r\u00e9p\u00e9tition pour un aspect calme et homog\u00e8ne dans l'int\u00e9rieur.","breadcrumb":{"@id":"https:\/\/daisyjames.eu\/fr\/collections\/the-pebbel-lime\/#breadcrumb"},"inLanguage":"fr-FR","potentialAction":[{"@type":"ReadAction","target":["https:\/\/daisyjames.eu\/fr\/collections\/the-pebbel-lime\/"]}]},{"@type":"ImageObject","inLanguage":"fr-FR","@id":"https:\/\/daisyjames.eu\/fr\/collections\/the-pebbel-lime\/#primaryimage","url":"https:\/\/daisyjames.eu\/wp-content\/uploads\/2026\/04\/DJ401-The-Pebbel-Lime-1b-scaled.jpg","contentUrl":"https:\/\/daisyjames.eu\/wp-content\/uploads\/2026\/04\/DJ401-The-Pebbel-Lime-1b-scaled.jpg","width":1707,"height":2560},{"@type":"BreadcrumbList","@id":"https:\/\/daisyjames.eu\/fr\/collections\/the-pebbel-lime\/#breadcrumb","itemListElement":[{"@type":"ListItem","position":1,"name":"Home","item":"https:\/\/daisyjames.eu\/fr\/"},{"@type":"ListItem","position":2,"name":"Tous les rev\u00eatements muraux","item":"https:\/\/daisyjames.eu\/fr\/boutique\/"},{"@type":"ListItem","position":3,"name":"The Pebbel Lime"}]},{"@type":"WebSite","@id":"https:\/\/daisyjames.eu\/#website","url":"https:\/\/daisyjames.eu\/","name":"Daisy James","description":"","publisher":{"@id":"https:\/\/daisyjames.eu\/#organization"},"potentialAction":[{"@type":"SearchAction","target":{"@type":"EntryPoint","urlTemplate":"https:\/\/daisyjames.eu\/?s={search_term_string}"},"query-input":{"@type":"PropertyValueSpecification","valueRequired":true,"valueName":"search_term_string"}}],"inLanguage":"fr-FR"},{"@type":"Organization","@id":"https:\/\/daisyjames.eu\/#organization","name":"Daisy James","url":"https:\/\/daisyjames.eu\/","logo":{"@type":"ImageObject","inLanguage":"fr-FR","@id":"https:\/\/daisyjames.eu\/#\/schema\/logo\/image\/","url":"https:\/\/daisyjames.eu\/wp-content\/uploads\/2024\/09\/LogoDJzwart-1.png","contentUrl":"https:\/\/daisyjames.eu\/wp-content\/uploads\/2024\/09\/LogoDJzwart-1.png","width":1125,"height":199,"caption":"Daisy James"},"image":{"@id":"https:\/\/daisyjames.eu\/#\/schema\/logo\/image\/"},"sameAs":["https:\/\/www.facebook.com\/Daisyjamesinteriorwallcovering\/","https:\/\/x.com\/daisyjamesinterior","https:\/\/pinterest.com\/daisyjameswallcovers\/","https:\/\/nl.linkedin.com\/company\/d-a-i-s-y-j-a-m-e-s-interior-collection"]}]}},"_links":{"self":[{"href":"https:\/\/daisyjames.eu\/fr\/wp-json\/wp\/v2\/product\/37386","targetHints":{"allow":["GET"]}}],"collection":[{"href":"https:\/\/daisyjames.eu\/fr\/wp-json\/wp\/v2\/product"}],"about":[{"href":"https:\/\/daisyjames.eu\/fr\/wp-json\/wp\/v2\/types\/product"}],"replies":[{"embeddable":true,"href":"https:\/\/daisyjames.eu\/fr\/wp-json\/wp\/v2\/comments?post=37386"}],"wp:featuredmedia":[{"embeddable":true,"href":"https:\/\/daisyjames.eu\/fr\/wp-json\/wp\/v2\/media\/37387"}],"wp:attachment":[{"href":"https:\/\/daisyjames.eu\/fr\/wp-json\/wp\/v2\/media?parent=37386"}],"wp:term":[{"taxonomy":"product_brand","embeddable":true,"href":"https:\/\/daisyjames.eu\/fr\/wp-json\/wp\/v2\/product_brand?post=37386"},{"taxonomy":"product_cat","embeddable":true,"href":"https:\/\/daisyjames.eu\/fr\/wp-json\/wp\/v2\/product_cat?post=37386"},{"taxonomy":"product_tag","embeddable":true,"href":"https:\/\/daisyjames.eu\/fr\/wp-json\/wp\/v2\/product_tag?post=37386"}],"curies":[{"name":"wp","href":"https:\/\/api.w.org\/{rel}","templated":true}]}}