
{"id":37438,"date":"2026-04-08T11:06:03","date_gmt":"2026-04-08T11:06:03","guid":{"rendered":"https:\/\/daisyjames.eu\/collections\/le-pebbel-brown\/"},"modified":"2026-04-08T11:20:59","modified_gmt":"2026-04-08T11:20:59","slug":"the-pebbel-brown","status":"publish","type":"product","link":"https:\/\/daisyjames.eu\/fr\/collections\/the-pebbel-brown\/","title":{"rendered":"The Pebbel Brown"},"content":{"rendered":"<p data-start=\"143\" data-end=\"609\">&#8220;The Pebbel Brown&#8221; de daisy james est un rev\u00eatement mural raffin\u00e9 au design subtil et organique qui s&#8217;installe tranquillement en arri\u00e8re-plan. Le motif a une distribution naturelle et une texture douce, cr\u00e9ant une apparence murale \u00e9quilibr\u00e9e et agr\u00e9able. Le ton brun ocre ajoute de la chaleur et de la profondeur \u00e0 l&#8217;espace, donnant \u00e0 l&#8217;int\u00e9rieur un aspect terreux et discret. Le motif de 8 m\u00e8tres, sans r\u00e9p\u00e9tition, cr\u00e9e un ensemble homog\u00e8ne et coh\u00e9rent.<\/p>\n<p data-start=\"611\" data-end=\"945\"><strong data-start=\"611\" data-end=\"625\">Conseils de style<\/strong><br data-start=\"625\" data-end=\"628\" \/>&#8211; Associez-le \u00e0 des tons de bois chauds, du cuir et des tissus naturels pour un int\u00e9rieur riche.<br data-start=\"709\" data-end=\"712\" \/>&#8211; Le ton brun ocre se marie \u00e0 merveille avec des teintes sablonneuses, de la terre cuite et des tons verts doux.<br data-start=\"803\" data-end=\"806\" \/>&#8211; Convient aux espaces o\u00f9 chaleur et subtilit\u00e9 s&#8217;allient.<br data-start=\"868\" data-end=\"871\" \/>&#8211; Gardez un aspect g\u00e9n\u00e9ral calme et travaillez en ton-sur-ton pour un r\u00e9sultat harmonieux.<\/p>\n","protected":false},"excerpt":{"rendered":"<p><em>&#8220;The\u00a0Pebbel Brown<\/em> de <strong>daisy james<\/strong> est un rev\u00eatement mural au motif fin et organique et \u00e0 la texture douce. Le ton brun ocre chaud donne au design une profondeur naturelle et un caract\u00e8re accueillant. Avec une largeur de 8 m\u00e8tres sans r\u00e9p\u00e9tition, il cr\u00e9e un effet de mur calme et continu qui s&#8217;int\u00e8gre parfaitement dans les int\u00e9rieurs contemporains.<\/p>\n","protected":false},"featured_media":37439,"comment_status":"open","ping_status":"closed","template":"","meta":{"_acf_changed":false},"product_brand":[],"product_cat":[471],"product_tag":[],"class_list":{"0":"post-37438","1":"product","2":"type-product","3":"status-publish","4":"has-post-thumbnail","6":"product_cat-calm-minimal-fr","7":"pa_colour-brown-fr","8":"pa_colour-naturals-fr","9":"pa_colour-ocher-fr","10":"pa_theme-basics-fr","11":"pa_theme-stones-fr","13":"first","14":"instock","15":"shipping-taxable","16":"purchasable","17":"product-type-simple"},"acf":[],"yoast_head":"<!-- This site is optimized with the Yoast SEO Premium plugin v27.3 (Yoast SEO v27.3) - https:\/\/yoast.com\/product\/yoast-seo-premium-wordpress\/ -->\n<title>The Pebbel Brown | Rev\u00eatement mural organique | daisy james<\/title>\n<meta name=\"description\" content=\"Rev\u00eatement mural avec un motif organique dans un ton brun ocre chaud. 8 m\u00e8tres sans r\u00e9p\u00e9tition pour un effet mural calme et continu.\" \/>\n<meta name=\"robots\" content=\"index, follow, max-snippet:-1, max-image-preview:large, max-video-preview:-1\" \/>\n<link rel=\"canonical\" href=\"https:\/\/daisyjames.eu\/fr\/collections\/the-pebbel-brown\/\" \/>\n<script type=\"application\/ld+json\" class=\"yoast-schema-graph\">{\"@context\":\"https:\\\/\\\/schema.org\",\"@graph\":[{\"@type\":\"WebPage\",\"@id\":\"https:\\\/\\\/daisyjames.eu\\\/fr\\\/collections\\\/the-pebbel-brown\\\/\",\"url\":\"https:\\\/\\\/daisyjames.eu\\\/fr\\\/collections\\\/the-pebbel-brown\\\/\",\"name\":\"The Pebbel Brown | Rev\u00eatement mural organique | daisy james\",\"isPartOf\":{\"@id\":\"https:\\\/\\\/daisyjames.eu\\\/#website\"},\"primaryImageOfPage\":{\"@id\":\"https:\\\/\\\/daisyjames.eu\\\/fr\\\/collections\\\/the-pebbel-brown\\\/#primaryimage\"},\"image\":{\"@id\":\"https:\\\/\\\/daisyjames.eu\\\/fr\\\/collections\\\/the-pebbel-brown\\\/#primaryimage\"},\"thumbnailUrl\":\"https:\\\/\\\/daisyjames.eu\\\/wp-content\\\/uploads\\\/2026\\\/04\\\/DJ401-The-Pebbel-browm-1a-scaled.jpg\",\"datePublished\":\"2026-04-08T11:06:03+00:00\",\"dateModified\":\"2026-04-08T11:20:59+00:00\",\"description\":\"Rev\u00eatement mural avec un motif organique dans un ton brun ocre chaud. 8 m\u00e8tres sans r\u00e9p\u00e9tition pour un effet mural calme et continu.\",\"breadcrumb\":{\"@id\":\"https:\\\/\\\/daisyjames.eu\\\/fr\\\/collections\\\/the-pebbel-brown\\\/#breadcrumb\"},\"inLanguage\":\"fr-FR\",\"potentialAction\":[{\"@type\":\"ReadAction\",\"target\":[\"https:\\\/\\\/daisyjames.eu\\\/fr\\\/collections\\\/the-pebbel-brown\\\/\"]}]},{\"@type\":\"ImageObject\",\"inLanguage\":\"fr-FR\",\"@id\":\"https:\\\/\\\/daisyjames.eu\\\/fr\\\/collections\\\/the-pebbel-brown\\\/#primaryimage\",\"url\":\"https:\\\/\\\/daisyjames.eu\\\/wp-content\\\/uploads\\\/2026\\\/04\\\/DJ401-The-Pebbel-browm-1a-scaled.jpg\",\"contentUrl\":\"https:\\\/\\\/daisyjames.eu\\\/wp-content\\\/uploads\\\/2026\\\/04\\\/DJ401-The-Pebbel-browm-1a-scaled.jpg\",\"width\":1796,\"height\":2560},{\"@type\":\"BreadcrumbList\",\"@id\":\"https:\\\/\\\/daisyjames.eu\\\/fr\\\/collections\\\/the-pebbel-brown\\\/#breadcrumb\",\"itemListElement\":[{\"@type\":\"ListItem\",\"position\":1,\"name\":\"Home\",\"item\":\"https:\\\/\\\/daisyjames.eu\\\/fr\\\/\"},{\"@type\":\"ListItem\",\"position\":2,\"name\":\"Tous les rev\u00eatements muraux\",\"item\":\"https:\\\/\\\/daisyjames.eu\\\/fr\\\/boutique\\\/\"},{\"@type\":\"ListItem\",\"position\":3,\"name\":\"The Pebbel Brown\"}]},{\"@type\":\"WebSite\",\"@id\":\"https:\\\/\\\/daisyjames.eu\\\/#website\",\"url\":\"https:\\\/\\\/daisyjames.eu\\\/\",\"name\":\"Daisy James\",\"description\":\"\",\"publisher\":{\"@id\":\"https:\\\/\\\/daisyjames.eu\\\/#organization\"},\"potentialAction\":[{\"@type\":\"SearchAction\",\"target\":{\"@type\":\"EntryPoint\",\"urlTemplate\":\"https:\\\/\\\/daisyjames.eu\\\/?s={search_term_string}\"},\"query-input\":{\"@type\":\"PropertyValueSpecification\",\"valueRequired\":true,\"valueName\":\"search_term_string\"}}],\"inLanguage\":\"fr-FR\"},{\"@type\":\"Organization\",\"@id\":\"https:\\\/\\\/daisyjames.eu\\\/#organization\",\"name\":\"Daisy James\",\"url\":\"https:\\\/\\\/daisyjames.eu\\\/\",\"logo\":{\"@type\":\"ImageObject\",\"inLanguage\":\"fr-FR\",\"@id\":\"https:\\\/\\\/daisyjames.eu\\\/#\\\/schema\\\/logo\\\/image\\\/\",\"url\":\"https:\\\/\\\/daisyjames.eu\\\/wp-content\\\/uploads\\\/2024\\\/09\\\/LogoDJzwart-1.png\",\"contentUrl\":\"https:\\\/\\\/daisyjames.eu\\\/wp-content\\\/uploads\\\/2024\\\/09\\\/LogoDJzwart-1.png\",\"width\":1125,\"height\":199,\"caption\":\"Daisy James\"},\"image\":{\"@id\":\"https:\\\/\\\/daisyjames.eu\\\/#\\\/schema\\\/logo\\\/image\\\/\"},\"sameAs\":[\"https:\\\/\\\/www.facebook.com\\\/Daisyjamesinteriorwallcovering\\\/\",\"https:\\\/\\\/x.com\\\/daisyjamesinterior\",\"https:\\\/\\\/pinterest.com\\\/daisyjameswallcovers\\\/\",\"https:\\\/\\\/nl.linkedin.com\\\/company\\\/d-a-i-s-y-j-a-m-e-s-interior-collection\"]}]}<\/script>\n<!-- \/ Yoast SEO Premium plugin. -->","yoast_head_json":{"title":"The Pebbel Brown | Rev\u00eatement mural organique | daisy james","description":"Rev\u00eatement mural avec un motif organique dans un ton brun ocre chaud. 8 m\u00e8tres sans r\u00e9p\u00e9tition pour un effet mural calme et continu.","robots":{"index":"index","follow":"follow","max-snippet":"max-snippet:-1","max-image-preview":"max-image-preview:large","max-video-preview":"max-video-preview:-1"},"canonical":"https:\/\/daisyjames.eu\/fr\/collections\/the-pebbel-brown\/","schema":{"@context":"https:\/\/schema.org","@graph":[{"@type":"WebPage","@id":"https:\/\/daisyjames.eu\/fr\/collections\/the-pebbel-brown\/","url":"https:\/\/daisyjames.eu\/fr\/collections\/the-pebbel-brown\/","name":"The Pebbel Brown | Rev\u00eatement mural organique | daisy james","isPartOf":{"@id":"https:\/\/daisyjames.eu\/#website"},"primaryImageOfPage":{"@id":"https:\/\/daisyjames.eu\/fr\/collections\/the-pebbel-brown\/#primaryimage"},"image":{"@id":"https:\/\/daisyjames.eu\/fr\/collections\/the-pebbel-brown\/#primaryimage"},"thumbnailUrl":"https:\/\/daisyjames.eu\/wp-content\/uploads\/2026\/04\/DJ401-The-Pebbel-browm-1a-scaled.jpg","datePublished":"2026-04-08T11:06:03+00:00","dateModified":"2026-04-08T11:20:59+00:00","description":"Rev\u00eatement mural avec un motif organique dans un ton brun ocre chaud. 8 m\u00e8tres sans r\u00e9p\u00e9tition pour un effet mural calme et continu.","breadcrumb":{"@id":"https:\/\/daisyjames.eu\/fr\/collections\/the-pebbel-brown\/#breadcrumb"},"inLanguage":"fr-FR","potentialAction":[{"@type":"ReadAction","target":["https:\/\/daisyjames.eu\/fr\/collections\/the-pebbel-brown\/"]}]},{"@type":"ImageObject","inLanguage":"fr-FR","@id":"https:\/\/daisyjames.eu\/fr\/collections\/the-pebbel-brown\/#primaryimage","url":"https:\/\/daisyjames.eu\/wp-content\/uploads\/2026\/04\/DJ401-The-Pebbel-browm-1a-scaled.jpg","contentUrl":"https:\/\/daisyjames.eu\/wp-content\/uploads\/2026\/04\/DJ401-The-Pebbel-browm-1a-scaled.jpg","width":1796,"height":2560},{"@type":"BreadcrumbList","@id":"https:\/\/daisyjames.eu\/fr\/collections\/the-pebbel-brown\/#breadcrumb","itemListElement":[{"@type":"ListItem","position":1,"name":"Home","item":"https:\/\/daisyjames.eu\/fr\/"},{"@type":"ListItem","position":2,"name":"Tous les rev\u00eatements muraux","item":"https:\/\/daisyjames.eu\/fr\/boutique\/"},{"@type":"ListItem","position":3,"name":"The Pebbel Brown"}]},{"@type":"WebSite","@id":"https:\/\/daisyjames.eu\/#website","url":"https:\/\/daisyjames.eu\/","name":"Daisy James","description":"","publisher":{"@id":"https:\/\/daisyjames.eu\/#organization"},"potentialAction":[{"@type":"SearchAction","target":{"@type":"EntryPoint","urlTemplate":"https:\/\/daisyjames.eu\/?s={search_term_string}"},"query-input":{"@type":"PropertyValueSpecification","valueRequired":true,"valueName":"search_term_string"}}],"inLanguage":"fr-FR"},{"@type":"Organization","@id":"https:\/\/daisyjames.eu\/#organization","name":"Daisy James","url":"https:\/\/daisyjames.eu\/","logo":{"@type":"ImageObject","inLanguage":"fr-FR","@id":"https:\/\/daisyjames.eu\/#\/schema\/logo\/image\/","url":"https:\/\/daisyjames.eu\/wp-content\/uploads\/2024\/09\/LogoDJzwart-1.png","contentUrl":"https:\/\/daisyjames.eu\/wp-content\/uploads\/2024\/09\/LogoDJzwart-1.png","width":1125,"height":199,"caption":"Daisy James"},"image":{"@id":"https:\/\/daisyjames.eu\/#\/schema\/logo\/image\/"},"sameAs":["https:\/\/www.facebook.com\/Daisyjamesinteriorwallcovering\/","https:\/\/x.com\/daisyjamesinterior","https:\/\/pinterest.com\/daisyjameswallcovers\/","https:\/\/nl.linkedin.com\/company\/d-a-i-s-y-j-a-m-e-s-interior-collection"]}]}},"_links":{"self":[{"href":"https:\/\/daisyjames.eu\/fr\/wp-json\/wp\/v2\/product\/37438","targetHints":{"allow":["GET"]}}],"collection":[{"href":"https:\/\/daisyjames.eu\/fr\/wp-json\/wp\/v2\/product"}],"about":[{"href":"https:\/\/daisyjames.eu\/fr\/wp-json\/wp\/v2\/types\/product"}],"replies":[{"embeddable":true,"href":"https:\/\/daisyjames.eu\/fr\/wp-json\/wp\/v2\/comments?post=37438"}],"wp:featuredmedia":[{"embeddable":true,"href":"https:\/\/daisyjames.eu\/fr\/wp-json\/wp\/v2\/media\/37439"}],"wp:attachment":[{"href":"https:\/\/daisyjames.eu\/fr\/wp-json\/wp\/v2\/media?parent=37438"}],"wp:term":[{"taxonomy":"product_brand","embeddable":true,"href":"https:\/\/daisyjames.eu\/fr\/wp-json\/wp\/v2\/product_brand?post=37438"},{"taxonomy":"product_cat","embeddable":true,"href":"https:\/\/daisyjames.eu\/fr\/wp-json\/wp\/v2\/product_cat?post=37438"},{"taxonomy":"product_tag","embeddable":true,"href":"https:\/\/daisyjames.eu\/fr\/wp-json\/wp\/v2\/product_tag?post=37438"}],"curies":[{"name":"wp","href":"https:\/\/api.w.org\/{rel}","templated":true}]}}