
{"id":34152,"date":"2024-05-17T09:53:17","date_gmt":"2024-05-17T09:53:17","guid":{"rendered":"https:\/\/staging.daisyjames.eu\/termini-e-condizioni\/"},"modified":"2026-01-23T16:10:31","modified_gmt":"2026-01-23T16:10:31","slug":"termini-e-condizioni-2","status":"publish","type":"page","link":"https:\/\/daisyjames.eu\/it\/termini-e-condizioni-2\/","title":{"rendered":"Termini e condizioni"},"content":{"rendered":"\n<div class=\"wp-block-group has-global-padding is-layout-constrained wp-container-core-group-is-layout-be04af43 wp-block-group-is-layout-constrained\" style=\"margin-top:0;margin-bottom:0\">\n<div style=\"height:var(--wp--preset--spacing--xxxxxl)\" aria-hidden=\"true\" class=\"wp-block-spacer\"><\/div>\n\n\n\n<h1 data-aos-duration=\"1000\" data-aos=\"fade\" class=\"wp-block-heading has-text-align-center\" id=\"h-termini-e-condizioni\" style=\"margin-top:0;margin-bottom:0\">TERMINI E CONDIZIONI<\/h1>\n\n\n\n<div style=\"margin-top:0;margin-bottom:0;height:var(--wp--preset--spacing--xxxxxxxl)\" aria-hidden=\"true\" class=\"wp-block-spacer\"><\/div>\n\n\n \n\t\t\t<div data-aos-duration=\"1500\" data-aos=\"width-full-rtl\" \n\t\t\t\tclass=\"wordpress-container !px-0 origin-left w-full m-0 py-[0px] box-border sm:box-border\"\n\t\t\t>\n\t\t\t\t<div\n\t\t\t\t\tclass=\"w-full h-[1px] bg-[#0d181c]\"\n\t\t\t\t><\/div>\n\t\t\t<\/div>\n\t\t<\/div>\n\n\n\n<div class=\"wp-block-group has-global-padding is-layout-constrained wp-container-core-group-is-layout-e54397f0 wp-block-group-is-layout-constrained\" style=\"padding-top:var(--wp--preset--spacing--xxxxxxxl);padding-right:0;padding-bottom:var(--wp--preset--spacing--xxxxxxxl);padding-left:0\">\n<p data-aos-duration=\"1000\" data-aos=\"fade\" class=\"has-primary-color has-text-color has-link-color wp-elements-3668a845a50b6c36f69b52553d26f168\">Per noi di <strong>daisy james<\/strong> la qualit\u00e0, il servizio e l&#8217;affidabilit\u00e0 sono al centro di tutto ci\u00f2 che facciamo. In questa pagina troverai una sintesi dei nostri termini e delle nostre linee guida pi\u00f9 importanti per quanto riguarda l&#8217;utilizzo del nostro sito web, l&#8217;invio di ordini e il trattamento dei dati personali. Per la documentazione legale completa, ti invitiamo a consultare le pagine dedicate nel footer del nostro sito web.  <\/p>\n<\/div>\n\n\n\n<div class=\"wp-block-group has-global-padding is-layout-constrained wp-container-core-group-is-layout-6b6a4723 wp-block-group-is-layout-constrained\" style=\"margin-top:0;margin-bottom:0;padding-bottom:0\"> \n\t\t\t<div data-aos-duration=\"1500\" data-aos=\"width-full-rtl\" \n\t\t\t\tclass=\"wordpress-container !px-0 origin-left w-full m-0 py-[0px] box-border sm:box-border\"\n\t\t\t>\n\t\t\t\t<div\n\t\t\t\t\tclass=\"w-full h-[1px] bg-[#0d181c]\"\n\t\t\t\t><\/div>\n\t\t\t<\/div>\n\t\t\n\n\n<h2 data-aos-duration=\"1000\" data-aos=\"fade\" class=\"wp-block-heading alignfull has-text-align-center has-xxxxxl-font-size\" id=\"h-termini-e-condizioni-0\" style=\"margin-top:0;margin-bottom:0;padding-top:var(--wp--preset--spacing--xxxxxxxl);padding-bottom:var(--wp--preset--spacing--xxxxxxxl);line-height:1;text-transform:uppercase\">TERMINI E CONDIZIONI<\/h2>\n<\/div>\n\n\n\n<div class=\"wp-block-group has-global-padding is-layout-constrained wp-container-core-group-is-layout-639b5052 wp-block-group-is-layout-constrained\" style=\"padding-top:0;padding-right:0;padding-bottom:0;padding-left:0\">\n<details data-aos-duration=\"1000\" data-aos=\"fade\" class=\"wp-block-details is-layout-flow wp-block-details-is-layout-flow\" open><summary>Utilizzo del sito web<\/summary>\n<p style=\"padding-top:var(--wp--preset--spacing--xl);padding-bottom:var(--wp--preset--spacing--xl)\">Le informazioni contenute nel nostro sito web sono state redatte con cura. Sebbene ci sforziamo di mantenere tutti i contenuti aggiornati e accurati, <strong>daisy james<\/strong> non pu\u00f2 essere ritenuta responsabile per eventuali errori, omissioni o informazioni non aggiornate. L&#8217;utilizzo del sito web e dei suoi contenuti \u00e8 a tuo rischio e pericolo.  <\/p>\n<\/details>\n\n\n\n<details data-aos-duration=\"1000\" data-aos=\"fade\" class=\"wp-block-details is-layout-flow wp-block-details-is-layout-flow\"><summary>Orders &amp; Returns<\/summary>\n<p style=\"padding-top:var(--wp--preset--spacing--xl);padding-bottom:var(--wp--preset--spacing--xl)\">Hai il diritto di restituire il tuo ordine entro 14 giorni, a condizione che l&#8217;articolo sia inutilizzato, non danneggiato e nella sua confezione originale. I prodotti su misura possono essere restituiti solo in caso di difetti di produzione o danni durante la consegna. Per maggiori dettagli, consulta la nostra pagina <a href=\"https:\/\/daisyjames.eu\/it\/politica-di-restituzione\/\">sulle politiche di reso<\/a>.<\/p>\n<\/details>\n\n\n\n<details data-aos-duration=\"1000\" data-aos=\"fade\" class=\"wp-block-details is-layout-flow wp-block-details-is-layout-flow\"><summary>Privacy &amp; Data Protection<\/summary>\n<p style=\"padding-top:var(--wp--preset--spacing--xl);padding-bottom:var(--wp--preset--spacing--xl)\">Teniamo alla tua privacy e trattiamo i dati personali in conformit\u00e0 con il GDPR. Leggi la nostra <a href=\"https:\/\/daisyjames.eu\/it\/informativa-sulla-privacy\/\">Informativa sulla privacy<\/a> completa per scoprire come raccogliamo, utilizziamo e proteggiamo i tuoi dati.<\/p>\n<\/details>\n\n\n\n<details data-aos-duration=\"1000\" data-aos=\"fade\" class=\"wp-block-details is-layout-flow wp-block-details-is-layout-flow\"><summary>Propriet\u00e0 intellettuale<\/summary>\n<p style=\"padding-top:var(--wp--preset--spacing--xl);padding-bottom:var(--wp--preset--spacing--xl)\">Tutti i testi, le immagini e i disegni presenti in questo sito web sono di propriet\u00e0 di <strong>daisy james<\/strong> e non possono essere copiati, memorizzati o condivisi senza autorizzazione scritta.<\/p>\n<\/details>\n\n\n\n<details data-aos-duration=\"1000\" data-aos=\"fade\" class=\"wp-block-details is-layout-flow wp-block-details-is-layout-flow\"><summary>Esclusione di responsabilit\u00e0<\/summary>\n<p style=\"padding-top:var(--wp--preset--spacing--xl);padding-bottom:var(--wp--preset--spacing--xl)\">Sebbene il nostro obiettivo sia quello di offrire contenuti accurati e aggiornati, non \u00e8 possibile trarre alcun diritto dalle informazioni contenute nel nostro sito web. Per maggiori dettagli, consulta il nostro <a href=\"https:\/\/daisyjames.eu\/it\/esclusione-di-responsabilita\/\">Disclaimer<\/a>.<\/p>\n<\/details>\n<\/div>\n\n\n\n<div class=\"wp-block-group has-global-padding is-layout-constrained wp-block-group-is-layout-constrained\" style=\"margin-top:0;margin-bottom:0;padding-top:var(--wp--preset--spacing--xxxxxxxl);padding-bottom:var(--wp--preset--spacing--xxxxxxxl)\">\n<p data-aos-duration=\"1000\" data-aos=\"fade\">Puoi scaricare i nostri Termini e Condizioni qui di seguito. Queste linee guida sono state pensate per offrire un&#8217;esperienza chiara e positiva a tutti gli utenti. Se hai domande, non esitare a contattarci. Siamo qui per aiutarti.   <\/p>\n\n\n\n<div data-aos-duration=\"1000\" data-aos=\"fade\" class=\"wp-block-buttons is-layout-flex wp-block-buttons-is-layout-flex\" style=\"margin-top:0;margin-bottom:var(--wp--preset--spacing--xxxxxxxl)\">\n<div class=\"wp-block-button is-style-download-icon\"><a class=\"wp-block-button__link wp-element-button\" href=\"\/wp-content\/uploads\/2024\/05\/privacyverklaring-daisyjames.pdf\" target=\"_blank\" rel=\"noreferrer noopener nofollow\">Scarica i Termini e condizioni (pdf)<\/a><\/div>\n<\/div>\n\n\n \n\t\t\t<div data-aos-duration=\"1500\" data-aos=\"width-full-rtl\" \n\t\t\t\tclass=\"wordpress-container !px-0 origin-left w-full m-0 py-[0px] box-border sm:box-border\"\n\t\t\t>\n\t\t\t\t<div\n\t\t\t\t\tclass=\"w-full h-[1px] bg-[#0d181c]\"\n\t\t\t\t><\/div>\n\t\t\t<\/div>\n\t\t<\/div>\n\n\n\n<div style=\"height:51px\" aria-hidden=\"true\" class=\"wp-block-spacer\"><\/div>\n\n\n\n<h1 class=\"wp-block-heading has-text-align-center\" id=\"h-qualita-duratura-e-condizioni-trasparenti\">QUALIT\u00c0 DURATURA E CONDIZIONI TRASPARENTI.<\/h1>\n\n\n\n<div style=\"height:115px\" aria-hidden=\"true\" class=\"wp-block-spacer\"><\/div>\n\n\n \n\t\t\t<div data-aos-duration=\"1500\" data-aos=\"width-full-rtl\" \n\t\t\t\tclass=\"wordpress-container !px-0 origin-left w-full m-0 py-[0px] box-border sm:box-border\"\n\t\t\t>\n\t\t\t\t<div\n\t\t\t\t\tclass=\"w-full h-[1px] bg-[#0d181c]\"\n\t\t\t\t><\/div>\n\t\t\t<\/div>\n\t\t\n\n\n<div style=\"height:51px\" aria-hidden=\"true\" class=\"wp-block-spacer\"><\/div>\n\n\n\n<div style=\"height:51px\" aria-hidden=\"true\" class=\"wp-block-spacer\"><\/div>\n\n\n\n<div style=\"height:51px\" aria-hidden=\"true\" class=\"wp-block-spacer\"><\/div>\n\n\n\n<p><\/p>\n","protected":false},"excerpt":{"rendered":"<p>TERMINI E CONDIZIONI Per noi di daisy james la qualit\u00e0, il servizio e l&#8217;affidabilit\u00e0 sono al centro di tutto ci\u00f2 che facciamo. In questa pagina troverai una sintesi dei nostri termini e delle nostre linee guida pi\u00f9 importanti per quanto riguarda l&#8217;utilizzo del nostro sito web, l&#8217;invio di ordini e il trattamento dei dati personali. [&hellip;]<\/p>\n","protected":false},"author":1,"featured_media":30392,"parent":0,"menu_order":55,"comment_status":"closed","ping_status":"closed","template":"","meta":{"_acf_changed":false,"footnotes":""},"class_list":["post-34152","page","type-page","status-publish","has-post-thumbnail","hentry"],"acf":[],"yoast_head":"<!-- This site is optimized with the Yoast SEO Premium plugin v27.5 (Yoast SEO v27.5) - https:\/\/yoast.com\/product\/yoast-seo-premium-wordpress\/ -->\n<title>Termini e condizioni | daisy james Luxury Wallcoverings<\/title>\n<meta name=\"description\" content=\"Scopri i termini e le condizioni di daisy james. Tutti i dettagli su ordini, consegne, resi, responsabilit\u00e0 e privacy per i nostri esclusivi rivestimenti murali di lusso.\" \/>\n<meta name=\"robots\" content=\"index, follow, max-snippet:-1, max-image-preview:large, max-video-preview:-1\" \/>\n<link rel=\"canonical\" href=\"https:\/\/daisyjames.eu\/it\/termini-e-condizioni-2\/\" \/>\n<script type=\"application\/ld+json\" class=\"yoast-schema-graph\">{\"@context\":\"https:\\\/\\\/schema.org\",\"@graph\":[{\"@type\":\"WebPage\",\"@id\":\"https:\\\/\\\/daisyjames.eu\\\/it\\\/termini-e-condizioni-2\\\/\",\"url\":\"https:\\\/\\\/daisyjames.eu\\\/it\\\/termini-e-condizioni-2\\\/\",\"name\":\"Termini e condizioni | daisy james Luxury Wallcoverings\",\"isPartOf\":{\"@id\":\"https:\\\/\\\/daisyjames.eu\\\/#website\"},\"primaryImageOfPage\":{\"@id\":\"https:\\\/\\\/daisyjames.eu\\\/it\\\/termini-e-condizioni-2\\\/#primaryimage\"},\"image\":{\"@id\":\"https:\\\/\\\/daisyjames.eu\\\/it\\\/termini-e-condizioni-2\\\/#primaryimage\"},\"thumbnailUrl\":\"https:\\\/\\\/daisyjames.eu\\\/wp-content\\\/uploads\\\/2025\\\/09\\\/DJ_instagram_post_vierkant_salmon_3.jpg\",\"datePublished\":\"2024-05-17T09:53:17+00:00\",\"dateModified\":\"2026-01-23T16:10:31+00:00\",\"description\":\"Scopri i termini e le condizioni di daisy james. Tutti i dettagli su ordini, consegne, resi, responsabilit\u00e0 e privacy per i nostri esclusivi rivestimenti murali di lusso.\",\"breadcrumb\":{\"@id\":\"https:\\\/\\\/daisyjames.eu\\\/it\\\/termini-e-condizioni-2\\\/#breadcrumb\"},\"inLanguage\":\"it-IT\",\"potentialAction\":[{\"@type\":\"ReadAction\",\"target\":[\"https:\\\/\\\/daisyjames.eu\\\/it\\\/termini-e-condizioni-2\\\/\"]}]},{\"@type\":\"ImageObject\",\"inLanguage\":\"it-IT\",\"@id\":\"https:\\\/\\\/daisyjames.eu\\\/it\\\/termini-e-condizioni-2\\\/#primaryimage\",\"url\":\"https:\\\/\\\/daisyjames.eu\\\/wp-content\\\/uploads\\\/2025\\\/09\\\/DJ_instagram_post_vierkant_salmon_3.jpg\",\"contentUrl\":\"https:\\\/\\\/daisyjames.eu\\\/wp-content\\\/uploads\\\/2025\\\/09\\\/DJ_instagram_post_vierkant_salmon_3.jpg\",\"width\":1080,\"height\":1080},{\"@type\":\"BreadcrumbList\",\"@id\":\"https:\\\/\\\/daisyjames.eu\\\/it\\\/termini-e-condizioni-2\\\/#breadcrumb\",\"itemListElement\":[{\"@type\":\"ListItem\",\"position\":1,\"name\":\"Home\",\"item\":\"https:\\\/\\\/daisyjames.eu\\\/it\\\/\"},{\"@type\":\"ListItem\",\"position\":2,\"name\":\"Termini e condizioni\"}]},{\"@type\":\"WebSite\",\"@id\":\"https:\\\/\\\/daisyjames.eu\\\/#website\",\"url\":\"https:\\\/\\\/daisyjames.eu\\\/\",\"name\":\"Daisy James\",\"description\":\"\",\"publisher\":{\"@id\":\"https:\\\/\\\/daisyjames.eu\\\/#organization\"},\"potentialAction\":[{\"@type\":\"SearchAction\",\"target\":{\"@type\":\"EntryPoint\",\"urlTemplate\":\"https:\\\/\\\/daisyjames.eu\\\/?s={search_term_string}\"},\"query-input\":{\"@type\":\"PropertyValueSpecification\",\"valueRequired\":true,\"valueName\":\"search_term_string\"}}],\"inLanguage\":\"it-IT\"},{\"@type\":\"Organization\",\"@id\":\"https:\\\/\\\/daisyjames.eu\\\/#organization\",\"name\":\"Daisy James\",\"url\":\"https:\\\/\\\/daisyjames.eu\\\/\",\"logo\":{\"@type\":\"ImageObject\",\"inLanguage\":\"it-IT\",\"@id\":\"https:\\\/\\\/daisyjames.eu\\\/#\\\/schema\\\/logo\\\/image\\\/\",\"url\":\"https:\\\/\\\/daisyjames.eu\\\/wp-content\\\/uploads\\\/2024\\\/09\\\/LogoDJzwart-1.png\",\"contentUrl\":\"https:\\\/\\\/daisyjames.eu\\\/wp-content\\\/uploads\\\/2024\\\/09\\\/LogoDJzwart-1.png\",\"width\":1125,\"height\":199,\"caption\":\"Daisy James\"},\"image\":{\"@id\":\"https:\\\/\\\/daisyjames.eu\\\/#\\\/schema\\\/logo\\\/image\\\/\"},\"sameAs\":[\"https:\\\/\\\/www.facebook.com\\\/Daisyjamesinteriorwallcovering\\\/\",\"https:\\\/\\\/x.com\\\/daisyjamesinterior\",\"https:\\\/\\\/pinterest.com\\\/daisyjameswallcovers\\\/\",\"https:\\\/\\\/nl.linkedin.com\\\/company\\\/d-a-i-s-y-j-a-m-e-s-interior-collection\"]}]}<\/script>\n<!-- \/ Yoast SEO Premium plugin. -->","yoast_head_json":{"title":"Termini e condizioni | daisy james Luxury Wallcoverings","description":"Scopri i termini e le condizioni di daisy james. Tutti i dettagli su ordini, consegne, resi, responsabilit\u00e0 e privacy per i nostri esclusivi rivestimenti murali di lusso.","robots":{"index":"index","follow":"follow","max-snippet":"max-snippet:-1","max-image-preview":"max-image-preview:large","max-video-preview":"max-video-preview:-1"},"canonical":"https:\/\/daisyjames.eu\/it\/termini-e-condizioni-2\/","schema":{"@context":"https:\/\/schema.org","@graph":[{"@type":"WebPage","@id":"https:\/\/daisyjames.eu\/it\/termini-e-condizioni-2\/","url":"https:\/\/daisyjames.eu\/it\/termini-e-condizioni-2\/","name":"Termini e condizioni | daisy james Luxury Wallcoverings","isPartOf":{"@id":"https:\/\/daisyjames.eu\/#website"},"primaryImageOfPage":{"@id":"https:\/\/daisyjames.eu\/it\/termini-e-condizioni-2\/#primaryimage"},"image":{"@id":"https:\/\/daisyjames.eu\/it\/termini-e-condizioni-2\/#primaryimage"},"thumbnailUrl":"https:\/\/daisyjames.eu\/wp-content\/uploads\/2025\/09\/DJ_instagram_post_vierkant_salmon_3.jpg","datePublished":"2024-05-17T09:53:17+00:00","dateModified":"2026-01-23T16:10:31+00:00","description":"Scopri i termini e le condizioni di daisy james. Tutti i dettagli su ordini, consegne, resi, responsabilit\u00e0 e privacy per i nostri esclusivi rivestimenti murali di lusso.","breadcrumb":{"@id":"https:\/\/daisyjames.eu\/it\/termini-e-condizioni-2\/#breadcrumb"},"inLanguage":"it-IT","potentialAction":[{"@type":"ReadAction","target":["https:\/\/daisyjames.eu\/it\/termini-e-condizioni-2\/"]}]},{"@type":"ImageObject","inLanguage":"it-IT","@id":"https:\/\/daisyjames.eu\/it\/termini-e-condizioni-2\/#primaryimage","url":"https:\/\/daisyjames.eu\/wp-content\/uploads\/2025\/09\/DJ_instagram_post_vierkant_salmon_3.jpg","contentUrl":"https:\/\/daisyjames.eu\/wp-content\/uploads\/2025\/09\/DJ_instagram_post_vierkant_salmon_3.jpg","width":1080,"height":1080},{"@type":"BreadcrumbList","@id":"https:\/\/daisyjames.eu\/it\/termini-e-condizioni-2\/#breadcrumb","itemListElement":[{"@type":"ListItem","position":1,"name":"Home","item":"https:\/\/daisyjames.eu\/it\/"},{"@type":"ListItem","position":2,"name":"Termini e condizioni"}]},{"@type":"WebSite","@id":"https:\/\/daisyjames.eu\/#website","url":"https:\/\/daisyjames.eu\/","name":"Daisy James","description":"","publisher":{"@id":"https:\/\/daisyjames.eu\/#organization"},"potentialAction":[{"@type":"SearchAction","target":{"@type":"EntryPoint","urlTemplate":"https:\/\/daisyjames.eu\/?s={search_term_string}"},"query-input":{"@type":"PropertyValueSpecification","valueRequired":true,"valueName":"search_term_string"}}],"inLanguage":"it-IT"},{"@type":"Organization","@id":"https:\/\/daisyjames.eu\/#organization","name":"Daisy James","url":"https:\/\/daisyjames.eu\/","logo":{"@type":"ImageObject","inLanguage":"it-IT","@id":"https:\/\/daisyjames.eu\/#\/schema\/logo\/image\/","url":"https:\/\/daisyjames.eu\/wp-content\/uploads\/2024\/09\/LogoDJzwart-1.png","contentUrl":"https:\/\/daisyjames.eu\/wp-content\/uploads\/2024\/09\/LogoDJzwart-1.png","width":1125,"height":199,"caption":"Daisy James"},"image":{"@id":"https:\/\/daisyjames.eu\/#\/schema\/logo\/image\/"},"sameAs":["https:\/\/www.facebook.com\/Daisyjamesinteriorwallcovering\/","https:\/\/x.com\/daisyjamesinterior","https:\/\/pinterest.com\/daisyjameswallcovers\/","https:\/\/nl.linkedin.com\/company\/d-a-i-s-y-j-a-m-e-s-interior-collection"]}]}},"_links":{"self":[{"href":"https:\/\/daisyjames.eu\/it\/wp-json\/wp\/v2\/pages\/34152","targetHints":{"allow":["GET"]}}],"collection":[{"href":"https:\/\/daisyjames.eu\/it\/wp-json\/wp\/v2\/pages"}],"about":[{"href":"https:\/\/daisyjames.eu\/it\/wp-json\/wp\/v2\/types\/page"}],"author":[{"embeddable":true,"href":"https:\/\/daisyjames.eu\/it\/wp-json\/wp\/v2\/users\/1"}],"replies":[{"embeddable":true,"href":"https:\/\/daisyjames.eu\/it\/wp-json\/wp\/v2\/comments?post=34152"}],"version-history":[{"count":5,"href":"https:\/\/daisyjames.eu\/it\/wp-json\/wp\/v2\/pages\/34152\/revisions"}],"predecessor-version":[{"id":34163,"href":"https:\/\/daisyjames.eu\/it\/wp-json\/wp\/v2\/pages\/34152\/revisions\/34163"}],"wp:featuredmedia":[{"embeddable":true,"href":"https:\/\/daisyjames.eu\/it\/wp-json\/wp\/v2\/media\/30392"}],"wp:attachment":[{"href":"https:\/\/daisyjames.eu\/it\/wp-json\/wp\/v2\/media?parent=34152"}],"curies":[{"name":"wp","href":"https:\/\/api.w.org\/{rel}","templated":true}]}}