
{"id":14337,"date":"2023-07-19T11:45:23","date_gmt":"2023-07-19T11:45:23","guid":{"rendered":"https:\/\/daisyjames.dev001.booom.digital\/collection\/the-shade-black-and-white\/"},"modified":"2025-11-17T12:21:26","modified_gmt":"2025-11-17T12:21:26","slug":"the-shade-black-and-white","status":"publish","type":"product","link":"https:\/\/daisyjames.eu\/it\/collections\/the-shade-black-and-white\/","title":{"rendered":"The Shade Black And White"},"content":{"rendered":"","protected":false},"excerpt":{"rendered":"<p>Sotto una fitta chioma forestale, l&#8217;intensit\u00e0 della luce pu\u00f2 essere molto bassa. Tutto ci\u00f2 che si trova nel sottobosco deve vivere all&#8217;ombra perenne. Nelle giornate di sole, anche la maggior parte degli esseri umani \u00e8 amante dell&#8217;ombra: non essendo fotosintetici, non abbiamo bisogno di tutta l&#8217;energia solare, che non fa altro che riscaldare i nostri cervelli gi\u00e0 pericolosamente caldi. Anche la Terra ama l&#8217;ombra e sarebbe carino da parte nostra permetterle di conservare altri alberi, in modo che anche loro possano farle ombra! Questa carta da parati di <strong>daisy james<\/strong> \u00e8 un omaggio all&#8217;ombra. E agli alberi. Un sottile promemoria per tenere la testa al fresco.<\/p>\n","protected":false},"featured_media":7598,"comment_status":"closed","ping_status":"closed","template":"","meta":{"_acf_changed":false},"product_brand":[],"product_cat":[662,467],"product_tag":[],"class_list":{"0":"post-14337","1":"product","2":"type-product","3":"status-publish","4":"has-post-thumbnail","6":"product_cat-organic-harmony-it","7":"product_cat-timeless-classics-it","8":"pa_colour-greys-it","9":"pa_colour-black-and-white-it","10":"pa_colour-black-it","11":"pa_theme-trees-it","12":"pa_theme-animals-it","13":"pa_theme-leaves-it","14":"pa_theme-nature-it","15":"pa_theme-landscape-it","16":"pa_theme-tropical-it","18":"first","19":"instock","20":"purchasable","21":"product-type-simple"},"acf":[],"yoast_head":"<!-- This site is optimized with the Yoast SEO Premium plugin v27.3 (Yoast SEO v27.3) - https:\/\/yoast.com\/product\/yoast-seo-premium-wordpress\/ -->\n<title>The Shade Black &amp; White - Carta da parati albero | daisy james<\/title>\n<meta name=\"description\" content=\"&quot;The Shade black &amp; white&quot; di daisy james: carta da parati ispirata alle chiome delle foreste e alla bellezza dell&#039;ombra. Un sottile promemoria per mantenere il sangue freddo e per apprezzare gli alberi della natura.\" \/>\n<meta name=\"robots\" content=\"index, follow, max-snippet:-1, max-image-preview:large, max-video-preview:-1\" \/>\n<link rel=\"canonical\" href=\"https:\/\/daisyjames.eu\/it\/collections\/the-shade-black-and-white\/\" \/>\n<script type=\"application\/ld+json\" class=\"yoast-schema-graph\">{\"@context\":\"https:\\\/\\\/schema.org\",\"@graph\":[{\"@type\":\"WebPage\",\"@id\":\"https:\\\/\\\/daisyjames.eu\\\/it\\\/collections\\\/the-shade-black-and-white\\\/\",\"url\":\"https:\\\/\\\/daisyjames.eu\\\/it\\\/collections\\\/the-shade-black-and-white\\\/\",\"name\":\"The Shade Black & White - Carta da parati albero | daisy james\",\"isPartOf\":{\"@id\":\"https:\\\/\\\/daisyjames.eu\\\/#website\"},\"primaryImageOfPage\":{\"@id\":\"https:\\\/\\\/daisyjames.eu\\\/it\\\/collections\\\/the-shade-black-and-white\\\/#primaryimage\"},\"image\":{\"@id\":\"https:\\\/\\\/daisyjames.eu\\\/it\\\/collections\\\/the-shade-black-and-white\\\/#primaryimage\"},\"thumbnailUrl\":\"https:\\\/\\\/daisyjames.eu\\\/wp-content\\\/uploads\\\/2024\\\/06\\\/dj265-the-shade-black-white-2-scaled.jpg\",\"datePublished\":\"2023-07-19T11:45:23+00:00\",\"dateModified\":\"2025-11-17T12:21:26+00:00\",\"description\":\"\\\"The Shade black & white\\\" di daisy james: carta da parati ispirata alle chiome delle foreste e alla bellezza dell'ombra. Un sottile promemoria per mantenere il sangue freddo e per apprezzare gli alberi della natura.\",\"breadcrumb\":{\"@id\":\"https:\\\/\\\/daisyjames.eu\\\/it\\\/collections\\\/the-shade-black-and-white\\\/#breadcrumb\"},\"inLanguage\":\"it-IT\",\"potentialAction\":[{\"@type\":\"ReadAction\",\"target\":[\"https:\\\/\\\/daisyjames.eu\\\/it\\\/collections\\\/the-shade-black-and-white\\\/\"]}]},{\"@type\":\"ImageObject\",\"inLanguage\":\"it-IT\",\"@id\":\"https:\\\/\\\/daisyjames.eu\\\/it\\\/collections\\\/the-shade-black-and-white\\\/#primaryimage\",\"url\":\"https:\\\/\\\/daisyjames.eu\\\/wp-content\\\/uploads\\\/2024\\\/06\\\/dj265-the-shade-black-white-2-scaled.jpg\",\"contentUrl\":\"https:\\\/\\\/daisyjames.eu\\\/wp-content\\\/uploads\\\/2024\\\/06\\\/dj265-the-shade-black-white-2-scaled.jpg\",\"width\":1706,\"height\":2560},{\"@type\":\"BreadcrumbList\",\"@id\":\"https:\\\/\\\/daisyjames.eu\\\/it\\\/collections\\\/the-shade-black-and-white\\\/#breadcrumb\",\"itemListElement\":[{\"@type\":\"ListItem\",\"position\":1,\"name\":\"Home\",\"item\":\"https:\\\/\\\/daisyjames.eu\\\/it\\\/\"},{\"@type\":\"ListItem\",\"position\":2,\"name\":\"tutte le carte da parati\",\"item\":\"https:\\\/\\\/daisyjames.eu\\\/it\\\/negozio\\\/\"},{\"@type\":\"ListItem\",\"position\":3,\"name\":\"The Shade Black And White\"}]},{\"@type\":\"WebSite\",\"@id\":\"https:\\\/\\\/daisyjames.eu\\\/#website\",\"url\":\"https:\\\/\\\/daisyjames.eu\\\/\",\"name\":\"Daisy James\",\"description\":\"\",\"publisher\":{\"@id\":\"https:\\\/\\\/daisyjames.eu\\\/#organization\"},\"potentialAction\":[{\"@type\":\"SearchAction\",\"target\":{\"@type\":\"EntryPoint\",\"urlTemplate\":\"https:\\\/\\\/daisyjames.eu\\\/?s={search_term_string}\"},\"query-input\":{\"@type\":\"PropertyValueSpecification\",\"valueRequired\":true,\"valueName\":\"search_term_string\"}}],\"inLanguage\":\"it-IT\"},{\"@type\":\"Organization\",\"@id\":\"https:\\\/\\\/daisyjames.eu\\\/#organization\",\"name\":\"Daisy James\",\"url\":\"https:\\\/\\\/daisyjames.eu\\\/\",\"logo\":{\"@type\":\"ImageObject\",\"inLanguage\":\"it-IT\",\"@id\":\"https:\\\/\\\/daisyjames.eu\\\/#\\\/schema\\\/logo\\\/image\\\/\",\"url\":\"https:\\\/\\\/daisyjames.eu\\\/wp-content\\\/uploads\\\/2024\\\/09\\\/LogoDJzwart-1.png\",\"contentUrl\":\"https:\\\/\\\/daisyjames.eu\\\/wp-content\\\/uploads\\\/2024\\\/09\\\/LogoDJzwart-1.png\",\"width\":1125,\"height\":199,\"caption\":\"Daisy James\"},\"image\":{\"@id\":\"https:\\\/\\\/daisyjames.eu\\\/#\\\/schema\\\/logo\\\/image\\\/\"},\"sameAs\":[\"https:\\\/\\\/www.facebook.com\\\/Daisyjamesinteriorwallcovering\\\/\",\"https:\\\/\\\/x.com\\\/daisyjamesinterior\",\"https:\\\/\\\/pinterest.com\\\/daisyjameswallcovers\\\/\",\"https:\\\/\\\/nl.linkedin.com\\\/company\\\/d-a-i-s-y-j-a-m-e-s-interior-collection\"]}]}<\/script>\n<!-- \/ Yoast SEO Premium plugin. -->","yoast_head_json":{"title":"The Shade Black & White - Carta da parati albero | daisy james","description":"\"The Shade black & white\" di daisy james: carta da parati ispirata alle chiome delle foreste e alla bellezza dell'ombra. Un sottile promemoria per mantenere il sangue freddo e per apprezzare gli alberi della natura.","robots":{"index":"index","follow":"follow","max-snippet":"max-snippet:-1","max-image-preview":"max-image-preview:large","max-video-preview":"max-video-preview:-1"},"canonical":"https:\/\/daisyjames.eu\/it\/collections\/the-shade-black-and-white\/","schema":{"@context":"https:\/\/schema.org","@graph":[{"@type":"WebPage","@id":"https:\/\/daisyjames.eu\/it\/collections\/the-shade-black-and-white\/","url":"https:\/\/daisyjames.eu\/it\/collections\/the-shade-black-and-white\/","name":"The Shade Black & White - Carta da parati albero | daisy james","isPartOf":{"@id":"https:\/\/daisyjames.eu\/#website"},"primaryImageOfPage":{"@id":"https:\/\/daisyjames.eu\/it\/collections\/the-shade-black-and-white\/#primaryimage"},"image":{"@id":"https:\/\/daisyjames.eu\/it\/collections\/the-shade-black-and-white\/#primaryimage"},"thumbnailUrl":"https:\/\/daisyjames.eu\/wp-content\/uploads\/2024\/06\/dj265-the-shade-black-white-2-scaled.jpg","datePublished":"2023-07-19T11:45:23+00:00","dateModified":"2025-11-17T12:21:26+00:00","description":"\"The Shade black & white\" di daisy james: carta da parati ispirata alle chiome delle foreste e alla bellezza dell'ombra. Un sottile promemoria per mantenere il sangue freddo e per apprezzare gli alberi della natura.","breadcrumb":{"@id":"https:\/\/daisyjames.eu\/it\/collections\/the-shade-black-and-white\/#breadcrumb"},"inLanguage":"it-IT","potentialAction":[{"@type":"ReadAction","target":["https:\/\/daisyjames.eu\/it\/collections\/the-shade-black-and-white\/"]}]},{"@type":"ImageObject","inLanguage":"it-IT","@id":"https:\/\/daisyjames.eu\/it\/collections\/the-shade-black-and-white\/#primaryimage","url":"https:\/\/daisyjames.eu\/wp-content\/uploads\/2024\/06\/dj265-the-shade-black-white-2-scaled.jpg","contentUrl":"https:\/\/daisyjames.eu\/wp-content\/uploads\/2024\/06\/dj265-the-shade-black-white-2-scaled.jpg","width":1706,"height":2560},{"@type":"BreadcrumbList","@id":"https:\/\/daisyjames.eu\/it\/collections\/the-shade-black-and-white\/#breadcrumb","itemListElement":[{"@type":"ListItem","position":1,"name":"Home","item":"https:\/\/daisyjames.eu\/it\/"},{"@type":"ListItem","position":2,"name":"tutte le carte da parati","item":"https:\/\/daisyjames.eu\/it\/negozio\/"},{"@type":"ListItem","position":3,"name":"The Shade Black And White"}]},{"@type":"WebSite","@id":"https:\/\/daisyjames.eu\/#website","url":"https:\/\/daisyjames.eu\/","name":"Daisy James","description":"","publisher":{"@id":"https:\/\/daisyjames.eu\/#organization"},"potentialAction":[{"@type":"SearchAction","target":{"@type":"EntryPoint","urlTemplate":"https:\/\/daisyjames.eu\/?s={search_term_string}"},"query-input":{"@type":"PropertyValueSpecification","valueRequired":true,"valueName":"search_term_string"}}],"inLanguage":"it-IT"},{"@type":"Organization","@id":"https:\/\/daisyjames.eu\/#organization","name":"Daisy James","url":"https:\/\/daisyjames.eu\/","logo":{"@type":"ImageObject","inLanguage":"it-IT","@id":"https:\/\/daisyjames.eu\/#\/schema\/logo\/image\/","url":"https:\/\/daisyjames.eu\/wp-content\/uploads\/2024\/09\/LogoDJzwart-1.png","contentUrl":"https:\/\/daisyjames.eu\/wp-content\/uploads\/2024\/09\/LogoDJzwart-1.png","width":1125,"height":199,"caption":"Daisy James"},"image":{"@id":"https:\/\/daisyjames.eu\/#\/schema\/logo\/image\/"},"sameAs":["https:\/\/www.facebook.com\/Daisyjamesinteriorwallcovering\/","https:\/\/x.com\/daisyjamesinterior","https:\/\/pinterest.com\/daisyjameswallcovers\/","https:\/\/nl.linkedin.com\/company\/d-a-i-s-y-j-a-m-e-s-interior-collection"]}]}},"_links":{"self":[{"href":"https:\/\/daisyjames.eu\/it\/wp-json\/wp\/v2\/product\/14337","targetHints":{"allow":["GET"]}}],"collection":[{"href":"https:\/\/daisyjames.eu\/it\/wp-json\/wp\/v2\/product"}],"about":[{"href":"https:\/\/daisyjames.eu\/it\/wp-json\/wp\/v2\/types\/product"}],"replies":[{"embeddable":true,"href":"https:\/\/daisyjames.eu\/it\/wp-json\/wp\/v2\/comments?post=14337"}],"wp:featuredmedia":[{"embeddable":true,"href":"https:\/\/daisyjames.eu\/it\/wp-json\/wp\/v2\/media\/7598"}],"wp:attachment":[{"href":"https:\/\/daisyjames.eu\/it\/wp-json\/wp\/v2\/media?parent=14337"}],"wp:term":[{"taxonomy":"product_brand","embeddable":true,"href":"https:\/\/daisyjames.eu\/it\/wp-json\/wp\/v2\/product_brand?post=14337"},{"taxonomy":"product_cat","embeddable":true,"href":"https:\/\/daisyjames.eu\/it\/wp-json\/wp\/v2\/product_cat?post=14337"},{"taxonomy":"product_tag","embeddable":true,"href":"https:\/\/daisyjames.eu\/it\/wp-json\/wp\/v2\/product_tag?post=14337"}],"curies":[{"name":"wp","href":"https:\/\/api.w.org\/{rel}","templated":true}]}}