
{"id":15025,"date":"2023-06-30T20:49:15","date_gmt":"2023-06-30T20:49:15","guid":{"rendered":"https:\/\/daisyjames.dev001.booom.digital\/collection\/the-pink-lady\/"},"modified":"2025-11-18T14:28:02","modified_gmt":"2025-11-18T14:28:02","slug":"the-pink-lady","status":"publish","type":"product","link":"https:\/\/daisyjames.eu\/it\/collections\/the-pink-lady\/","title":{"rendered":"The Pink Lady"},"content":{"rendered":"","protected":false},"excerpt":{"rendered":"<p><strong>daisy james<\/strong> abbraccia il potere del rosa e non ne fa mistero. Il rosa \u00e8 sempre un&#8217;affermazione audace e noi abbracciamo la sua vivacit\u00e0 senza esitazioni. Tra le nostre carte da parati pi\u00f9 popolari c&#8217;\u00e8 <em>&#8220;The Pink Lady&#8221;<\/em>, un design audace di cui siamo molto orgogliosi. Incarna il nostro approccio impavido e mette in mostra il fascino accattivante del colore rosa. <span style=\"color: #ffffff;\">&#8212;&#8212;&#8212;&#8212;&#8212;&#8212;&#8212;&#8212;&#8212;&#8212;&#8212;&#8212;&#8212;&#8212;&#8212;&#8212;&#8212;&#8212;&#8212;&#8212;&#8212;&#8212;&#8212;&#8212;&#8212;&#8212;&#8212;&#8212;&#8212;&#8212;&#8212;&#8212;&#8212;&#8212;&#8212;&#8212;&#8212;&#8212;&#8212;&#8212;&#8212;&#8212;&#8212;&#8212;&#8212;&#8212;&#8212;&#8212;&#8212;&#8212;&#8212;&#8212;&#8212;&#8212;&#8212;&#8212;&#8212;&#8212;&#8212;&#8212;&#8212;&#8212;&#8212;&#8212;&#8212;&#8212;&#8212;&#8212;&#8212;&#8212;&#8212;&#8212;&#8212;&#8212;&#8212;&#8212;&#8212;&#8212;&#8212;&#8212;&#8212;&#8212;&#8212;&#8212;&#8212;&#8212;&#8212;&#8212;&#8212;&#8212;&#8212;&#8212;&#8212;&#8212;&#8212;&#8212;&#8212;&#8212;&#8212;&#8212;&#8212;&#8212;&#8212;&#8212;&#8212;&#8212;&#8212;&#8212;&#8212;&#8212;&#8212;&#8212;&#8212;&#8212;&#8212;&#8212;&#8212;&#8212;&#8212;&#8212;&#8212;&#8212;&#8212;&#8212;&#8212;&#8212;&#8212;&#8212;&#8212;&#8211;<\/span><\/p>\n<p>&#8220;Scopri come <em>&#8220;The Pink Lady&#8221;<\/em> \u00e8 stata utilizzata in uno dei nostri progetti di interni. Guarda il risultato <strong>qui<\/strong>&#8220;.<\/p>\n","protected":false},"featured_media":35029,"comment_status":"closed","ping_status":"closed","template":"","meta":{"_acf_changed":false},"product_brand":[],"product_cat":[513],"product_tag":[],"class_list":{"0":"post-15025","1":"product","2":"type-product","3":"status-publish","4":"has-post-thumbnail","6":"product_cat-expressive-statement-it","7":"pa_colour-gold-it","8":"pa_colour-multi-colours-it","9":"pa_colour-ocher-it","10":"pa_colour-pastello","11":"pa_colour-rosa","12":"pa_colour-salmon-it","13":"pa_theme-faces-it","15":"first","16":"instock","17":"purchasable","18":"product-type-simple"},"acf":[],"yoast_head":"<!-- This site is optimized with the Yoast SEO Premium plugin v27.3 (Yoast SEO v27.3) - https:\/\/yoast.com\/product\/yoast-seo-premium-wordpress\/ -->\n<title>The Pink Lady - Carta da parati con ritratto grafico | daisy james<\/title>\n<meta name=\"description\" content=\"daisy james abbraccia l&#039;audacia del rosa con la carta da parati &quot;The Pink Lady&quot;. Questo famoso disegno cattura il fascino vibrante del rosa, incarnando un approccio senza paura e facendo una dichiarazione sorprendente in qualsiasi spazio.\" \/>\n<meta name=\"robots\" content=\"index, follow, max-snippet:-1, max-image-preview:large, max-video-preview:-1\" \/>\n<link rel=\"canonical\" href=\"https:\/\/daisyjames.eu\/it\/collections\/the-pink-lady\/\" \/>\n<script type=\"application\/ld+json\" class=\"yoast-schema-graph\">{\"@context\":\"https:\\\/\\\/schema.org\",\"@graph\":[{\"@type\":\"WebPage\",\"@id\":\"https:\\\/\\\/daisyjames.eu\\\/it\\\/collections\\\/the-pink-lady\\\/\",\"url\":\"https:\\\/\\\/daisyjames.eu\\\/it\\\/collections\\\/the-pink-lady\\\/\",\"name\":\"The Pink Lady - Carta da parati con ritratto grafico | daisy james\",\"isPartOf\":{\"@id\":\"https:\\\/\\\/daisyjames.eu\\\/it\\\/#website\"},\"primaryImageOfPage\":{\"@id\":\"https:\\\/\\\/daisyjames.eu\\\/it\\\/collections\\\/the-pink-lady\\\/#primaryimage\"},\"image\":{\"@id\":\"https:\\\/\\\/daisyjames.eu\\\/it\\\/collections\\\/the-pink-lady\\\/#primaryimage\"},\"thumbnailUrl\":\"https:\\\/\\\/daisyjames.eu\\\/wp-content\\\/uploads\\\/2024\\\/07\\\/dj40-the-pink-lady-1-scaled.jpg\",\"datePublished\":\"2023-06-30T20:49:15+00:00\",\"dateModified\":\"2025-11-18T14:28:02+00:00\",\"description\":\"daisy james abbraccia l'audacia del rosa con la carta da parati \\\"The Pink Lady\\\". Questo famoso disegno cattura il fascino vibrante del rosa, incarnando un approccio senza paura e facendo una dichiarazione sorprendente in qualsiasi spazio.\",\"breadcrumb\":{\"@id\":\"https:\\\/\\\/daisyjames.eu\\\/it\\\/collections\\\/the-pink-lady\\\/#breadcrumb\"},\"inLanguage\":\"it-IT\",\"potentialAction\":[{\"@type\":\"ReadAction\",\"target\":[\"https:\\\/\\\/daisyjames.eu\\\/it\\\/collections\\\/the-pink-lady\\\/\"]}]},{\"@type\":\"ImageObject\",\"inLanguage\":\"it-IT\",\"@id\":\"https:\\\/\\\/daisyjames.eu\\\/it\\\/collections\\\/the-pink-lady\\\/#primaryimage\",\"url\":\"https:\\\/\\\/daisyjames.eu\\\/wp-content\\\/uploads\\\/2024\\\/07\\\/dj40-the-pink-lady-1-scaled.jpg\",\"contentUrl\":\"https:\\\/\\\/daisyjames.eu\\\/wp-content\\\/uploads\\\/2024\\\/07\\\/dj40-the-pink-lady-1-scaled.jpg\",\"width\":2054,\"height\":2560},{\"@type\":\"BreadcrumbList\",\"@id\":\"https:\\\/\\\/daisyjames.eu\\\/it\\\/collections\\\/the-pink-lady\\\/#breadcrumb\",\"itemListElement\":[{\"@type\":\"ListItem\",\"position\":1,\"name\":\"Home\",\"item\":\"https:\\\/\\\/daisyjames.eu\\\/it\\\/\"},{\"@type\":\"ListItem\",\"position\":2,\"name\":\"tutte le carte da parati\",\"item\":\"https:\\\/\\\/daisyjames.eu\\\/it\\\/negozio\\\/\"},{\"@type\":\"ListItem\",\"position\":3,\"name\":\"The Pink Lady\"}]},{\"@type\":\"WebSite\",\"@id\":\"https:\\\/\\\/daisyjames.eu\\\/it\\\/#website\",\"url\":\"https:\\\/\\\/daisyjames.eu\\\/it\\\/\",\"name\":\"Daisy James\",\"description\":\"\",\"publisher\":{\"@id\":\"https:\\\/\\\/daisyjames.eu\\\/it\\\/#organization\"},\"potentialAction\":[{\"@type\":\"SearchAction\",\"target\":{\"@type\":\"EntryPoint\",\"urlTemplate\":\"https:\\\/\\\/daisyjames.eu\\\/it\\\/?s={search_term_string}\"},\"query-input\":{\"@type\":\"PropertyValueSpecification\",\"valueRequired\":true,\"valueName\":\"search_term_string\"}}],\"inLanguage\":\"it-IT\"},{\"@type\":\"Organization\",\"@id\":\"https:\\\/\\\/daisyjames.eu\\\/it\\\/#organization\",\"name\":\"Daisy James\",\"url\":\"https:\\\/\\\/daisyjames.eu\\\/it\\\/\",\"logo\":{\"@type\":\"ImageObject\",\"inLanguage\":\"it-IT\",\"@id\":\"https:\\\/\\\/daisyjames.eu\\\/it\\\/#\\\/schema\\\/logo\\\/image\\\/\",\"url\":\"https:\\\/\\\/daisyjames.eu\\\/wp-content\\\/uploads\\\/2024\\\/09\\\/LogoDJzwart-1.png\",\"contentUrl\":\"https:\\\/\\\/daisyjames.eu\\\/wp-content\\\/uploads\\\/2024\\\/09\\\/LogoDJzwart-1.png\",\"width\":1125,\"height\":199,\"caption\":\"Daisy James\"},\"image\":{\"@id\":\"https:\\\/\\\/daisyjames.eu\\\/it\\\/#\\\/schema\\\/logo\\\/image\\\/\"},\"sameAs\":[\"https:\\\/\\\/www.facebook.com\\\/Daisyjamesinteriorwallcovering\\\/\",\"https:\\\/\\\/x.com\\\/daisyjamesinterior\",\"https:\\\/\\\/pinterest.com\\\/daisyjameswallcovers\\\/\",\"https:\\\/\\\/nl.linkedin.com\\\/company\\\/d-a-i-s-y-j-a-m-e-s-interior-collection\"]}]}<\/script>\n<!-- \/ Yoast SEO Premium plugin. -->","yoast_head_json":{"title":"The Pink Lady - Carta da parati con ritratto grafico | daisy james","description":"daisy james abbraccia l'audacia del rosa con la carta da parati \"The Pink Lady\". Questo famoso disegno cattura il fascino vibrante del rosa, incarnando un approccio senza paura e facendo una dichiarazione sorprendente in qualsiasi spazio.","robots":{"index":"index","follow":"follow","max-snippet":"max-snippet:-1","max-image-preview":"max-image-preview:large","max-video-preview":"max-video-preview:-1"},"canonical":"https:\/\/daisyjames.eu\/it\/collections\/the-pink-lady\/","schema":{"@context":"https:\/\/schema.org","@graph":[{"@type":"WebPage","@id":"https:\/\/daisyjames.eu\/it\/collections\/the-pink-lady\/","url":"https:\/\/daisyjames.eu\/it\/collections\/the-pink-lady\/","name":"The Pink Lady - Carta da parati con ritratto grafico | daisy james","isPartOf":{"@id":"https:\/\/daisyjames.eu\/it\/#website"},"primaryImageOfPage":{"@id":"https:\/\/daisyjames.eu\/it\/collections\/the-pink-lady\/#primaryimage"},"image":{"@id":"https:\/\/daisyjames.eu\/it\/collections\/the-pink-lady\/#primaryimage"},"thumbnailUrl":"https:\/\/daisyjames.eu\/wp-content\/uploads\/2024\/07\/dj40-the-pink-lady-1-scaled.jpg","datePublished":"2023-06-30T20:49:15+00:00","dateModified":"2025-11-18T14:28:02+00:00","description":"daisy james abbraccia l'audacia del rosa con la carta da parati \"The Pink Lady\". Questo famoso disegno cattura il fascino vibrante del rosa, incarnando un approccio senza paura e facendo una dichiarazione sorprendente in qualsiasi spazio.","breadcrumb":{"@id":"https:\/\/daisyjames.eu\/it\/collections\/the-pink-lady\/#breadcrumb"},"inLanguage":"it-IT","potentialAction":[{"@type":"ReadAction","target":["https:\/\/daisyjames.eu\/it\/collections\/the-pink-lady\/"]}]},{"@type":"ImageObject","inLanguage":"it-IT","@id":"https:\/\/daisyjames.eu\/it\/collections\/the-pink-lady\/#primaryimage","url":"https:\/\/daisyjames.eu\/wp-content\/uploads\/2024\/07\/dj40-the-pink-lady-1-scaled.jpg","contentUrl":"https:\/\/daisyjames.eu\/wp-content\/uploads\/2024\/07\/dj40-the-pink-lady-1-scaled.jpg","width":2054,"height":2560},{"@type":"BreadcrumbList","@id":"https:\/\/daisyjames.eu\/it\/collections\/the-pink-lady\/#breadcrumb","itemListElement":[{"@type":"ListItem","position":1,"name":"Home","item":"https:\/\/daisyjames.eu\/it\/"},{"@type":"ListItem","position":2,"name":"tutte le carte da parati","item":"https:\/\/daisyjames.eu\/it\/negozio\/"},{"@type":"ListItem","position":3,"name":"The Pink Lady"}]},{"@type":"WebSite","@id":"https:\/\/daisyjames.eu\/it\/#website","url":"https:\/\/daisyjames.eu\/it\/","name":"Daisy James","description":"","publisher":{"@id":"https:\/\/daisyjames.eu\/it\/#organization"},"potentialAction":[{"@type":"SearchAction","target":{"@type":"EntryPoint","urlTemplate":"https:\/\/daisyjames.eu\/it\/?s={search_term_string}"},"query-input":{"@type":"PropertyValueSpecification","valueRequired":true,"valueName":"search_term_string"}}],"inLanguage":"it-IT"},{"@type":"Organization","@id":"https:\/\/daisyjames.eu\/it\/#organization","name":"Daisy James","url":"https:\/\/daisyjames.eu\/it\/","logo":{"@type":"ImageObject","inLanguage":"it-IT","@id":"https:\/\/daisyjames.eu\/it\/#\/schema\/logo\/image\/","url":"https:\/\/daisyjames.eu\/wp-content\/uploads\/2024\/09\/LogoDJzwart-1.png","contentUrl":"https:\/\/daisyjames.eu\/wp-content\/uploads\/2024\/09\/LogoDJzwart-1.png","width":1125,"height":199,"caption":"Daisy James"},"image":{"@id":"https:\/\/daisyjames.eu\/it\/#\/schema\/logo\/image\/"},"sameAs":["https:\/\/www.facebook.com\/Daisyjamesinteriorwallcovering\/","https:\/\/x.com\/daisyjamesinterior","https:\/\/pinterest.com\/daisyjameswallcovers\/","https:\/\/nl.linkedin.com\/company\/d-a-i-s-y-j-a-m-e-s-interior-collection"]}]}},"_links":{"self":[{"href":"https:\/\/daisyjames.eu\/it\/wp-json\/wp\/v2\/product\/15025","targetHints":{"allow":["GET"]}}],"collection":[{"href":"https:\/\/daisyjames.eu\/it\/wp-json\/wp\/v2\/product"}],"about":[{"href":"https:\/\/daisyjames.eu\/it\/wp-json\/wp\/v2\/types\/product"}],"replies":[{"embeddable":true,"href":"https:\/\/daisyjames.eu\/it\/wp-json\/wp\/v2\/comments?post=15025"}],"wp:featuredmedia":[{"embeddable":true,"href":"https:\/\/daisyjames.eu\/it\/wp-json\/wp\/v2\/media\/35029"}],"wp:attachment":[{"href":"https:\/\/daisyjames.eu\/it\/wp-json\/wp\/v2\/media?parent=15025"}],"wp:term":[{"taxonomy":"product_brand","embeddable":true,"href":"https:\/\/daisyjames.eu\/it\/wp-json\/wp\/v2\/product_brand?post=15025"},{"taxonomy":"product_cat","embeddable":true,"href":"https:\/\/daisyjames.eu\/it\/wp-json\/wp\/v2\/product_cat?post=15025"},{"taxonomy":"product_tag","embeddable":true,"href":"https:\/\/daisyjames.eu\/it\/wp-json\/wp\/v2\/product_tag?post=15025"}],"curies":[{"name":"wp","href":"https:\/\/api.w.org\/{rel}","templated":true}]}}