
{"id":16805,"date":"2023-06-30T17:05:47","date_gmt":"2023-06-30T17:05:47","guid":{"rendered":"https:\/\/daisyjames.dev001.booom.digital\/collection\/the-xylo\/"},"modified":"2026-03-24T10:48:25","modified_gmt":"2026-03-24T10:48:25","slug":"the-xylo","status":"publish","type":"product","link":"https:\/\/daisyjames.eu\/it\/collections\/the-xylo\/","title":{"rendered":"The Xylo"},"content":{"rendered":"","protected":false},"excerpt":{"rendered":"<p>La nostra carta da parati <strong>daisy james<\/strong><em> &#8220;The Xylo&#8221;<\/em> \u00e8 caratterizzata da innumerevoli linee verticali che creano una carta da parati con un distinto senso di direzione. Questo pezzo astratto \u00e8 un turbinio di forme, colori e figure che evocano impressioni diverse per ogni osservatore. \u00c8 un disegno accattivante che d\u00e0 vita a interpretazioni individuali e aggiunge un tocco di unicit\u00e0 a qualsiasi spazio.<\/p>\n","protected":false},"featured_media":35930,"comment_status":"closed","ping_status":"closed","template":"","meta":{"_acf_changed":false},"product_brand":[],"product_cat":[513,549],"product_tag":[],"class_list":{"0":"post-16805","1":"product","2":"type-product","3":"status-publish","4":"has-post-thumbnail","6":"product_cat-expressive-statement-it","7":"product_cat-refined-luxe-it","8":"pa_colour-beige-it","9":"pa_colour-greys-it","10":"pa_colour-multi-colours-it","11":"pa_colour-pastello","12":"pa_colour-rosa","13":"pa_colour-salmon-it","14":"pa_colour-terra-it","15":"pa_theme-graphic-it","17":"first","18":"instock","19":"purchasable","20":"product-type-simple"},"acf":[],"yoast_head":"<!-- This site is optimized with the Yoast SEO Premium plugin v27.3 (Yoast SEO v27.3) - https:\/\/yoast.com\/product\/yoast-seo-premium-wordpress\/ -->\n<title>The Xylo - Carta da parati di design | daisy james<\/title>\n<meta name=\"description\" content=\"Scopri la carta da parati &quot;The Xylo&quot; di daisy james, caratterizzata da innumerevoli linee verticali che creano un senso dinamico di direzione. Questo disegno astratto mescola forme, colori e figure, dando vita a interpretazioni uniche e aggiungendo carattere a qualsiasi spazio.\" \/>\n<meta name=\"robots\" content=\"index, follow, max-snippet:-1, max-image-preview:large, max-video-preview:-1\" \/>\n<link rel=\"canonical\" href=\"https:\/\/daisyjames.eu\/it\/collections\/the-xylo\/\" \/>\n<script type=\"application\/ld+json\" class=\"yoast-schema-graph\">{\"@context\":\"https:\\\/\\\/schema.org\",\"@graph\":[{\"@type\":\"WebPage\",\"@id\":\"https:\\\/\\\/daisyjames.eu\\\/it\\\/collections\\\/the-xylo\\\/\",\"url\":\"https:\\\/\\\/daisyjames.eu\\\/it\\\/collections\\\/the-xylo\\\/\",\"name\":\"The Xylo - Carta da parati di design | daisy james\",\"isPartOf\":{\"@id\":\"https:\\\/\\\/daisyjames.eu\\\/it\\\/#website\"},\"primaryImageOfPage\":{\"@id\":\"https:\\\/\\\/daisyjames.eu\\\/it\\\/collections\\\/the-xylo\\\/#primaryimage\"},\"image\":{\"@id\":\"https:\\\/\\\/daisyjames.eu\\\/it\\\/collections\\\/the-xylo\\\/#primaryimage\"},\"thumbnailUrl\":\"https:\\\/\\\/daisyjames.eu\\\/wp-content\\\/uploads\\\/2024\\\/07\\\/dj303-the-xylo-1-scaled.jpg\",\"datePublished\":\"2023-06-30T17:05:47+00:00\",\"dateModified\":\"2026-03-24T10:48:25+00:00\",\"description\":\"Scopri la carta da parati \\\"The Xylo\\\" di daisy james, caratterizzata da innumerevoli linee verticali che creano un senso dinamico di direzione. Questo disegno astratto mescola forme, colori e figure, dando vita a interpretazioni uniche e aggiungendo carattere a qualsiasi spazio.\",\"breadcrumb\":{\"@id\":\"https:\\\/\\\/daisyjames.eu\\\/it\\\/collections\\\/the-xylo\\\/#breadcrumb\"},\"inLanguage\":\"it-IT\",\"potentialAction\":[{\"@type\":\"ReadAction\",\"target\":[\"https:\\\/\\\/daisyjames.eu\\\/it\\\/collections\\\/the-xylo\\\/\"]}]},{\"@type\":\"ImageObject\",\"inLanguage\":\"it-IT\",\"@id\":\"https:\\\/\\\/daisyjames.eu\\\/it\\\/collections\\\/the-xylo\\\/#primaryimage\",\"url\":\"https:\\\/\\\/daisyjames.eu\\\/wp-content\\\/uploads\\\/2024\\\/07\\\/dj303-the-xylo-1-scaled.jpg\",\"contentUrl\":\"https:\\\/\\\/daisyjames.eu\\\/wp-content\\\/uploads\\\/2024\\\/07\\\/dj303-the-xylo-1-scaled.jpg\",\"width\":2560,\"height\":1716},{\"@type\":\"BreadcrumbList\",\"@id\":\"https:\\\/\\\/daisyjames.eu\\\/it\\\/collections\\\/the-xylo\\\/#breadcrumb\",\"itemListElement\":[{\"@type\":\"ListItem\",\"position\":1,\"name\":\"Home\",\"item\":\"https:\\\/\\\/daisyjames.eu\\\/it\\\/\"},{\"@type\":\"ListItem\",\"position\":2,\"name\":\"tutte le carte da parati\",\"item\":\"https:\\\/\\\/daisyjames.eu\\\/it\\\/negozio\\\/\"},{\"@type\":\"ListItem\",\"position\":3,\"name\":\"The Xylo\"}]},{\"@type\":\"WebSite\",\"@id\":\"https:\\\/\\\/daisyjames.eu\\\/it\\\/#website\",\"url\":\"https:\\\/\\\/daisyjames.eu\\\/it\\\/\",\"name\":\"Daisy James\",\"description\":\"\",\"publisher\":{\"@id\":\"https:\\\/\\\/daisyjames.eu\\\/it\\\/#organization\"},\"potentialAction\":[{\"@type\":\"SearchAction\",\"target\":{\"@type\":\"EntryPoint\",\"urlTemplate\":\"https:\\\/\\\/daisyjames.eu\\\/it\\\/?s={search_term_string}\"},\"query-input\":{\"@type\":\"PropertyValueSpecification\",\"valueRequired\":true,\"valueName\":\"search_term_string\"}}],\"inLanguage\":\"it-IT\"},{\"@type\":\"Organization\",\"@id\":\"https:\\\/\\\/daisyjames.eu\\\/it\\\/#organization\",\"name\":\"Daisy James\",\"url\":\"https:\\\/\\\/daisyjames.eu\\\/it\\\/\",\"logo\":{\"@type\":\"ImageObject\",\"inLanguage\":\"it-IT\",\"@id\":\"https:\\\/\\\/daisyjames.eu\\\/it\\\/#\\\/schema\\\/logo\\\/image\\\/\",\"url\":\"https:\\\/\\\/daisyjames.eu\\\/wp-content\\\/uploads\\\/2024\\\/09\\\/LogoDJzwart-1.png\",\"contentUrl\":\"https:\\\/\\\/daisyjames.eu\\\/wp-content\\\/uploads\\\/2024\\\/09\\\/LogoDJzwart-1.png\",\"width\":1125,\"height\":199,\"caption\":\"Daisy James\"},\"image\":{\"@id\":\"https:\\\/\\\/daisyjames.eu\\\/it\\\/#\\\/schema\\\/logo\\\/image\\\/\"},\"sameAs\":[\"https:\\\/\\\/www.facebook.com\\\/Daisyjamesinteriorwallcovering\\\/\",\"https:\\\/\\\/x.com\\\/daisyjamesinterior\",\"https:\\\/\\\/pinterest.com\\\/daisyjameswallcovers\\\/\",\"https:\\\/\\\/nl.linkedin.com\\\/company\\\/d-a-i-s-y-j-a-m-e-s-interior-collection\"]}]}<\/script>\n<!-- \/ Yoast SEO Premium plugin. -->","yoast_head_json":{"title":"The Xylo - Carta da parati di design | daisy james","description":"Scopri la carta da parati \"The Xylo\" di daisy james, caratterizzata da innumerevoli linee verticali che creano un senso dinamico di direzione. Questo disegno astratto mescola forme, colori e figure, dando vita a interpretazioni uniche e aggiungendo carattere a qualsiasi spazio.","robots":{"index":"index","follow":"follow","max-snippet":"max-snippet:-1","max-image-preview":"max-image-preview:large","max-video-preview":"max-video-preview:-1"},"canonical":"https:\/\/daisyjames.eu\/it\/collections\/the-xylo\/","schema":{"@context":"https:\/\/schema.org","@graph":[{"@type":"WebPage","@id":"https:\/\/daisyjames.eu\/it\/collections\/the-xylo\/","url":"https:\/\/daisyjames.eu\/it\/collections\/the-xylo\/","name":"The Xylo - Carta da parati di design | daisy james","isPartOf":{"@id":"https:\/\/daisyjames.eu\/it\/#website"},"primaryImageOfPage":{"@id":"https:\/\/daisyjames.eu\/it\/collections\/the-xylo\/#primaryimage"},"image":{"@id":"https:\/\/daisyjames.eu\/it\/collections\/the-xylo\/#primaryimage"},"thumbnailUrl":"https:\/\/daisyjames.eu\/wp-content\/uploads\/2024\/07\/dj303-the-xylo-1-scaled.jpg","datePublished":"2023-06-30T17:05:47+00:00","dateModified":"2026-03-24T10:48:25+00:00","description":"Scopri la carta da parati \"The Xylo\" di daisy james, caratterizzata da innumerevoli linee verticali che creano un senso dinamico di direzione. Questo disegno astratto mescola forme, colori e figure, dando vita a interpretazioni uniche e aggiungendo carattere a qualsiasi spazio.","breadcrumb":{"@id":"https:\/\/daisyjames.eu\/it\/collections\/the-xylo\/#breadcrumb"},"inLanguage":"it-IT","potentialAction":[{"@type":"ReadAction","target":["https:\/\/daisyjames.eu\/it\/collections\/the-xylo\/"]}]},{"@type":"ImageObject","inLanguage":"it-IT","@id":"https:\/\/daisyjames.eu\/it\/collections\/the-xylo\/#primaryimage","url":"https:\/\/daisyjames.eu\/wp-content\/uploads\/2024\/07\/dj303-the-xylo-1-scaled.jpg","contentUrl":"https:\/\/daisyjames.eu\/wp-content\/uploads\/2024\/07\/dj303-the-xylo-1-scaled.jpg","width":2560,"height":1716},{"@type":"BreadcrumbList","@id":"https:\/\/daisyjames.eu\/it\/collections\/the-xylo\/#breadcrumb","itemListElement":[{"@type":"ListItem","position":1,"name":"Home","item":"https:\/\/daisyjames.eu\/it\/"},{"@type":"ListItem","position":2,"name":"tutte le carte da parati","item":"https:\/\/daisyjames.eu\/it\/negozio\/"},{"@type":"ListItem","position":3,"name":"The Xylo"}]},{"@type":"WebSite","@id":"https:\/\/daisyjames.eu\/it\/#website","url":"https:\/\/daisyjames.eu\/it\/","name":"Daisy James","description":"","publisher":{"@id":"https:\/\/daisyjames.eu\/it\/#organization"},"potentialAction":[{"@type":"SearchAction","target":{"@type":"EntryPoint","urlTemplate":"https:\/\/daisyjames.eu\/it\/?s={search_term_string}"},"query-input":{"@type":"PropertyValueSpecification","valueRequired":true,"valueName":"search_term_string"}}],"inLanguage":"it-IT"},{"@type":"Organization","@id":"https:\/\/daisyjames.eu\/it\/#organization","name":"Daisy James","url":"https:\/\/daisyjames.eu\/it\/","logo":{"@type":"ImageObject","inLanguage":"it-IT","@id":"https:\/\/daisyjames.eu\/it\/#\/schema\/logo\/image\/","url":"https:\/\/daisyjames.eu\/wp-content\/uploads\/2024\/09\/LogoDJzwart-1.png","contentUrl":"https:\/\/daisyjames.eu\/wp-content\/uploads\/2024\/09\/LogoDJzwart-1.png","width":1125,"height":199,"caption":"Daisy James"},"image":{"@id":"https:\/\/daisyjames.eu\/it\/#\/schema\/logo\/image\/"},"sameAs":["https:\/\/www.facebook.com\/Daisyjamesinteriorwallcovering\/","https:\/\/x.com\/daisyjamesinterior","https:\/\/pinterest.com\/daisyjameswallcovers\/","https:\/\/nl.linkedin.com\/company\/d-a-i-s-y-j-a-m-e-s-interior-collection"]}]}},"_links":{"self":[{"href":"https:\/\/daisyjames.eu\/it\/wp-json\/wp\/v2\/product\/16805","targetHints":{"allow":["GET"]}}],"collection":[{"href":"https:\/\/daisyjames.eu\/it\/wp-json\/wp\/v2\/product"}],"about":[{"href":"https:\/\/daisyjames.eu\/it\/wp-json\/wp\/v2\/types\/product"}],"replies":[{"embeddable":true,"href":"https:\/\/daisyjames.eu\/it\/wp-json\/wp\/v2\/comments?post=16805"}],"wp:featuredmedia":[{"embeddable":true,"href":"https:\/\/daisyjames.eu\/it\/wp-json\/wp\/v2\/media\/35930"}],"wp:attachment":[{"href":"https:\/\/daisyjames.eu\/it\/wp-json\/wp\/v2\/media?parent=16805"}],"wp:term":[{"taxonomy":"product_brand","embeddable":true,"href":"https:\/\/daisyjames.eu\/it\/wp-json\/wp\/v2\/product_brand?post=16805"},{"taxonomy":"product_cat","embeddable":true,"href":"https:\/\/daisyjames.eu\/it\/wp-json\/wp\/v2\/product_cat?post=16805"},{"taxonomy":"product_tag","embeddable":true,"href":"https:\/\/daisyjames.eu\/it\/wp-json\/wp\/v2\/product_tag?post=16805"}],"curies":[{"name":"wp","href":"https:\/\/api.w.org\/{rel}","templated":true}]}}