
{"id":36397,"date":"2026-03-24T13:39:11","date_gmt":"2026-03-24T13:39:11","guid":{"rendered":"https:\/\/daisyjames.eu\/collections\/lilex-brown\/"},"modified":"2026-03-26T13:29:31","modified_gmt":"2026-03-26T13:29:31","slug":"the-ilex-brown-wallcover-daisy-james","status":"publish","type":"product","link":"https:\/\/daisyjames.eu\/it\/collections\/the-ilex-brown-wallcover-daisy-james\/","title":{"rendered":"The Ilex Brown"},"content":{"rendered":"<p>Descrizione del prodotto<br \/>\n&#8220;The Ilex Brown&#8221; di daisy james \u00e8 un elegante rivestimento murale con una composizione astratta ispirata al paesaggio. Il disegno \u00e8 definito da una texture che ricorda un arazzo, conferendo alla superficie una qualit\u00e0 ricca e stratificata. I toni caldi del marrone si fondono sottilmente l&#8217;uno con l&#8217;altro, creando un effetto visivo avvolgente ed equilibrato. Ilex Brown aggiunge profondit\u00e0 a uno spazio e ne esalta il carattere architettonico, rendendolo particolarmente adatto a soggiorni, camere da letto e ambienti di accoglienza.<br \/>\nConsigli di stile<br \/>\n&#8211; Abbinalo a tessuti morbidi come la lana, il boucl\u00e9 e il lino per creare un interno a strati.<br \/>\n&#8211; Le calde tonalit\u00e0 del marrone si abbinano magnificamente ai colori della terra e ai materiali organici.<br \/>\n&#8211; Ideale per gli spazi in cui il comfort e la consistenza sono fondamentali.<br \/>\n&#8211; Lascia che il design si distingua mantenendo il resto dell&#8217;interno calmo ed equilibrato.<\/p>\n","protected":false},"excerpt":{"rendered":"<p>&#8220;<em>The Ilex Brown&#8221;<\/em> di <strong>daisy james<\/strong> \u00e8 un rivestimento murale con un disegno astratto ispirato al paesaggio e un sottile aspetto intrecciato. La texture visibile conferisce alla superficie un carattere tessile, simile a un arazzo da parete. Le calde tonalit\u00e0 del marrone e le morbide transizioni creano profondit\u00e0 e un effetto a strati, permettendo al disegno di integrarsi perfettamente negli interni contemporanei.<\/p>\n","protected":false},"featured_media":36398,"comment_status":"open","ping_status":"closed","template":"","meta":{"_acf_changed":false},"product_brand":[],"product_cat":[525,662,549],"product_tag":[],"class_list":{"0":"post-36397","1":"product","2":"type-product","3":"status-publish","4":"has-post-thumbnail","6":"product_cat-calm-minimal-it","7":"product_cat-organic-harmony-it","8":"product_cat-refined-luxe-it","9":"pa_colour-brown-it","10":"pa_colour-rosa","11":"pa_theme-trees-it","12":"pa_theme-leaves-it","13":"pa_theme-nature-it","14":"pa_theme-landscape-it","16":"first","17":"instock","18":"shipping-taxable","19":"purchasable","20":"product-type-simple"},"acf":[],"yoast_head":"<!-- This site is optimized with the Yoast SEO Premium plugin v27.3 (Yoast SEO v27.3) - https:\/\/yoast.com\/product\/yoast-seo-premium-wordpress\/ -->\n<title>The Ilex Brown | Rivestimento murale astratto | daisy james<\/title>\n<meta name=\"description\" content=\"Elegante rivestimento murale con un disegno astratto ispirato al paesaggio e una trama intrecciata. I toni caldi del marrone creano profondit\u00e0 e un effetto architettonico.\" \/>\n<meta name=\"robots\" content=\"index, follow, max-snippet:-1, max-image-preview:large, max-video-preview:-1\" \/>\n<link rel=\"canonical\" href=\"https:\/\/daisyjames.eu\/it\/collections\/the-ilex-brown-wallcover-daisy-james\/\" \/>\n<script type=\"application\/ld+json\" class=\"yoast-schema-graph\">{\"@context\":\"https:\\\/\\\/schema.org\",\"@graph\":[{\"@type\":\"WebPage\",\"@id\":\"https:\\\/\\\/daisyjames.eu\\\/it\\\/collections\\\/the-ilex-brown-wallcover-daisy-james\\\/\",\"url\":\"https:\\\/\\\/daisyjames.eu\\\/it\\\/collections\\\/the-ilex-brown-wallcover-daisy-james\\\/\",\"name\":\"The Ilex Brown | Rivestimento murale astratto | daisy james\",\"isPartOf\":{\"@id\":\"https:\\\/\\\/daisyjames.eu\\\/#website\"},\"primaryImageOfPage\":{\"@id\":\"https:\\\/\\\/daisyjames.eu\\\/it\\\/collections\\\/the-ilex-brown-wallcover-daisy-james\\\/#primaryimage\"},\"image\":{\"@id\":\"https:\\\/\\\/daisyjames.eu\\\/it\\\/collections\\\/the-ilex-brown-wallcover-daisy-james\\\/#primaryimage\"},\"thumbnailUrl\":\"https:\\\/\\\/daisyjames.eu\\\/wp-content\\\/uploads\\\/2026\\\/03\\\/DJ399-The-Ilex-Brown-1-1-scaled.jpg\",\"datePublished\":\"2026-03-24T13:39:11+00:00\",\"dateModified\":\"2026-03-26T13:29:31+00:00\",\"description\":\"Elegante rivestimento murale con un disegno astratto ispirato al paesaggio e una trama intrecciata. I toni caldi del marrone creano profondit\u00e0 e un effetto architettonico.\",\"breadcrumb\":{\"@id\":\"https:\\\/\\\/daisyjames.eu\\\/it\\\/collections\\\/the-ilex-brown-wallcover-daisy-james\\\/#breadcrumb\"},\"inLanguage\":\"it-IT\",\"potentialAction\":[{\"@type\":\"ReadAction\",\"target\":[\"https:\\\/\\\/daisyjames.eu\\\/it\\\/collections\\\/the-ilex-brown-wallcover-daisy-james\\\/\"]}]},{\"@type\":\"ImageObject\",\"inLanguage\":\"it-IT\",\"@id\":\"https:\\\/\\\/daisyjames.eu\\\/it\\\/collections\\\/the-ilex-brown-wallcover-daisy-james\\\/#primaryimage\",\"url\":\"https:\\\/\\\/daisyjames.eu\\\/wp-content\\\/uploads\\\/2026\\\/03\\\/DJ399-The-Ilex-Brown-1-1-scaled.jpg\",\"contentUrl\":\"https:\\\/\\\/daisyjames.eu\\\/wp-content\\\/uploads\\\/2026\\\/03\\\/DJ399-The-Ilex-Brown-1-1-scaled.jpg\",\"width\":2161,\"height\":2560},{\"@type\":\"BreadcrumbList\",\"@id\":\"https:\\\/\\\/daisyjames.eu\\\/it\\\/collections\\\/the-ilex-brown-wallcover-daisy-james\\\/#breadcrumb\",\"itemListElement\":[{\"@type\":\"ListItem\",\"position\":1,\"name\":\"Home\",\"item\":\"https:\\\/\\\/daisyjames.eu\\\/it\\\/\"},{\"@type\":\"ListItem\",\"position\":2,\"name\":\"tutte le carte da parati\",\"item\":\"https:\\\/\\\/daisyjames.eu\\\/it\\\/negozio\\\/\"},{\"@type\":\"ListItem\",\"position\":3,\"name\":\"The Ilex Brown\"}]},{\"@type\":\"WebSite\",\"@id\":\"https:\\\/\\\/daisyjames.eu\\\/#website\",\"url\":\"https:\\\/\\\/daisyjames.eu\\\/\",\"name\":\"Daisy James\",\"description\":\"\",\"publisher\":{\"@id\":\"https:\\\/\\\/daisyjames.eu\\\/#organization\"},\"potentialAction\":[{\"@type\":\"SearchAction\",\"target\":{\"@type\":\"EntryPoint\",\"urlTemplate\":\"https:\\\/\\\/daisyjames.eu\\\/?s={search_term_string}\"},\"query-input\":{\"@type\":\"PropertyValueSpecification\",\"valueRequired\":true,\"valueName\":\"search_term_string\"}}],\"inLanguage\":\"it-IT\"},{\"@type\":\"Organization\",\"@id\":\"https:\\\/\\\/daisyjames.eu\\\/#organization\",\"name\":\"Daisy James\",\"url\":\"https:\\\/\\\/daisyjames.eu\\\/\",\"logo\":{\"@type\":\"ImageObject\",\"inLanguage\":\"it-IT\",\"@id\":\"https:\\\/\\\/daisyjames.eu\\\/#\\\/schema\\\/logo\\\/image\\\/\",\"url\":\"https:\\\/\\\/daisyjames.eu\\\/wp-content\\\/uploads\\\/2024\\\/09\\\/LogoDJzwart-1.png\",\"contentUrl\":\"https:\\\/\\\/daisyjames.eu\\\/wp-content\\\/uploads\\\/2024\\\/09\\\/LogoDJzwart-1.png\",\"width\":1125,\"height\":199,\"caption\":\"Daisy James\"},\"image\":{\"@id\":\"https:\\\/\\\/daisyjames.eu\\\/#\\\/schema\\\/logo\\\/image\\\/\"},\"sameAs\":[\"https:\\\/\\\/www.facebook.com\\\/Daisyjamesinteriorwallcovering\\\/\",\"https:\\\/\\\/x.com\\\/daisyjamesinterior\",\"https:\\\/\\\/pinterest.com\\\/daisyjameswallcovers\\\/\",\"https:\\\/\\\/nl.linkedin.com\\\/company\\\/d-a-i-s-y-j-a-m-e-s-interior-collection\"]}]}<\/script>\n<!-- \/ Yoast SEO Premium plugin. -->","yoast_head_json":{"title":"The Ilex Brown | Rivestimento murale astratto | daisy james","description":"Elegante rivestimento murale con un disegno astratto ispirato al paesaggio e una trama intrecciata. I toni caldi del marrone creano profondit\u00e0 e un effetto architettonico.","robots":{"index":"index","follow":"follow","max-snippet":"max-snippet:-1","max-image-preview":"max-image-preview:large","max-video-preview":"max-video-preview:-1"},"canonical":"https:\/\/daisyjames.eu\/it\/collections\/the-ilex-brown-wallcover-daisy-james\/","schema":{"@context":"https:\/\/schema.org","@graph":[{"@type":"WebPage","@id":"https:\/\/daisyjames.eu\/it\/collections\/the-ilex-brown-wallcover-daisy-james\/","url":"https:\/\/daisyjames.eu\/it\/collections\/the-ilex-brown-wallcover-daisy-james\/","name":"The Ilex Brown | Rivestimento murale astratto | daisy james","isPartOf":{"@id":"https:\/\/daisyjames.eu\/#website"},"primaryImageOfPage":{"@id":"https:\/\/daisyjames.eu\/it\/collections\/the-ilex-brown-wallcover-daisy-james\/#primaryimage"},"image":{"@id":"https:\/\/daisyjames.eu\/it\/collections\/the-ilex-brown-wallcover-daisy-james\/#primaryimage"},"thumbnailUrl":"https:\/\/daisyjames.eu\/wp-content\/uploads\/2026\/03\/DJ399-The-Ilex-Brown-1-1-scaled.jpg","datePublished":"2026-03-24T13:39:11+00:00","dateModified":"2026-03-26T13:29:31+00:00","description":"Elegante rivestimento murale con un disegno astratto ispirato al paesaggio e una trama intrecciata. I toni caldi del marrone creano profondit\u00e0 e un effetto architettonico.","breadcrumb":{"@id":"https:\/\/daisyjames.eu\/it\/collections\/the-ilex-brown-wallcover-daisy-james\/#breadcrumb"},"inLanguage":"it-IT","potentialAction":[{"@type":"ReadAction","target":["https:\/\/daisyjames.eu\/it\/collections\/the-ilex-brown-wallcover-daisy-james\/"]}]},{"@type":"ImageObject","inLanguage":"it-IT","@id":"https:\/\/daisyjames.eu\/it\/collections\/the-ilex-brown-wallcover-daisy-james\/#primaryimage","url":"https:\/\/daisyjames.eu\/wp-content\/uploads\/2026\/03\/DJ399-The-Ilex-Brown-1-1-scaled.jpg","contentUrl":"https:\/\/daisyjames.eu\/wp-content\/uploads\/2026\/03\/DJ399-The-Ilex-Brown-1-1-scaled.jpg","width":2161,"height":2560},{"@type":"BreadcrumbList","@id":"https:\/\/daisyjames.eu\/it\/collections\/the-ilex-brown-wallcover-daisy-james\/#breadcrumb","itemListElement":[{"@type":"ListItem","position":1,"name":"Home","item":"https:\/\/daisyjames.eu\/it\/"},{"@type":"ListItem","position":2,"name":"tutte le carte da parati","item":"https:\/\/daisyjames.eu\/it\/negozio\/"},{"@type":"ListItem","position":3,"name":"The Ilex Brown"}]},{"@type":"WebSite","@id":"https:\/\/daisyjames.eu\/#website","url":"https:\/\/daisyjames.eu\/","name":"Daisy James","description":"","publisher":{"@id":"https:\/\/daisyjames.eu\/#organization"},"potentialAction":[{"@type":"SearchAction","target":{"@type":"EntryPoint","urlTemplate":"https:\/\/daisyjames.eu\/?s={search_term_string}"},"query-input":{"@type":"PropertyValueSpecification","valueRequired":true,"valueName":"search_term_string"}}],"inLanguage":"it-IT"},{"@type":"Organization","@id":"https:\/\/daisyjames.eu\/#organization","name":"Daisy James","url":"https:\/\/daisyjames.eu\/","logo":{"@type":"ImageObject","inLanguage":"it-IT","@id":"https:\/\/daisyjames.eu\/#\/schema\/logo\/image\/","url":"https:\/\/daisyjames.eu\/wp-content\/uploads\/2024\/09\/LogoDJzwart-1.png","contentUrl":"https:\/\/daisyjames.eu\/wp-content\/uploads\/2024\/09\/LogoDJzwart-1.png","width":1125,"height":199,"caption":"Daisy James"},"image":{"@id":"https:\/\/daisyjames.eu\/#\/schema\/logo\/image\/"},"sameAs":["https:\/\/www.facebook.com\/Daisyjamesinteriorwallcovering\/","https:\/\/x.com\/daisyjamesinterior","https:\/\/pinterest.com\/daisyjameswallcovers\/","https:\/\/nl.linkedin.com\/company\/d-a-i-s-y-j-a-m-e-s-interior-collection"]}]}},"_links":{"self":[{"href":"https:\/\/daisyjames.eu\/it\/wp-json\/wp\/v2\/product\/36397","targetHints":{"allow":["GET"]}}],"collection":[{"href":"https:\/\/daisyjames.eu\/it\/wp-json\/wp\/v2\/product"}],"about":[{"href":"https:\/\/daisyjames.eu\/it\/wp-json\/wp\/v2\/types\/product"}],"replies":[{"embeddable":true,"href":"https:\/\/daisyjames.eu\/it\/wp-json\/wp\/v2\/comments?post=36397"}],"wp:featuredmedia":[{"embeddable":true,"href":"https:\/\/daisyjames.eu\/it\/wp-json\/wp\/v2\/media\/36398"}],"wp:attachment":[{"href":"https:\/\/daisyjames.eu\/it\/wp-json\/wp\/v2\/media?parent=36397"}],"wp:term":[{"taxonomy":"product_brand","embeddable":true,"href":"https:\/\/daisyjames.eu\/it\/wp-json\/wp\/v2\/product_brand?post=36397"},{"taxonomy":"product_cat","embeddable":true,"href":"https:\/\/daisyjames.eu\/it\/wp-json\/wp\/v2\/product_cat?post=36397"},{"taxonomy":"product_tag","embeddable":true,"href":"https:\/\/daisyjames.eu\/it\/wp-json\/wp\/v2\/product_tag?post=36397"}],"curies":[{"name":"wp","href":"https:\/\/api.w.org\/{rel}","templated":true}]}}