
{"id":14412,"date":"2023-07-19T10:56:04","date_gmt":"2023-07-19T10:56:04","guid":{"rendered":"https:\/\/daisyjames.dev001.booom.digital\/collection\/the-bird-of-paradise-colour\/"},"modified":"2025-10-24T13:50:28","modified_gmt":"2025-10-24T13:50:28","slug":"the-bird-of-paradise-colour","status":"publish","type":"product","link":"https:\/\/daisyjames.eu\/nl\/collections\/the-bird-of-paradise-colour\/","title":{"rendered":"The Bird of Paradise Colour"},"content":{"rendered":"","protected":false},"excerpt":{"rendered":"<p>In het paradijs gedijen vogels op overvloedig voedsel, waardoor sommige vadervogels zich uitsluitend op paringsrituelen kunnen richten. Hun bizarre maar boeiende liederen en choreografie\u00ebn evolueren voortdurend door concurrentie. Deze wonderen bestaan \u200b\u200bin Papoea-Nieuw-Guinea, Indonesi\u00eb en Noordoost-Australi\u00eb, maar ontbossing bedreigt hun leefgebied. Leg hun pracht vast met het behang van <strong>daisy james<\/strong> met <em>&#8220;Birds of Paradise&#8221;<\/em>\u2014een herinnering aan hun schoonheid en de noodzaak om ze te beschermen.<\/p>\n","protected":false},"featured_media":14413,"comment_status":"closed","ping_status":"closed","template":"","meta":{"_acf_changed":false},"product_brand":[],"product_cat":[483,488],"product_tag":[],"class_list":{"0":"post-14412","1":"product","2":"type-product","3":"status-publish","4":"has-post-thumbnail","6":"product_cat-modern-florals-nl","7":"product_cat-organic-harmony-nl","8":"pa_colour-multi-colours-nl","9":"pa_colour-orange-nl","10":"pa_colour-red-2-nl","11":"pa_colour-terra-nl","12":"pa_colour-black-nl","13":"pa_colour-black-and-white-nl","14":"pa_theme-leaves-nl","15":"pa_theme-flowers-nl","16":"pa_theme-animals-nl","17":"pa_theme-nature-nl","18":"pa_theme-patterns-nl","19":"pa_theme-tropical-nl","21":"first","22":"instock","23":"purchasable","24":"product-type-simple"},"acf":[],"yoast_head":"<!-- This site is optimized with the Yoast SEO Premium plugin v27.3 (Yoast SEO v27.3) - https:\/\/yoast.com\/product\/yoast-seo-premium-wordpress\/ -->\n<title>The Bird of Paradise Colour Behang van daisy james<\/title>\n<meta name=\"description\" content=\"Omarm de pracht van de &quot;Birds of Paradise&quot; met dit betoverende behang van daisy james. Ge\u00efnspireerd door de exotische vogels uit Papoea-Nieuw-Guinea, Indonesi\u00eb en Noordoost-Australi\u00eb, legt dit ontwerp hun schoonheid vast en herinnert het aan de urgentie van hun bescherming tegen ontbossing.\" \/>\n<meta name=\"robots\" content=\"index, follow, max-snippet:-1, max-image-preview:large, max-video-preview:-1\" \/>\n<link rel=\"canonical\" href=\"https:\/\/daisyjames.eu\/nl\/collections\/the-bird-of-paradise-colour\/\" \/>\n<script type=\"application\/ld+json\" class=\"yoast-schema-graph\">{\"@context\":\"https:\\\/\\\/schema.org\",\"@graph\":[{\"@type\":\"WebPage\",\"@id\":\"https:\\\/\\\/daisyjames.eu\\\/nl\\\/collections\\\/the-bird-of-paradise-colour\\\/\",\"url\":\"https:\\\/\\\/daisyjames.eu\\\/nl\\\/collections\\\/the-bird-of-paradise-colour\\\/\",\"name\":\"The Bird of Paradise Colour Behang van daisy james\",\"isPartOf\":{\"@id\":\"https:\\\/\\\/daisyjames.eu\\\/#website\"},\"primaryImageOfPage\":{\"@id\":\"https:\\\/\\\/daisyjames.eu\\\/nl\\\/collections\\\/the-bird-of-paradise-colour\\\/#primaryimage\"},\"image\":{\"@id\":\"https:\\\/\\\/daisyjames.eu\\\/nl\\\/collections\\\/the-bird-of-paradise-colour\\\/#primaryimage\"},\"thumbnailUrl\":\"https:\\\/\\\/daisyjames.eu\\\/wp-content\\\/uploads\\\/2024\\\/06\\\/dj218-the-bird-of-paradise-colour-1-scaled.jpg\",\"datePublished\":\"2023-07-19T10:56:04+00:00\",\"dateModified\":\"2025-10-24T13:50:28+00:00\",\"description\":\"Omarm de pracht van de \\\"Birds of Paradise\\\" met dit betoverende behang van daisy james. Ge\u00efnspireerd door de exotische vogels uit Papoea-Nieuw-Guinea, Indonesi\u00eb en Noordoost-Australi\u00eb, legt dit ontwerp hun schoonheid vast en herinnert het aan de urgentie van hun bescherming tegen ontbossing.\",\"breadcrumb\":{\"@id\":\"https:\\\/\\\/daisyjames.eu\\\/nl\\\/collections\\\/the-bird-of-paradise-colour\\\/#breadcrumb\"},\"inLanguage\":\"nl-NL\",\"potentialAction\":[{\"@type\":\"ReadAction\",\"target\":[\"https:\\\/\\\/daisyjames.eu\\\/nl\\\/collections\\\/the-bird-of-paradise-colour\\\/\"]}]},{\"@type\":\"ImageObject\",\"inLanguage\":\"nl-NL\",\"@id\":\"https:\\\/\\\/daisyjames.eu\\\/nl\\\/collections\\\/the-bird-of-paradise-colour\\\/#primaryimage\",\"url\":\"https:\\\/\\\/daisyjames.eu\\\/wp-content\\\/uploads\\\/2024\\\/06\\\/dj218-the-bird-of-paradise-colour-1-scaled.jpg\",\"contentUrl\":\"https:\\\/\\\/daisyjames.eu\\\/wp-content\\\/uploads\\\/2024\\\/06\\\/dj218-the-bird-of-paradise-colour-1-scaled.jpg\",\"width\":2008,\"height\":2560},{\"@type\":\"BreadcrumbList\",\"@id\":\"https:\\\/\\\/daisyjames.eu\\\/nl\\\/collections\\\/the-bird-of-paradise-colour\\\/#breadcrumb\",\"itemListElement\":[{\"@type\":\"ListItem\",\"position\":1,\"name\":\"Home\",\"item\":\"https:\\\/\\\/daisyjames.eu\\\/nl\\\/\"},{\"@type\":\"ListItem\",\"position\":2,\"name\":\"Alle wallcovers\",\"item\":\"https:\\\/\\\/daisyjames.eu\\\/nl\\\/alle-behang\\\/\"},{\"@type\":\"ListItem\",\"position\":3,\"name\":\"The Bird of Paradise Colour\"}]},{\"@type\":\"WebSite\",\"@id\":\"https:\\\/\\\/daisyjames.eu\\\/#website\",\"url\":\"https:\\\/\\\/daisyjames.eu\\\/\",\"name\":\"Daisy James\",\"description\":\"\",\"publisher\":{\"@id\":\"https:\\\/\\\/daisyjames.eu\\\/#organization\"},\"potentialAction\":[{\"@type\":\"SearchAction\",\"target\":{\"@type\":\"EntryPoint\",\"urlTemplate\":\"https:\\\/\\\/daisyjames.eu\\\/?s={search_term_string}\"},\"query-input\":{\"@type\":\"PropertyValueSpecification\",\"valueRequired\":true,\"valueName\":\"search_term_string\"}}],\"inLanguage\":\"nl-NL\"},{\"@type\":\"Organization\",\"@id\":\"https:\\\/\\\/daisyjames.eu\\\/#organization\",\"name\":\"Daisy James\",\"url\":\"https:\\\/\\\/daisyjames.eu\\\/\",\"logo\":{\"@type\":\"ImageObject\",\"inLanguage\":\"nl-NL\",\"@id\":\"https:\\\/\\\/daisyjames.eu\\\/#\\\/schema\\\/logo\\\/image\\\/\",\"url\":\"https:\\\/\\\/daisyjames.eu\\\/wp-content\\\/uploads\\\/2024\\\/09\\\/LogoDJzwart-1.png\",\"contentUrl\":\"https:\\\/\\\/daisyjames.eu\\\/wp-content\\\/uploads\\\/2024\\\/09\\\/LogoDJzwart-1.png\",\"width\":1125,\"height\":199,\"caption\":\"Daisy James\"},\"image\":{\"@id\":\"https:\\\/\\\/daisyjames.eu\\\/#\\\/schema\\\/logo\\\/image\\\/\"},\"sameAs\":[\"https:\\\/\\\/www.facebook.com\\\/Daisyjamesinteriorwallcovering\\\/\",\"https:\\\/\\\/x.com\\\/daisyjamesinterior\",\"https:\\\/\\\/pinterest.com\\\/daisyjameswallcovers\\\/\",\"https:\\\/\\\/nl.linkedin.com\\\/company\\\/d-a-i-s-y-j-a-m-e-s-interior-collection\"]}]}<\/script>\n<!-- \/ Yoast SEO Premium plugin. -->","yoast_head_json":{"title":"The Bird of Paradise Colour Behang van daisy james","description":"Omarm de pracht van de \"Birds of Paradise\" met dit betoverende behang van daisy james. Ge\u00efnspireerd door de exotische vogels uit Papoea-Nieuw-Guinea, Indonesi\u00eb en Noordoost-Australi\u00eb, legt dit ontwerp hun schoonheid vast en herinnert het aan de urgentie van hun bescherming tegen ontbossing.","robots":{"index":"index","follow":"follow","max-snippet":"max-snippet:-1","max-image-preview":"max-image-preview:large","max-video-preview":"max-video-preview:-1"},"canonical":"https:\/\/daisyjames.eu\/nl\/collections\/the-bird-of-paradise-colour\/","schema":{"@context":"https:\/\/schema.org","@graph":[{"@type":"WebPage","@id":"https:\/\/daisyjames.eu\/nl\/collections\/the-bird-of-paradise-colour\/","url":"https:\/\/daisyjames.eu\/nl\/collections\/the-bird-of-paradise-colour\/","name":"The Bird of Paradise Colour Behang van daisy james","isPartOf":{"@id":"https:\/\/daisyjames.eu\/#website"},"primaryImageOfPage":{"@id":"https:\/\/daisyjames.eu\/nl\/collections\/the-bird-of-paradise-colour\/#primaryimage"},"image":{"@id":"https:\/\/daisyjames.eu\/nl\/collections\/the-bird-of-paradise-colour\/#primaryimage"},"thumbnailUrl":"https:\/\/daisyjames.eu\/wp-content\/uploads\/2024\/06\/dj218-the-bird-of-paradise-colour-1-scaled.jpg","datePublished":"2023-07-19T10:56:04+00:00","dateModified":"2025-10-24T13:50:28+00:00","description":"Omarm de pracht van de \"Birds of Paradise\" met dit betoverende behang van daisy james. Ge\u00efnspireerd door de exotische vogels uit Papoea-Nieuw-Guinea, Indonesi\u00eb en Noordoost-Australi\u00eb, legt dit ontwerp hun schoonheid vast en herinnert het aan de urgentie van hun bescherming tegen ontbossing.","breadcrumb":{"@id":"https:\/\/daisyjames.eu\/nl\/collections\/the-bird-of-paradise-colour\/#breadcrumb"},"inLanguage":"nl-NL","potentialAction":[{"@type":"ReadAction","target":["https:\/\/daisyjames.eu\/nl\/collections\/the-bird-of-paradise-colour\/"]}]},{"@type":"ImageObject","inLanguage":"nl-NL","@id":"https:\/\/daisyjames.eu\/nl\/collections\/the-bird-of-paradise-colour\/#primaryimage","url":"https:\/\/daisyjames.eu\/wp-content\/uploads\/2024\/06\/dj218-the-bird-of-paradise-colour-1-scaled.jpg","contentUrl":"https:\/\/daisyjames.eu\/wp-content\/uploads\/2024\/06\/dj218-the-bird-of-paradise-colour-1-scaled.jpg","width":2008,"height":2560},{"@type":"BreadcrumbList","@id":"https:\/\/daisyjames.eu\/nl\/collections\/the-bird-of-paradise-colour\/#breadcrumb","itemListElement":[{"@type":"ListItem","position":1,"name":"Home","item":"https:\/\/daisyjames.eu\/nl\/"},{"@type":"ListItem","position":2,"name":"Alle wallcovers","item":"https:\/\/daisyjames.eu\/nl\/alle-behang\/"},{"@type":"ListItem","position":3,"name":"The Bird of Paradise Colour"}]},{"@type":"WebSite","@id":"https:\/\/daisyjames.eu\/#website","url":"https:\/\/daisyjames.eu\/","name":"Daisy James","description":"","publisher":{"@id":"https:\/\/daisyjames.eu\/#organization"},"potentialAction":[{"@type":"SearchAction","target":{"@type":"EntryPoint","urlTemplate":"https:\/\/daisyjames.eu\/?s={search_term_string}"},"query-input":{"@type":"PropertyValueSpecification","valueRequired":true,"valueName":"search_term_string"}}],"inLanguage":"nl-NL"},{"@type":"Organization","@id":"https:\/\/daisyjames.eu\/#organization","name":"Daisy James","url":"https:\/\/daisyjames.eu\/","logo":{"@type":"ImageObject","inLanguage":"nl-NL","@id":"https:\/\/daisyjames.eu\/#\/schema\/logo\/image\/","url":"https:\/\/daisyjames.eu\/wp-content\/uploads\/2024\/09\/LogoDJzwart-1.png","contentUrl":"https:\/\/daisyjames.eu\/wp-content\/uploads\/2024\/09\/LogoDJzwart-1.png","width":1125,"height":199,"caption":"Daisy James"},"image":{"@id":"https:\/\/daisyjames.eu\/#\/schema\/logo\/image\/"},"sameAs":["https:\/\/www.facebook.com\/Daisyjamesinteriorwallcovering\/","https:\/\/x.com\/daisyjamesinterior","https:\/\/pinterest.com\/daisyjameswallcovers\/","https:\/\/nl.linkedin.com\/company\/d-a-i-s-y-j-a-m-e-s-interior-collection"]}]}},"_links":{"self":[{"href":"https:\/\/daisyjames.eu\/nl\/wp-json\/wp\/v2\/product\/14412","targetHints":{"allow":["GET"]}}],"collection":[{"href":"https:\/\/daisyjames.eu\/nl\/wp-json\/wp\/v2\/product"}],"about":[{"href":"https:\/\/daisyjames.eu\/nl\/wp-json\/wp\/v2\/types\/product"}],"replies":[{"embeddable":true,"href":"https:\/\/daisyjames.eu\/nl\/wp-json\/wp\/v2\/comments?post=14412"}],"wp:featuredmedia":[{"embeddable":true,"href":"https:\/\/daisyjames.eu\/nl\/wp-json\/wp\/v2\/media\/14413"}],"wp:attachment":[{"href":"https:\/\/daisyjames.eu\/nl\/wp-json\/wp\/v2\/media?parent=14412"}],"wp:term":[{"taxonomy":"product_brand","embeddable":true,"href":"https:\/\/daisyjames.eu\/nl\/wp-json\/wp\/v2\/product_brand?post=14412"},{"taxonomy":"product_cat","embeddable":true,"href":"https:\/\/daisyjames.eu\/nl\/wp-json\/wp\/v2\/product_cat?post=14412"},{"taxonomy":"product_tag","embeddable":true,"href":"https:\/\/daisyjames.eu\/nl\/wp-json\/wp\/v2\/product_tag?post=14412"}],"curies":[{"name":"wp","href":"https:\/\/api.w.org\/{rel}","templated":true}]}}