
{"id":15813,"date":"2023-06-30T19:51:27","date_gmt":"2023-06-30T19:51:27","guid":{"rendered":"https:\/\/daisyjames.dev001.booom.digital\/collection\/the-jumbo\/"},"modified":"2025-10-29T12:32:20","modified_gmt":"2025-10-29T12:32:20","slug":"the-jumbo","status":"publish","type":"product","link":"https:\/\/daisyjames.eu\/nl\/collections\/the-jumbo\/","title":{"rendered":"The Jumbo"},"content":{"rendered":"","protected":false},"excerpt":{"rendered":"<p>Ge\u00efnspireerd door de heilige berg Mount Meru van de hindoe\u00efstische, ja\u00efnistische en boeddhistische kosmologie, toont ons mystieke <strong>daisy james<\/strong> behang de fascinatie van olifanten. Jumbo, de beroemde olifant in de dierentuin van Londen, trok de aandacht toen hij te koop werd aangeboden, wat ertoe leidde dat 100.000 schoolkinderen de hulp van koningin Victoria inriepen. Olifanten, met hun grootsheid en zachtaardige gedrag, spreken tot onze verbeelding, waardoor ze perfect passen bij dit betoverende ontwerp.<span style=\"color: #ffffff;\">&#8212;&#8212;&#8212;&#8212;&#8212;&#8212;&#8212;&#8212;&#8212;&#8212;&#8212;&#8212;&#8212;&#8212;&#8212;&#8212;&#8212;&#8212;&#8212;&#8212;&#8212;&#8212;&#8212;&#8212;&#8212;&#8212;&#8212;&#8212;&#8212;&#8212;&#8212;&#8212;&#8212;&#8212;&#8212;&#8212;&#8212;&#8212;&#8212;&#8212;&#8212;&#8212;&#8212;&#8212;&#8212;&#8212;&#8212;&#8212;&#8212;&#8212;&#8212;&#8212;&#8212;&#8212;&#8212;&#8212;&#8212;&#8212;&#8212;&#8212;&#8212;&#8212;&#8212;&#8212;&#8212;&#8212;&#8212;&#8212;&#8212;&#8212;&#8212;&#8212;&#8212;&#8212;&#8212;&#8212;&#8212;&#8212;&#8212;&#8212;&#8212;&#8212;&#8212;&#8212;&#8212;&#8212;&#8212;&#8212;&#8212;&#8212;&#8212;&#8212;&#8212;&#8212;&#8212;&#8212;&#8212;&#8212;&#8212;&#8212;&#8212;&#8212;&#8212;&#8212;&#8212;&#8212;&#8212;&#8212;&#8212;&#8212;&#8212;&#8212;&#8212;&#8212;&#8212;&#8212;&#8212;&#8212;&#8212;&#8212;&#8212;&#8212;&#8212;&#8212;&#8212;&#8212;&#8212;&#8212;&#8212;&#8212;&#8212;&#8212;&#8212;&#8212;<\/span><\/p>\n<p>&#8220;Ontdek hoe <em>&#8220;The Jumbo&#8221;<\/em> is toegepast in een van onze interieurprojecten. Bekijk het resultaat <a href=\"https:\/\/daisyjames.eu\/nl\/projects\/hotel-restaurant-van-der-valk-duiven\/\"><strong>hier<\/strong><\/a>.&#8221;<\/p>\n","protected":false},"featured_media":15815,"comment_status":"closed","ping_status":"closed","template":"","meta":{"_acf_changed":false},"product_brand":[],"product_cat":[785,497],"product_tag":[],"class_list":{"0":"post-15813","1":"product","2":"type-product","3":"status-publish","4":"has-post-thumbnail","6":"product_cat-cultural-fusion-nl","7":"product_cat-refined-luxe-nl","8":"pa_colour-brown-nl","9":"pa_colour-naturals-nl","10":"pa_colour-black-nl","11":"pa_colour-black-and-white-nl","12":"pa_theme-animals-nl","14":"first","15":"instock","16":"purchasable","17":"product-type-simple"},"acf":[],"yoast_head":"<!-- This site is optimized with the Yoast SEO Premium plugin v27.3 (Yoast SEO v27.3) - https:\/\/yoast.com\/product\/yoast-seo-premium-wordpress\/ -->\n<title>The Jumbo Patroon - Behang van daisy james<\/title>\n<meta name=\"description\" content=\"&quot;The Jumbo&quot; behang van daisy james is ge\u00efnspireerd door de heilige berg Mount Meru en de fascinerende grootsheid van olifanten. Dit mystieke ontwerp combineert de majestueuze kracht van olifanten met de rijke symboliek van oude religies voor een betoverend effect in uw ruimte.\" \/>\n<meta name=\"robots\" content=\"index, follow, max-snippet:-1, max-image-preview:large, max-video-preview:-1\" \/>\n<link rel=\"canonical\" href=\"https:\/\/daisyjames.eu\/nl\/collections\/the-jumbo\/\" \/>\n<script type=\"application\/ld+json\" class=\"yoast-schema-graph\">{\"@context\":\"https:\\\/\\\/schema.org\",\"@graph\":[{\"@type\":\"WebPage\",\"@id\":\"https:\\\/\\\/daisyjames.eu\\\/nl\\\/collections\\\/the-jumbo\\\/\",\"url\":\"https:\\\/\\\/daisyjames.eu\\\/nl\\\/collections\\\/the-jumbo\\\/\",\"name\":\"The Jumbo Patroon - Behang van daisy james\",\"isPartOf\":{\"@id\":\"https:\\\/\\\/daisyjames.eu\\\/#website\"},\"primaryImageOfPage\":{\"@id\":\"https:\\\/\\\/daisyjames.eu\\\/nl\\\/collections\\\/the-jumbo\\\/#primaryimage\"},\"image\":{\"@id\":\"https:\\\/\\\/daisyjames.eu\\\/nl\\\/collections\\\/the-jumbo\\\/#primaryimage\"},\"thumbnailUrl\":\"https:\\\/\\\/daisyjames.eu\\\/wp-content\\\/uploads\\\/2024\\\/07\\\/dj193-the-jumbo-1-scaled.jpg\",\"datePublished\":\"2023-06-30T19:51:27+00:00\",\"dateModified\":\"2025-10-29T12:32:20+00:00\",\"description\":\"\\\"The Jumbo\\\" behang van daisy james is ge\u00efnspireerd door de heilige berg Mount Meru en de fascinerende grootsheid van olifanten. Dit mystieke ontwerp combineert de majestueuze kracht van olifanten met de rijke symboliek van oude religies voor een betoverend effect in uw ruimte.\",\"breadcrumb\":{\"@id\":\"https:\\\/\\\/daisyjames.eu\\\/nl\\\/collections\\\/the-jumbo\\\/#breadcrumb\"},\"inLanguage\":\"nl-NL\",\"potentialAction\":[{\"@type\":\"ReadAction\",\"target\":[\"https:\\\/\\\/daisyjames.eu\\\/nl\\\/collections\\\/the-jumbo\\\/\"]}]},{\"@type\":\"ImageObject\",\"inLanguage\":\"nl-NL\",\"@id\":\"https:\\\/\\\/daisyjames.eu\\\/nl\\\/collections\\\/the-jumbo\\\/#primaryimage\",\"url\":\"https:\\\/\\\/daisyjames.eu\\\/wp-content\\\/uploads\\\/2024\\\/07\\\/dj193-the-jumbo-1-scaled.jpg\",\"contentUrl\":\"https:\\\/\\\/daisyjames.eu\\\/wp-content\\\/uploads\\\/2024\\\/07\\\/dj193-the-jumbo-1-scaled.jpg\",\"width\":2560,\"height\":1706},{\"@type\":\"BreadcrumbList\",\"@id\":\"https:\\\/\\\/daisyjames.eu\\\/nl\\\/collections\\\/the-jumbo\\\/#breadcrumb\",\"itemListElement\":[{\"@type\":\"ListItem\",\"position\":1,\"name\":\"Home\",\"item\":\"https:\\\/\\\/daisyjames.eu\\\/nl\\\/\"},{\"@type\":\"ListItem\",\"position\":2,\"name\":\"Alle wallcovers\",\"item\":\"https:\\\/\\\/daisyjames.eu\\\/nl\\\/alle-behang\\\/\"},{\"@type\":\"ListItem\",\"position\":3,\"name\":\"The Jumbo\"}]},{\"@type\":\"WebSite\",\"@id\":\"https:\\\/\\\/daisyjames.eu\\\/#website\",\"url\":\"https:\\\/\\\/daisyjames.eu\\\/\",\"name\":\"Daisy James\",\"description\":\"\",\"publisher\":{\"@id\":\"https:\\\/\\\/daisyjames.eu\\\/#organization\"},\"potentialAction\":[{\"@type\":\"SearchAction\",\"target\":{\"@type\":\"EntryPoint\",\"urlTemplate\":\"https:\\\/\\\/daisyjames.eu\\\/?s={search_term_string}\"},\"query-input\":{\"@type\":\"PropertyValueSpecification\",\"valueRequired\":true,\"valueName\":\"search_term_string\"}}],\"inLanguage\":\"nl-NL\"},{\"@type\":\"Organization\",\"@id\":\"https:\\\/\\\/daisyjames.eu\\\/#organization\",\"name\":\"Daisy James\",\"url\":\"https:\\\/\\\/daisyjames.eu\\\/\",\"logo\":{\"@type\":\"ImageObject\",\"inLanguage\":\"nl-NL\",\"@id\":\"https:\\\/\\\/daisyjames.eu\\\/#\\\/schema\\\/logo\\\/image\\\/\",\"url\":\"https:\\\/\\\/daisyjames.eu\\\/wp-content\\\/uploads\\\/2024\\\/09\\\/LogoDJzwart-1.png\",\"contentUrl\":\"https:\\\/\\\/daisyjames.eu\\\/wp-content\\\/uploads\\\/2024\\\/09\\\/LogoDJzwart-1.png\",\"width\":1125,\"height\":199,\"caption\":\"Daisy James\"},\"image\":{\"@id\":\"https:\\\/\\\/daisyjames.eu\\\/#\\\/schema\\\/logo\\\/image\\\/\"},\"sameAs\":[\"https:\\\/\\\/www.facebook.com\\\/Daisyjamesinteriorwallcovering\\\/\",\"https:\\\/\\\/x.com\\\/daisyjamesinterior\",\"https:\\\/\\\/pinterest.com\\\/daisyjameswallcovers\\\/\",\"https:\\\/\\\/nl.linkedin.com\\\/company\\\/d-a-i-s-y-j-a-m-e-s-interior-collection\"]}]}<\/script>\n<!-- \/ Yoast SEO Premium plugin. -->","yoast_head_json":{"title":"The Jumbo Patroon - Behang van daisy james","description":"\"The Jumbo\" behang van daisy james is ge\u00efnspireerd door de heilige berg Mount Meru en de fascinerende grootsheid van olifanten. Dit mystieke ontwerp combineert de majestueuze kracht van olifanten met de rijke symboliek van oude religies voor een betoverend effect in uw ruimte.","robots":{"index":"index","follow":"follow","max-snippet":"max-snippet:-1","max-image-preview":"max-image-preview:large","max-video-preview":"max-video-preview:-1"},"canonical":"https:\/\/daisyjames.eu\/nl\/collections\/the-jumbo\/","schema":{"@context":"https:\/\/schema.org","@graph":[{"@type":"WebPage","@id":"https:\/\/daisyjames.eu\/nl\/collections\/the-jumbo\/","url":"https:\/\/daisyjames.eu\/nl\/collections\/the-jumbo\/","name":"The Jumbo Patroon - Behang van daisy james","isPartOf":{"@id":"https:\/\/daisyjames.eu\/#website"},"primaryImageOfPage":{"@id":"https:\/\/daisyjames.eu\/nl\/collections\/the-jumbo\/#primaryimage"},"image":{"@id":"https:\/\/daisyjames.eu\/nl\/collections\/the-jumbo\/#primaryimage"},"thumbnailUrl":"https:\/\/daisyjames.eu\/wp-content\/uploads\/2024\/07\/dj193-the-jumbo-1-scaled.jpg","datePublished":"2023-06-30T19:51:27+00:00","dateModified":"2025-10-29T12:32:20+00:00","description":"\"The Jumbo\" behang van daisy james is ge\u00efnspireerd door de heilige berg Mount Meru en de fascinerende grootsheid van olifanten. Dit mystieke ontwerp combineert de majestueuze kracht van olifanten met de rijke symboliek van oude religies voor een betoverend effect in uw ruimte.","breadcrumb":{"@id":"https:\/\/daisyjames.eu\/nl\/collections\/the-jumbo\/#breadcrumb"},"inLanguage":"nl-NL","potentialAction":[{"@type":"ReadAction","target":["https:\/\/daisyjames.eu\/nl\/collections\/the-jumbo\/"]}]},{"@type":"ImageObject","inLanguage":"nl-NL","@id":"https:\/\/daisyjames.eu\/nl\/collections\/the-jumbo\/#primaryimage","url":"https:\/\/daisyjames.eu\/wp-content\/uploads\/2024\/07\/dj193-the-jumbo-1-scaled.jpg","contentUrl":"https:\/\/daisyjames.eu\/wp-content\/uploads\/2024\/07\/dj193-the-jumbo-1-scaled.jpg","width":2560,"height":1706},{"@type":"BreadcrumbList","@id":"https:\/\/daisyjames.eu\/nl\/collections\/the-jumbo\/#breadcrumb","itemListElement":[{"@type":"ListItem","position":1,"name":"Home","item":"https:\/\/daisyjames.eu\/nl\/"},{"@type":"ListItem","position":2,"name":"Alle wallcovers","item":"https:\/\/daisyjames.eu\/nl\/alle-behang\/"},{"@type":"ListItem","position":3,"name":"The Jumbo"}]},{"@type":"WebSite","@id":"https:\/\/daisyjames.eu\/#website","url":"https:\/\/daisyjames.eu\/","name":"Daisy James","description":"","publisher":{"@id":"https:\/\/daisyjames.eu\/#organization"},"potentialAction":[{"@type":"SearchAction","target":{"@type":"EntryPoint","urlTemplate":"https:\/\/daisyjames.eu\/?s={search_term_string}"},"query-input":{"@type":"PropertyValueSpecification","valueRequired":true,"valueName":"search_term_string"}}],"inLanguage":"nl-NL"},{"@type":"Organization","@id":"https:\/\/daisyjames.eu\/#organization","name":"Daisy James","url":"https:\/\/daisyjames.eu\/","logo":{"@type":"ImageObject","inLanguage":"nl-NL","@id":"https:\/\/daisyjames.eu\/#\/schema\/logo\/image\/","url":"https:\/\/daisyjames.eu\/wp-content\/uploads\/2024\/09\/LogoDJzwart-1.png","contentUrl":"https:\/\/daisyjames.eu\/wp-content\/uploads\/2024\/09\/LogoDJzwart-1.png","width":1125,"height":199,"caption":"Daisy James"},"image":{"@id":"https:\/\/daisyjames.eu\/#\/schema\/logo\/image\/"},"sameAs":["https:\/\/www.facebook.com\/Daisyjamesinteriorwallcovering\/","https:\/\/x.com\/daisyjamesinterior","https:\/\/pinterest.com\/daisyjameswallcovers\/","https:\/\/nl.linkedin.com\/company\/d-a-i-s-y-j-a-m-e-s-interior-collection"]}]}},"_links":{"self":[{"href":"https:\/\/daisyjames.eu\/nl\/wp-json\/wp\/v2\/product\/15813","targetHints":{"allow":["GET"]}}],"collection":[{"href":"https:\/\/daisyjames.eu\/nl\/wp-json\/wp\/v2\/product"}],"about":[{"href":"https:\/\/daisyjames.eu\/nl\/wp-json\/wp\/v2\/types\/product"}],"replies":[{"embeddable":true,"href":"https:\/\/daisyjames.eu\/nl\/wp-json\/wp\/v2\/comments?post=15813"}],"wp:featuredmedia":[{"embeddable":true,"href":"https:\/\/daisyjames.eu\/nl\/wp-json\/wp\/v2\/media\/15815"}],"wp:attachment":[{"href":"https:\/\/daisyjames.eu\/nl\/wp-json\/wp\/v2\/media?parent=15813"}],"wp:term":[{"taxonomy":"product_brand","embeddable":true,"href":"https:\/\/daisyjames.eu\/nl\/wp-json\/wp\/v2\/product_brand?post=15813"},{"taxonomy":"product_cat","embeddable":true,"href":"https:\/\/daisyjames.eu\/nl\/wp-json\/wp\/v2\/product_cat?post=15813"},{"taxonomy":"product_tag","embeddable":true,"href":"https:\/\/daisyjames.eu\/nl\/wp-json\/wp\/v2\/product_tag?post=15813"}],"curies":[{"name":"wp","href":"https:\/\/api.w.org\/{rel}","templated":true}]}}