
{"id":16446,"date":"2023-06-30T17:58:48","date_gmt":"2023-06-30T17:58:48","guid":{"rendered":"https:\/\/daisyjames.dev001.booom.digital\/collection\/the-cartouche-grey\/"},"modified":"2025-11-03T10:39:37","modified_gmt":"2025-11-03T10:39:37","slug":"the-cartouche-grey","status":"publish","type":"product","link":"https:\/\/daisyjames.eu\/nl\/collections\/the-cartouche-grey\/","title":{"rendered":"The Cartouche Grey"},"content":{"rendered":"","protected":false},"excerpt":{"rendered":"<p>Het behang van <strong>daisy james<\/strong>\u00a0<em>&#8220;The Cartouche Grey&#8221;<\/em> toont de schoonheid van tulpen, met name de unieke Cartouche-vari\u00ebteit met meerdere bloemen op \u00e9\u00e9n steel. Het behang toont deze prachtige bloemen tegen een lichtere achtergrond, wat het een perfecte keuze maakt voor kamers met veel natuurlijk licht door grotere ramen. Geniet van de betoverende aantrekkingskracht van tulpen op uw muren!<\/p>\n","protected":false},"featured_media":16448,"comment_status":"closed","ping_status":"closed","template":"","meta":{"_acf_changed":false},"product_brand":[],"product_cat":[483],"product_tag":[],"class_list":{"0":"post-16446","1":"product","2":"type-product","3":"status-publish","4":"has-post-thumbnail","6":"product_cat-modern-florals-nl","7":"pa_colour-greys-nl","8":"pa_colour-black-nl","9":"pa_colour-black-and-white-nl","10":"pa_theme-leaves-nl","11":"pa_theme-flowers-nl","12":"pa_theme-landscape-nl","13":"pa_theme-nature-nl","15":"first","16":"instock","17":"purchasable","18":"product-type-simple"},"acf":[],"yoast_head":"<!-- This site is optimized with the Yoast SEO Premium plugin v27.3 (Yoast SEO v27.3) - https:\/\/yoast.com\/product\/yoast-seo-premium-wordpress\/ -->\n<title>The Cartouche Grey Bloemen Behang van daisy james<\/title>\n<meta name=\"description\" content=\"&quot;The Cartouche Grey&quot; van daisy james toont de schoonheid van tulpen, met de unieke Cartouche-vari\u00ebteit en meerdere bloemen op \u00e9\u00e9n steel. Dit behang, perfect voor kamers met veel natuurlijk licht, voegt een betoverende aantrekkingskracht toe aan uw ruimte.\" \/>\n<meta name=\"robots\" content=\"index, follow, max-snippet:-1, max-image-preview:large, max-video-preview:-1\" \/>\n<link rel=\"canonical\" href=\"https:\/\/daisyjames.eu\/nl\/collections\/the-cartouche-grey\/\" \/>\n<script type=\"application\/ld+json\" class=\"yoast-schema-graph\">{\"@context\":\"https:\\\/\\\/schema.org\",\"@graph\":[{\"@type\":\"WebPage\",\"@id\":\"https:\\\/\\\/daisyjames.eu\\\/nl\\\/collections\\\/the-cartouche-grey\\\/\",\"url\":\"https:\\\/\\\/daisyjames.eu\\\/nl\\\/collections\\\/the-cartouche-grey\\\/\",\"name\":\"The Cartouche Grey Bloemen Behang van daisy james\",\"isPartOf\":{\"@id\":\"https:\\\/\\\/daisyjames.eu\\\/#website\"},\"primaryImageOfPage\":{\"@id\":\"https:\\\/\\\/daisyjames.eu\\\/nl\\\/collections\\\/the-cartouche-grey\\\/#primaryimage\"},\"image\":{\"@id\":\"https:\\\/\\\/daisyjames.eu\\\/nl\\\/collections\\\/the-cartouche-grey\\\/#primaryimage\"},\"thumbnailUrl\":\"https:\\\/\\\/daisyjames.eu\\\/wp-content\\\/uploads\\\/2024\\\/07\\\/dj177-the-cartouche-grey-1-scaled.jpg\",\"datePublished\":\"2023-06-30T17:58:48+00:00\",\"dateModified\":\"2025-11-03T10:39:37+00:00\",\"description\":\"\\\"The Cartouche Grey\\\" van daisy james toont de schoonheid van tulpen, met de unieke Cartouche-vari\u00ebteit en meerdere bloemen op \u00e9\u00e9n steel. Dit behang, perfect voor kamers met veel natuurlijk licht, voegt een betoverende aantrekkingskracht toe aan uw ruimte.\",\"breadcrumb\":{\"@id\":\"https:\\\/\\\/daisyjames.eu\\\/nl\\\/collections\\\/the-cartouche-grey\\\/#breadcrumb\"},\"inLanguage\":\"nl-NL\",\"potentialAction\":[{\"@type\":\"ReadAction\",\"target\":[\"https:\\\/\\\/daisyjames.eu\\\/nl\\\/collections\\\/the-cartouche-grey\\\/\"]}]},{\"@type\":\"ImageObject\",\"inLanguage\":\"nl-NL\",\"@id\":\"https:\\\/\\\/daisyjames.eu\\\/nl\\\/collections\\\/the-cartouche-grey\\\/#primaryimage\",\"url\":\"https:\\\/\\\/daisyjames.eu\\\/wp-content\\\/uploads\\\/2024\\\/07\\\/dj177-the-cartouche-grey-1-scaled.jpg\",\"contentUrl\":\"https:\\\/\\\/daisyjames.eu\\\/wp-content\\\/uploads\\\/2024\\\/07\\\/dj177-the-cartouche-grey-1-scaled.jpg\",\"width\":2560,\"height\":1706},{\"@type\":\"BreadcrumbList\",\"@id\":\"https:\\\/\\\/daisyjames.eu\\\/nl\\\/collections\\\/the-cartouche-grey\\\/#breadcrumb\",\"itemListElement\":[{\"@type\":\"ListItem\",\"position\":1,\"name\":\"Home\",\"item\":\"https:\\\/\\\/daisyjames.eu\\\/nl\\\/\"},{\"@type\":\"ListItem\",\"position\":2,\"name\":\"Alle wallcovers\",\"item\":\"https:\\\/\\\/daisyjames.eu\\\/nl\\\/alle-behang\\\/\"},{\"@type\":\"ListItem\",\"position\":3,\"name\":\"The Cartouche Grey\"}]},{\"@type\":\"WebSite\",\"@id\":\"https:\\\/\\\/daisyjames.eu\\\/#website\",\"url\":\"https:\\\/\\\/daisyjames.eu\\\/\",\"name\":\"Daisy James\",\"description\":\"\",\"publisher\":{\"@id\":\"https:\\\/\\\/daisyjames.eu\\\/#organization\"},\"potentialAction\":[{\"@type\":\"SearchAction\",\"target\":{\"@type\":\"EntryPoint\",\"urlTemplate\":\"https:\\\/\\\/daisyjames.eu\\\/?s={search_term_string}\"},\"query-input\":{\"@type\":\"PropertyValueSpecification\",\"valueRequired\":true,\"valueName\":\"search_term_string\"}}],\"inLanguage\":\"nl-NL\"},{\"@type\":\"Organization\",\"@id\":\"https:\\\/\\\/daisyjames.eu\\\/#organization\",\"name\":\"Daisy James\",\"url\":\"https:\\\/\\\/daisyjames.eu\\\/\",\"logo\":{\"@type\":\"ImageObject\",\"inLanguage\":\"nl-NL\",\"@id\":\"https:\\\/\\\/daisyjames.eu\\\/#\\\/schema\\\/logo\\\/image\\\/\",\"url\":\"https:\\\/\\\/daisyjames.eu\\\/wp-content\\\/uploads\\\/2024\\\/09\\\/LogoDJzwart-1.png\",\"contentUrl\":\"https:\\\/\\\/daisyjames.eu\\\/wp-content\\\/uploads\\\/2024\\\/09\\\/LogoDJzwart-1.png\",\"width\":1125,\"height\":199,\"caption\":\"Daisy James\"},\"image\":{\"@id\":\"https:\\\/\\\/daisyjames.eu\\\/#\\\/schema\\\/logo\\\/image\\\/\"},\"sameAs\":[\"https:\\\/\\\/www.facebook.com\\\/Daisyjamesinteriorwallcovering\\\/\",\"https:\\\/\\\/x.com\\\/daisyjamesinterior\",\"https:\\\/\\\/pinterest.com\\\/daisyjameswallcovers\\\/\",\"https:\\\/\\\/nl.linkedin.com\\\/company\\\/d-a-i-s-y-j-a-m-e-s-interior-collection\"]}]}<\/script>\n<!-- \/ Yoast SEO Premium plugin. -->","yoast_head_json":{"title":"The Cartouche Grey Bloemen Behang van daisy james","description":"\"The Cartouche Grey\" van daisy james toont de schoonheid van tulpen, met de unieke Cartouche-vari\u00ebteit en meerdere bloemen op \u00e9\u00e9n steel. Dit behang, perfect voor kamers met veel natuurlijk licht, voegt een betoverende aantrekkingskracht toe aan uw ruimte.","robots":{"index":"index","follow":"follow","max-snippet":"max-snippet:-1","max-image-preview":"max-image-preview:large","max-video-preview":"max-video-preview:-1"},"canonical":"https:\/\/daisyjames.eu\/nl\/collections\/the-cartouche-grey\/","schema":{"@context":"https:\/\/schema.org","@graph":[{"@type":"WebPage","@id":"https:\/\/daisyjames.eu\/nl\/collections\/the-cartouche-grey\/","url":"https:\/\/daisyjames.eu\/nl\/collections\/the-cartouche-grey\/","name":"The Cartouche Grey Bloemen Behang van daisy james","isPartOf":{"@id":"https:\/\/daisyjames.eu\/#website"},"primaryImageOfPage":{"@id":"https:\/\/daisyjames.eu\/nl\/collections\/the-cartouche-grey\/#primaryimage"},"image":{"@id":"https:\/\/daisyjames.eu\/nl\/collections\/the-cartouche-grey\/#primaryimage"},"thumbnailUrl":"https:\/\/daisyjames.eu\/wp-content\/uploads\/2024\/07\/dj177-the-cartouche-grey-1-scaled.jpg","datePublished":"2023-06-30T17:58:48+00:00","dateModified":"2025-11-03T10:39:37+00:00","description":"\"The Cartouche Grey\" van daisy james toont de schoonheid van tulpen, met de unieke Cartouche-vari\u00ebteit en meerdere bloemen op \u00e9\u00e9n steel. Dit behang, perfect voor kamers met veel natuurlijk licht, voegt een betoverende aantrekkingskracht toe aan uw ruimte.","breadcrumb":{"@id":"https:\/\/daisyjames.eu\/nl\/collections\/the-cartouche-grey\/#breadcrumb"},"inLanguage":"nl-NL","potentialAction":[{"@type":"ReadAction","target":["https:\/\/daisyjames.eu\/nl\/collections\/the-cartouche-grey\/"]}]},{"@type":"ImageObject","inLanguage":"nl-NL","@id":"https:\/\/daisyjames.eu\/nl\/collections\/the-cartouche-grey\/#primaryimage","url":"https:\/\/daisyjames.eu\/wp-content\/uploads\/2024\/07\/dj177-the-cartouche-grey-1-scaled.jpg","contentUrl":"https:\/\/daisyjames.eu\/wp-content\/uploads\/2024\/07\/dj177-the-cartouche-grey-1-scaled.jpg","width":2560,"height":1706},{"@type":"BreadcrumbList","@id":"https:\/\/daisyjames.eu\/nl\/collections\/the-cartouche-grey\/#breadcrumb","itemListElement":[{"@type":"ListItem","position":1,"name":"Home","item":"https:\/\/daisyjames.eu\/nl\/"},{"@type":"ListItem","position":2,"name":"Alle wallcovers","item":"https:\/\/daisyjames.eu\/nl\/alle-behang\/"},{"@type":"ListItem","position":3,"name":"The Cartouche Grey"}]},{"@type":"WebSite","@id":"https:\/\/daisyjames.eu\/#website","url":"https:\/\/daisyjames.eu\/","name":"Daisy James","description":"","publisher":{"@id":"https:\/\/daisyjames.eu\/#organization"},"potentialAction":[{"@type":"SearchAction","target":{"@type":"EntryPoint","urlTemplate":"https:\/\/daisyjames.eu\/?s={search_term_string}"},"query-input":{"@type":"PropertyValueSpecification","valueRequired":true,"valueName":"search_term_string"}}],"inLanguage":"nl-NL"},{"@type":"Organization","@id":"https:\/\/daisyjames.eu\/#organization","name":"Daisy James","url":"https:\/\/daisyjames.eu\/","logo":{"@type":"ImageObject","inLanguage":"nl-NL","@id":"https:\/\/daisyjames.eu\/#\/schema\/logo\/image\/","url":"https:\/\/daisyjames.eu\/wp-content\/uploads\/2024\/09\/LogoDJzwart-1.png","contentUrl":"https:\/\/daisyjames.eu\/wp-content\/uploads\/2024\/09\/LogoDJzwart-1.png","width":1125,"height":199,"caption":"Daisy James"},"image":{"@id":"https:\/\/daisyjames.eu\/#\/schema\/logo\/image\/"},"sameAs":["https:\/\/www.facebook.com\/Daisyjamesinteriorwallcovering\/","https:\/\/x.com\/daisyjamesinterior","https:\/\/pinterest.com\/daisyjameswallcovers\/","https:\/\/nl.linkedin.com\/company\/d-a-i-s-y-j-a-m-e-s-interior-collection"]}]}},"_links":{"self":[{"href":"https:\/\/daisyjames.eu\/nl\/wp-json\/wp\/v2\/product\/16446","targetHints":{"allow":["GET"]}}],"collection":[{"href":"https:\/\/daisyjames.eu\/nl\/wp-json\/wp\/v2\/product"}],"about":[{"href":"https:\/\/daisyjames.eu\/nl\/wp-json\/wp\/v2\/types\/product"}],"replies":[{"embeddable":true,"href":"https:\/\/daisyjames.eu\/nl\/wp-json\/wp\/v2\/comments?post=16446"}],"wp:featuredmedia":[{"embeddable":true,"href":"https:\/\/daisyjames.eu\/nl\/wp-json\/wp\/v2\/media\/16448"}],"wp:attachment":[{"href":"https:\/\/daisyjames.eu\/nl\/wp-json\/wp\/v2\/media?parent=16446"}],"wp:term":[{"taxonomy":"product_brand","embeddable":true,"href":"https:\/\/daisyjames.eu\/nl\/wp-json\/wp\/v2\/product_brand?post=16446"},{"taxonomy":"product_cat","embeddable":true,"href":"https:\/\/daisyjames.eu\/nl\/wp-json\/wp\/v2\/product_cat?post=16446"},{"taxonomy":"product_tag","embeddable":true,"href":"https:\/\/daisyjames.eu\/nl\/wp-json\/wp\/v2\/product_tag?post=16446"}],"curies":[{"name":"wp","href":"https:\/\/api.w.org\/{rel}","templated":true}]}}